{"id":1237,"date":"2019-11-11T19:29:38","date_gmt":"2019-11-11T18:29:38","guid":{"rendered":"https:\/\/www.terredesetoiles.net\/ecocamp\/?page_id=1237"},"modified":"2020-03-31T12:43:02","modified_gmt":"2020-03-31T10:43:02","slug":"de-balade-a-cheval","status":"publish","type":"page","link":"https:\/\/www.terredesetoiles.net\/ecocamp\/de-balade-a-cheval\/","title":{"rendered":"Ausritt"},"content":{"rendered":"<p>Erkunden Sie die beeindruckende W\u00fcstenlandschaft bei Marrakesch auf dem R\u00fccken eines Pferdes. Ein belebendes Gef\u00fchl von Freiheit.<\/p>\n<p>Am sp\u00e4teren Nachmittag beginnt der Ausritt bei dem besonderen Licht der langsam untergehenden Sonne, um \u00fcber au\u00dfergew\u00f6hnliche Pisten die W\u00fcste von Agafay zu erkunden. Das Camp hat jetzt einen eigenen Stall, unser Reitlehrer wird Sie als Guide begleiten und die Route an Ihr K\u00f6nnen anpassen. Dieses einzigartige Erlebnis wird Sie f\u00fcr ein paar Stunden in die Kulisse von wundervollen Geschichten \u00fcber Reiter des Orients entf\u00fchren &#8230;<\/p>\n<p>Der Ausritt mit Reitlehrer f\u00fcr Anf\u00e4nger dauert ca. 1 Stunde und 2 f\u00fcr erfahrene Reiter. F\u00fcr erfahrene Reiter kann auch ein Tagesausflug organisiert werden.<br \/>\nAll unsere Aktivit\u00e4ten richten sich ausschlie\u00dflich an unsere G\u00e4ste (aus dem Restaurant oder den Unterk\u00fcnften).<\/p>\n<div data-carousel-extra='{\"blog_id\":1,\"permalink\":\"https:\\\/\\\/www.terredesetoiles.net\\\/ecocamp\\\/de-balade-a-cheval\\\/\",\"likes_blog_id\":false}' id='gallery-1' class='gallery galleryid-1237 gallery-columns-6 gallery-size-thumbnail'><figure class='gallery-item'>\n\t\t\t<div class='gallery-icon landscape'>\n\t\t\t\t<a href='https:\/\/www.terredesetoiles.net\/ecocamp\/balade-a-cheval\/balade-a-cheval-ecotourisme-maroc-1\/'><img width=\"300\" height=\"300\" src=\"https:\/\/www.terredesetoiles.net\/ecocamp\/wp-content\/uploads\/2019\/09\/balade-a-cheval-ecotourisme-maroc-1-300x300.jpg\" class=\"attachment-thumbnail size-thumbnail\" alt=\"Balade \u00e0 Cheval Ecotourisme Maroc\" decoding=\"async\" loading=\"lazy\" data-attachment-id=\"992\" data-orig-file=\"https:\/\/www.terredesetoiles.net\/ecocamp\/wp-content\/uploads\/2019\/09\/balade-a-cheval-ecotourisme-maroc-1.jpg\" data-orig-size=\"1280,960\" data-comments-opened=\"0\" data-image-meta=\"{&quot;aperture&quot;:&quot;0&quot;,&quot;credit&quot;:&quot;&quot;,&quot;camera&quot;:&quot;&quot;,&quot;caption&quot;:&quot;&quot;,&quot;created_timestamp&quot;:&quot;0&quot;,&quot;copyright&quot;:&quot;&quot;,&quot;focal_length&quot;:&quot;0&quot;,&quot;iso&quot;:&quot;0&quot;,&quot;shutter_speed&quot;:&quot;0&quot;,&quot;title&quot;:&quot;&quot;,&quot;orientation&quot;:&quot;0&quot;,&quot;keywords&quot;:&quot;Array&quot;}\" data-image-title=\"Balade \u00e0 Cheval Ecotourisme Maroc\" data-image-description=\"\" data-medium-file=\"https:\/\/www.terredesetoiles.net\/ecocamp\/wp-content\/uploads\/2019\/09\/balade-a-cheval-ecotourisme-maroc-1-450x338.jpg\" data-large-file=\"https:\/\/www.terredesetoiles.net\/ecocamp\/wp-content\/uploads\/2019\/09\/balade-a-cheval-ecotourisme-maroc-1-1024x768.jpg\" \/><\/a>\n\t\t\t<\/div><\/figure><figure class='gallery-item'>\n\t\t\t<div class='gallery-icon landscape'>\n\t\t\t\t<a href='https:\/\/www.terredesetoiles.net\/ecocamp\/balade-a-cheval\/balade-a-cheval-ecotourisme-maroc-4\/'><img width=\"300\" height=\"300\" src=\"https:\/\/www.terredesetoiles.net\/ecocamp\/wp-content\/uploads\/2019\/09\/balade-a-cheval-ecotourisme-maroc-4-300x300.jpg\" class=\"attachment-thumbnail size-thumbnail\" alt=\"Balade \u00e0 Cheval Ecotourisme Maroc\" decoding=\"async\" loading=\"lazy\" data-attachment-id=\"995\" data-orig-file=\"https:\/\/www.terredesetoiles.net\/ecocamp\/wp-content\/uploads\/2019\/09\/balade-a-cheval-ecotourisme-maroc-4.jpg\" data-orig-size=\"1280,853\" data-comments-opened=\"0\" data-image-meta=\"{&quot;aperture&quot;:&quot;0&quot;,&quot;credit&quot;:&quot;&quot;,&quot;camera&quot;:&quot;&quot;,&quot;caption&quot;:&quot;&quot;,&quot;created_timestamp&quot;:&quot;0&quot;,&quot;copyright&quot;:&quot;&quot;,&quot;focal_length&quot;:&quot;0&quot;,&quot;iso&quot;:&quot;0&quot;,&quot;shutter_speed&quot;:&quot;0&quot;,&quot;title&quot;:&quot;&quot;,&quot;orientation&quot;:&quot;0&quot;,&quot;keywords&quot;:&quot;Array&quot;}\" data-image-title=\"Balade \u00e0 Cheval Ecotourisme Maroc\" data-image-description=\"\" data-medium-file=\"https:\/\/www.terredesetoiles.net\/ecocamp\/wp-content\/uploads\/2019\/09\/balade-a-cheval-ecotourisme-maroc-4-450x300.jpg\" data-large-file=\"https:\/\/www.terredesetoiles.net\/ecocamp\/wp-content\/uploads\/2019\/09\/balade-a-cheval-ecotourisme-maroc-4-1024x682.jpg\" \/><\/a>\n\t\t\t<\/div><\/figure><figure class='gallery-item'>\n\t\t\t<div class='gallery-icon landscape'>\n\t\t\t\t<a href='https:\/\/www.terredesetoiles.net\/ecocamp\/balade-a-cheval\/balade-a-cheval-ecotourisme-maroc-2\/'><img width=\"300\" height=\"300\" src=\"https:\/\/www.terredesetoiles.net\/ecocamp\/wp-content\/uploads\/2019\/09\/balade-a-cheval-ecotourisme-maroc-2-300x300.jpg\" class=\"attachment-thumbnail size-thumbnail\" alt=\"Balade \u00e0 Cheval Ecotourisme Maroc\" decoding=\"async\" loading=\"lazy\" srcset=\"https:\/\/www.terredesetoiles.net\/ecocamp\/wp-content\/uploads\/2019\/09\/balade-a-cheval-ecotourisme-maroc-2-300x300.jpg 300w, https:\/\/www.terredesetoiles.net\/ecocamp\/wp-content\/uploads\/2019\/09\/balade-a-cheval-ecotourisme-maroc-2-450x450.jpg 450w, https:\/\/www.terredesetoiles.net\/ecocamp\/wp-content\/uploads\/2019\/09\/balade-a-cheval-ecotourisme-maroc-2-768x768.jpg 768w, https:\/\/www.terredesetoiles.net\/ecocamp\/wp-content\/uploads\/2019\/09\/balade-a-cheval-ecotourisme-maroc-2-1024x1024.jpg 1024w, https:\/\/www.terredesetoiles.net\/ecocamp\/wp-content\/uploads\/2019\/09\/balade-a-cheval-ecotourisme-maroc-2.jpg 1280w\" sizes=\"(max-width: 300px) 100vw, 300px\" data-attachment-id=\"993\" data-orig-file=\"https:\/\/www.terredesetoiles.net\/ecocamp\/wp-content\/uploads\/2019\/09\/balade-a-cheval-ecotourisme-maroc-2.jpg\" data-orig-size=\"1280,1280\" data-comments-opened=\"0\" data-image-meta=\"{&quot;aperture&quot;:&quot;0&quot;,&quot;credit&quot;:&quot;&quot;,&quot;camera&quot;:&quot;&quot;,&quot;caption&quot;:&quot;&quot;,&quot;created_timestamp&quot;:&quot;0&quot;,&quot;copyright&quot;:&quot;&quot;,&quot;focal_length&quot;:&quot;0&quot;,&quot;iso&quot;:&quot;0&quot;,&quot;shutter_speed&quot;:&quot;0&quot;,&quot;title&quot;:&quot;&quot;,&quot;orientation&quot;:&quot;0&quot;,&quot;keywords&quot;:&quot;Array&quot;}\" data-image-title=\"Balade \u00e0 Cheval Ecotourisme Maroc\" data-image-description=\"\" data-medium-file=\"https:\/\/www.terredesetoiles.net\/ecocamp\/wp-content\/uploads\/2019\/09\/balade-a-cheval-ecotourisme-maroc-2-450x450.jpg\" data-large-file=\"https:\/\/www.terredesetoiles.net\/ecocamp\/wp-content\/uploads\/2019\/09\/balade-a-cheval-ecotourisme-maroc-2-1024x1024.jpg\" \/><\/a>\n\t\t\t<\/div><\/figure><figure class='gallery-item'>\n\t\t\t<div class='gallery-icon landscape'>\n\t\t\t\t<a href='https:\/\/www.terredesetoiles.net\/ecocamp\/balade-a-cheval\/balade-a-cheval-ecotourisme-maroc-3\/'><img width=\"300\" height=\"300\" src=\"https:\/\/www.terredesetoiles.net\/ecocamp\/wp-content\/uploads\/2019\/09\/balade-a-cheval-ecotourisme-maroc-3-300x300.png\" class=\"attachment-thumbnail size-thumbnail\" alt=\"Balade \u00e0 Cheval Ecotourisme Maroc\" decoding=\"async\" loading=\"lazy\" data-attachment-id=\"994\" data-orig-file=\"https:\/\/www.terredesetoiles.net\/ecocamp\/wp-content\/uploads\/2019\/09\/balade-a-cheval-ecotourisme-maroc-3.png\" data-orig-size=\"990,660\" data-comments-opened=\"0\" data-image-meta=\"{&quot;aperture&quot;:&quot;0&quot;,&quot;credit&quot;:&quot;&quot;,&quot;camera&quot;:&quot;&quot;,&quot;caption&quot;:&quot;&quot;,&quot;created_timestamp&quot;:&quot;0&quot;,&quot;copyright&quot;:&quot;&quot;,&quot;focal_length&quot;:&quot;0&quot;,&quot;iso&quot;:&quot;0&quot;,&quot;shutter_speed&quot;:&quot;0&quot;,&quot;title&quot;:&quot;&quot;,&quot;orientation&quot;:&quot;0&quot;,&quot;keywords&quot;:&quot;Array&quot;}\" data-image-title=\"Balade \u00e0 Cheval Ecotourisme Maroc\" data-image-description=\"\" data-medium-file=\"https:\/\/www.terredesetoiles.net\/ecocamp\/wp-content\/uploads\/2019\/09\/balade-a-cheval-ecotourisme-maroc-3-450x300.png\" data-large-file=\"https:\/\/www.terredesetoiles.net\/ecocamp\/wp-content\/uploads\/2019\/09\/balade-a-cheval-ecotourisme-maroc-3.png\" \/><\/a>\n\t\t\t<\/div><\/figure><figure class='gallery-item'>\n\t\t\t<div class='gallery-icon portrait'>\n\t\t\t\t<a href='https:\/\/www.terredesetoiles.net\/ecocamp\/balade-a-cheval\/balade-a-cheval-ecotourisme-maroc-5\/'><img width=\"300\" height=\"300\" src=\"https:\/\/www.terredesetoiles.net\/ecocamp\/wp-content\/uploads\/2019\/09\/balade-a-cheval-ecotourisme-maroc-5-300x300.jpg\" class=\"attachment-thumbnail size-thumbnail\" alt=\"Balade \u00e0 Cheval Ecotourisme Maroc\" decoding=\"async\" loading=\"lazy\" data-attachment-id=\"996\" data-orig-file=\"https:\/\/www.terredesetoiles.net\/ecocamp\/wp-content\/uploads\/2019\/09\/balade-a-cheval-ecotourisme-maroc-5.jpg\" data-orig-size=\"888,1333\" data-comments-opened=\"0\" data-image-meta=\"{&quot;aperture&quot;:&quot;0&quot;,&quot;credit&quot;:&quot;&quot;,&quot;camera&quot;:&quot;&quot;,&quot;caption&quot;:&quot;&quot;,&quot;created_timestamp&quot;:&quot;0&quot;,&quot;copyright&quot;:&quot;&quot;,&quot;focal_length&quot;:&quot;0&quot;,&quot;iso&quot;:&quot;0&quot;,&quot;shutter_speed&quot;:&quot;0&quot;,&quot;title&quot;:&quot;&quot;,&quot;orientation&quot;:&quot;0&quot;,&quot;keywords&quot;:&quot;Array&quot;}\" data-image-title=\"Balade \u00e0 Cheval Ecotourisme Maroc\" data-image-description=\"\" data-medium-file=\"https:\/\/www.terredesetoiles.net\/ecocamp\/wp-content\/uploads\/2019\/09\/balade-a-cheval-ecotourisme-maroc-5-300x450.jpg\" data-large-file=\"https:\/\/www.terredesetoiles.net\/ecocamp\/wp-content\/uploads\/2019\/09\/balade-a-cheval-ecotourisme-maroc-5-682x1024.jpg\" \/><\/a>\n\t\t\t<\/div><\/figure><figure class='gallery-item'>\n\t\t\t<div class='gallery-icon landscape'>\n\t\t\t\t<a href='https:\/\/www.terredesetoiles.net\/ecocamp\/balade-a-cheval\/balade-a-cheval-ecotourisme-maroc-6\/'><img width=\"300\" height=\"300\" src=\"https:\/\/www.terredesetoiles.net\/ecocamp\/wp-content\/uploads\/2019\/09\/balade-a-cheval-ecotourisme-maroc-6-300x300.jpg\" class=\"attachment-thumbnail size-thumbnail\" alt=\"Balade \u00e0 Cheval Ecotourisme Maroc\" decoding=\"async\" loading=\"lazy\" data-attachment-id=\"997\" data-orig-file=\"https:\/\/www.terredesetoiles.net\/ecocamp\/wp-content\/uploads\/2019\/09\/balade-a-cheval-ecotourisme-maroc-6.jpg\" data-orig-size=\"800,600\" data-comments-opened=\"0\" data-image-meta=\"{&quot;aperture&quot;:&quot;0&quot;,&quot;credit&quot;:&quot;&quot;,&quot;camera&quot;:&quot;&quot;,&quot;caption&quot;:&quot;&quot;,&quot;created_timestamp&quot;:&quot;0&quot;,&quot;copyright&quot;:&quot;&quot;,&quot;focal_length&quot;:&quot;0&quot;,&quot;iso&quot;:&quot;0&quot;,&quot;shutter_speed&quot;:&quot;0&quot;,&quot;title&quot;:&quot;&quot;,&quot;orientation&quot;:&quot;0&quot;,&quot;keywords&quot;:&quot;Array&quot;}\" data-image-title=\"Balade \u00e0 Cheval Ecotourisme Maroc\" data-image-description=\"\" data-medium-file=\"https:\/\/www.terredesetoiles.net\/ecocamp\/wp-content\/uploads\/2019\/09\/balade-a-cheval-ecotourisme-maroc-6-450x338.jpg\" data-large-file=\"https:\/\/www.terredesetoiles.net\/ecocamp\/wp-content\/uploads\/2019\/09\/balade-a-cheval-ecotourisme-maroc-6.jpg\" \/><\/a>\n\t\t\t<\/div><\/figure>\n\t\t<\/div>\n\n<blockquote class=\"trans\">\n<h6><i class=\"fa fa-cab\">\u00a0<\/i>TRANSPORT<\/h6>\n<p>F\u00fcr einen Shuttle ab\/nach Marrakesch wenden Sie sich bitte an uns (4 Fahrg\u00e4ste 750 Dh hin und zur\u00fcck)<\/p><\/blockquote>\n","protected":false},"excerpt":{"rendered":"<p>Erkunden Sie die beeindruckende W\u00fcstenlandschaft bei Marrakesch auf dem R\u00fccken eines Pferdes. Ein belebendes Gef\u00fchl von Freiheit. Am sp\u00e4teren Nachmittag [&hellip;]<\/p>\n","protected":false},"author":1,"featured_media":995,"parent":0,"menu_order":0,"comment_status":"closed","ping_status":"closed","template":"page-templates\/package.php","meta":[],"language":[9],"acf":[],"_links":{"self":[{"href":"https:\/\/www.terredesetoiles.net\/ecocamp\/wp-json\/wp\/v2\/pages\/1237"}],"collection":[{"href":"https:\/\/www.terredesetoiles.net\/ecocamp\/wp-json\/wp\/v2\/pages"}],"about":[{"href":"https:\/\/www.terredesetoiles.net\/ecocamp\/wp-json\/wp\/v2\/types\/page"}],"author":[{"embeddable":true,"href":"https:\/\/www.terredesetoiles.net\/ecocamp\/wp-json\/wp\/v2\/users\/1"}],"replies":[{"embeddable":true,"href":"https:\/\/www.terredesetoiles.net\/ecocamp\/wp-json\/wp\/v2\/comments?post=1237"}],"version-history":[{"count":0,"href":"https:\/\/www.terredesetoiles.net\/ecocamp\/wp-json\/wp\/v2\/pages\/1237\/revisions"}],"wp:featuredmedia":[{"embeddable":true,"href":"https:\/\/www.terredesetoiles.net\/ecocamp\/wp-json\/wp\/v2\/media\/995"}],"wp:attachment":[{"href":"https:\/\/www.terredesetoiles.net\/ecocamp\/wp-json\/wp\/v2\/media?parent=1237"}],"wp:term":[{"taxonomy":"language","embeddable":true,"href":"https:\/\/www.terredesetoiles.net\/ecocamp\/wp-json\/wp\/v2\/language?post=1237"}],"curies":[{"name":"wp","href":"https:\/\/api.w.org\/{rel}","templated":true}]}}