{"id":1463,"date":"2019-11-11T20:06:26","date_gmt":"2019-11-11T19:06:26","guid":{"rendered":"https:\/\/www.terredesetoiles.net\/ecocamp\/?page_id=1463"},"modified":"2020-03-31T15:04:10","modified_gmt":"2020-03-31T13:04:10","slug":"de-seminaire-dentreprise","status":"publish","type":"page","link":"https:\/\/www.terredesetoiles.net\/ecocamp\/de-seminaire-dentreprise\/","title":{"rendered":"Seminare f\u00fcr Unternehmen"},"content":{"rendered":"<p>Das Terre des \u00c9toils, inmitten der steinigen W\u00fcste von Agafay, stellt Ihnen seine inspirierende Anlagen f\u00fcr Ihre Seminare und gesch\u00e4ftlichen Events zur Verf\u00fcgung.<\/p>\n<p>Der Gr\u00fcnder des Terre des Etoiles, Pierre-Yves Marais, ist \u00e4u\u00dferst erfahren in der Organisation von gesch\u00e4ftlichen Veranstaltungen, Incentive und MICE.<\/p>\n<p>Hier finden Sie die erforderliche Infrastruktur f\u00fcr Ihre Tagungen und nebenbei bietet Ihnen das Camp viel Ruhe und zahlreiche M\u00f6glichkeiten zur Erholung.<br \/>\nAu\u00dferdem k\u00f6nnen alle Teilnehmer sich an einem wahren Erlebnis in der W\u00fcste erfreuen, indem Sie wandern, Einheimischen aus der Umgebung begegnen oder eine Radtour mit dem Mountainbike machen.<br \/>\nDen etwas ruhigeren Teilnehmern k\u00f6nnen Yogastunden und andere Wellness-Aktivit\u00e4ten geboten werden.<\/p>\n<div data-carousel-extra='{\"blog_id\":1,\"permalink\":\"https:\\\/\\\/www.terredesetoiles.net\\\/ecocamp\\\/de-seminaire-dentreprise\\\/\",\"likes_blog_id\":false}' id='gallery-1' class='gallery galleryid-1463 gallery-columns-6 gallery-size-thumbnail'><figure class='gallery-item'>\n\t\t\t<div class='gallery-icon landscape'>\n\t\t\t\t<a href='https:\/\/www.terredesetoiles.net\/ecocamp\/seminaire-dentreprise\/pleniere_seminaire_reunion_tente_desert_agafay\/'><img width=\"300\" height=\"300\" src=\"https:\/\/www.terredesetoiles.net\/ecocamp\/wp-content\/uploads\/2020\/01\/pleniere_seminaire_reunion_tente_desert_Agafay-300x300.jpg\" class=\"attachment-thumbnail size-thumbnail\" alt=\"pleniere_seminaire_reunion_tente_desert_Agafay\" decoding=\"async\" loading=\"lazy\" data-attachment-id=\"2413\" data-orig-file=\"https:\/\/www.terredesetoiles.net\/ecocamp\/wp-content\/uploads\/2020\/01\/pleniere_seminaire_reunion_tente_desert_Agafay-e1579706222647.jpg\" data-orig-size=\"1280,837\" data-comments-opened=\"0\" data-image-meta=\"{&quot;aperture&quot;:&quot;9&quot;,&quot;credit&quot;:&quot;PHOTOGRAPHY DAMOUSS&quot;,&quot;camera&quot;:&quot;Canon EOS 5D Mark III&quot;,&quot;caption&quot;:&quot;&quot;,&quot;created_timestamp&quot;:&quot;1551172435&quot;,&quot;copyright&quot;:&quot;&quot;,&quot;focal_length&quot;:&quot;17&quot;,&quot;iso&quot;:&quot;100&quot;,&quot;shutter_speed&quot;:&quot;0.5&quot;,&quot;title&quot;:&quot;&quot;,&quot;orientation&quot;:&quot;1&quot;,&quot;keywords&quot;:&quot;Array&quot;}\" data-image-title=\"pleniere_seminaire_reunion_tente_desert_Agafay\" data-image-description=\"\" data-medium-file=\"https:\/\/www.terredesetoiles.net\/ecocamp\/wp-content\/uploads\/2020\/01\/pleniere_seminaire_reunion_tente_desert_Agafay-450x294.jpg\" data-large-file=\"https:\/\/www.terredesetoiles.net\/ecocamp\/wp-content\/uploads\/2020\/01\/pleniere_seminaire_reunion_tente_desert_Agafay-1024x670.jpg\" \/><\/a>\n\t\t\t<\/div><\/figure><figure class='gallery-item'>\n\t\t\t<div class='gallery-icon landscape'>\n\t\t\t\t<a href='https:\/\/www.terredesetoiles.net\/ecocamp\/seminaire-dentreprise\/vue-dos\/'><img width=\"300\" height=\"300\" src=\"https:\/\/www.terredesetoiles.net\/ecocamp\/wp-content\/uploads\/2020\/01\/vue-dos-300x300.jpg\" class=\"attachment-thumbnail size-thumbnail\" alt=\"Vue d\u00e9sert Agafay tente pl\u00e9ni\u00e8re Marrakech\" decoding=\"async\" loading=\"lazy\" data-attachment-id=\"2416\" data-orig-file=\"https:\/\/www.terredesetoiles.net\/ecocamp\/wp-content\/uploads\/2020\/01\/vue-dos-e1579706250298.jpg\" data-orig-size=\"1280,782\" data-comments-opened=\"0\" data-image-meta=\"{&quot;aperture&quot;:&quot;9&quot;,&quot;credit&quot;:&quot;PHOTOGRAPHY DAMOUSS&quot;,&quot;camera&quot;:&quot;Canon EOS 5D Mark III&quot;,&quot;caption&quot;:&quot;&quot;,&quot;created_timestamp&quot;:&quot;1551175414&quot;,&quot;copyright&quot;:&quot;&quot;,&quot;focal_length&quot;:&quot;40&quot;,&quot;iso&quot;:&quot;100&quot;,&quot;shutter_speed&quot;:&quot;0.005&quot;,&quot;title&quot;:&quot;&quot;,&quot;orientation&quot;:&quot;1&quot;,&quot;keywords&quot;:&quot;Array&quot;}\" data-image-title=\"Vue d\u00e9sert Agafay tente pl\u00e9ni\u00e8re Marrakech\" data-image-description=\"\" data-medium-file=\"https:\/\/www.terredesetoiles.net\/ecocamp\/wp-content\/uploads\/2020\/01\/vue-dos-450x275.jpg\" data-large-file=\"https:\/\/www.terredesetoiles.net\/ecocamp\/wp-content\/uploads\/2020\/01\/vue-dos-1024x626.jpg\" \/><\/a>\n\t\t\t<\/div><\/figure><figure class='gallery-item'>\n\t\t\t<div class='gallery-icon landscape'>\n\t\t\t\t<a href='https:\/\/www.terredesetoiles.net\/ecocamp\/seminaire-dentreprise\/seminaire-entreprise-desert-marrakech-maroc-terredesetoiles-6\/'><img width=\"300\" height=\"300\" src=\"https:\/\/www.terredesetoiles.net\/ecocamp\/wp-content\/uploads\/2019\/09\/seminaire-entreprise-desert-marrakech-maroc-terredesetoiles-6-300x300.jpg\" class=\"attachment-thumbnail size-thumbnail\" alt=\"Seminaire entreprise desert marrakech maroc Terre des Etoiles\" decoding=\"async\" loading=\"lazy\" data-attachment-id=\"789\" data-orig-file=\"https:\/\/www.terredesetoiles.net\/ecocamp\/wp-content\/uploads\/2019\/09\/seminaire-entreprise-desert-marrakech-maroc-terredesetoiles-6.jpg\" data-orig-size=\"1280,852\" data-comments-opened=\"0\" data-image-meta=\"{&quot;aperture&quot;:&quot;0&quot;,&quot;credit&quot;:&quot;&quot;,&quot;camera&quot;:&quot;&quot;,&quot;caption&quot;:&quot;&quot;,&quot;created_timestamp&quot;:&quot;0&quot;,&quot;copyright&quot;:&quot;&quot;,&quot;focal_length&quot;:&quot;0&quot;,&quot;iso&quot;:&quot;0&quot;,&quot;shutter_speed&quot;:&quot;0&quot;,&quot;title&quot;:&quot;&quot;,&quot;orientation&quot;:&quot;0&quot;,&quot;keywords&quot;:&quot;Array&quot;}\" data-image-title=\"Seminaire entreprise desert marrakech maroc Terre des Etoiles\" data-image-description=\"\" data-medium-file=\"https:\/\/www.terredesetoiles.net\/ecocamp\/wp-content\/uploads\/2019\/09\/seminaire-entreprise-desert-marrakech-maroc-terredesetoiles-6-450x300.jpg\" data-large-file=\"https:\/\/www.terredesetoiles.net\/ecocamp\/wp-content\/uploads\/2019\/09\/seminaire-entreprise-desert-marrakech-maroc-terredesetoiles-6-1024x682.jpg\" \/><\/a>\n\t\t\t<\/div><\/figure><figure class='gallery-item'>\n\t\t\t<div class='gallery-icon landscape'>\n\t\t\t\t<a href='https:\/\/www.terredesetoiles.net\/ecocamp\/seminaire-dentreprise\/vue-ensemble-tente-pleniere-reunion-agafay\/'><img width=\"300\" height=\"300\" src=\"https:\/\/www.terredesetoiles.net\/ecocamp\/wp-content\/uploads\/2020\/01\/vue-ensemble-tente-pleniere-reunion-Agafay-300x300.jpg\" class=\"attachment-thumbnail size-thumbnail\" alt=\"vue ensemble seminaire tente pleniere reunion Agafay\" decoding=\"async\" loading=\"lazy\" data-attachment-id=\"2415\" data-orig-file=\"https:\/\/www.terredesetoiles.net\/ecocamp\/wp-content\/uploads\/2020\/01\/vue-ensemble-tente-pleniere-reunion-Agafay-e1579706143392.jpg\" data-orig-size=\"1280,704\" data-comments-opened=\"0\" data-image-meta=\"{&quot;aperture&quot;:&quot;9&quot;,&quot;credit&quot;:&quot;PHOTOGRAPHY DAMOUSS&quot;,&quot;camera&quot;:&quot;Canon EOS 5D Mark III&quot;,&quot;caption&quot;:&quot;&quot;,&quot;created_timestamp&quot;:&quot;1551175925&quot;,&quot;copyright&quot;:&quot;&quot;,&quot;focal_length&quot;:&quot;17&quot;,&quot;iso&quot;:&quot;100&quot;,&quot;shutter_speed&quot;:&quot;0.004&quot;,&quot;title&quot;:&quot;&quot;,&quot;orientation&quot;:&quot;1&quot;,&quot;keywords&quot;:&quot;Array&quot;}\" data-image-title=\"vue ensemble tente pleniere reunion Agafay\" data-image-description=\"\" data-medium-file=\"https:\/\/www.terredesetoiles.net\/ecocamp\/wp-content\/uploads\/2020\/01\/vue-ensemble-tente-pleniere-reunion-Agafay-450x247.jpg\" data-large-file=\"https:\/\/www.terredesetoiles.net\/ecocamp\/wp-content\/uploads\/2020\/01\/vue-ensemble-tente-pleniere-reunion-Agafay-1024x563.jpg\" \/><\/a>\n\t\t\t<\/div><\/figure><figure class='gallery-item'>\n\t\t\t<div class='gallery-icon landscape'>\n\t\t\t\t<a href='https:\/\/www.terredesetoiles.net\/ecocamp\/seminaire-dentreprise\/pause-cafe-desert-agafay-terre-des-etoiles\/'><img width=\"300\" height=\"300\" src=\"https:\/\/www.terredesetoiles.net\/ecocamp\/wp-content\/uploads\/2020\/01\/Pause-Cafe\u0301-De\u0301sert-Agafay-terre-des-Etoiles-300x300.jpg\" class=\"attachment-thumbnail size-thumbnail\" alt=\"Pause Cafe\u0301 De\u0301sert Agafay terre des Etoiles\" decoding=\"async\" loading=\"lazy\" data-attachment-id=\"2421\" data-orig-file=\"https:\/\/www.terredesetoiles.net\/ecocamp\/wp-content\/uploads\/2020\/01\/Pause-Cafe\u0301-De\u0301sert-Agafay-terre-des-Etoiles-e1579707087398.jpg\" data-orig-size=\"1280,826\" data-comments-opened=\"0\" data-image-meta=\"{&quot;aperture&quot;:&quot;8&quot;,&quot;credit&quot;:&quot;PHOTOGRAPHY DAMOUSS&quot;,&quot;camera&quot;:&quot;Canon EOS 5D Mark III&quot;,&quot;caption&quot;:&quot;&quot;,&quot;created_timestamp&quot;:&quot;1551173654&quot;,&quot;copyright&quot;:&quot;&quot;,&quot;focal_length&quot;:&quot;31&quot;,&quot;iso&quot;:&quot;100&quot;,&quot;shutter_speed&quot;:&quot;0.00625&quot;,&quot;title&quot;:&quot;&quot;,&quot;orientation&quot;:&quot;1&quot;,&quot;keywords&quot;:&quot;Array&quot;}\" data-image-title=\"Pause Cafe\u0301 De\u0301sert Agafay terre des Etoiles\" data-image-description=\"\" data-medium-file=\"https:\/\/www.terredesetoiles.net\/ecocamp\/wp-content\/uploads\/2020\/01\/Pause-Cafe\u0301-De\u0301sert-Agafay-terre-des-Etoiles-450x291.jpg\" data-large-file=\"https:\/\/www.terredesetoiles.net\/ecocamp\/wp-content\/uploads\/2020\/01\/Pause-Cafe\u0301-De\u0301sert-Agafay-terre-des-Etoiles-1024x661.jpg\" \/><\/a>\n\t\t\t<\/div><\/figure><figure class='gallery-item'>\n\t\t\t<div class='gallery-icon landscape'>\n\t\t\t\t<a href='https:\/\/www.terredesetoiles.net\/ecocamp\/seminaire-dentreprise\/pause-cafe-reunion-pleniere-catering-terre-des-etoiles\/'><img width=\"300\" height=\"300\" src=\"https:\/\/www.terredesetoiles.net\/ecocamp\/wp-content\/uploads\/2020\/01\/Pause-cafe\u0301-re\u0301union-ple\u0301nie\u0300re-catering-Terre-des-etoiles-300x300.jpg\" class=\"attachment-thumbnail size-thumbnail\" alt=\"\" decoding=\"async\" loading=\"lazy\" data-attachment-id=\"2419\" data-orig-file=\"https:\/\/www.terredesetoiles.net\/ecocamp\/wp-content\/uploads\/2020\/01\/Pause-cafe\u0301-re\u0301union-ple\u0301nie\u0300re-catering-Terre-des-etoiles-e1579706916504.jpg\" data-orig-size=\"1280,787\" data-comments-opened=\"0\" data-image-meta=\"{&quot;aperture&quot;:&quot;9&quot;,&quot;credit&quot;:&quot;PHOTOGRAPHY DAMOUSS&quot;,&quot;camera&quot;:&quot;Canon EOS 5D Mark III&quot;,&quot;caption&quot;:&quot;&quot;,&quot;created_timestamp&quot;:&quot;1551179043&quot;,&quot;copyright&quot;:&quot;&quot;,&quot;focal_length&quot;:&quot;17&quot;,&quot;iso&quot;:&quot;100&quot;,&quot;shutter_speed&quot;:&quot;0.01&quot;,&quot;title&quot;:&quot;&quot;,&quot;orientation&quot;:&quot;1&quot;,&quot;keywords&quot;:&quot;Array&quot;}\" data-image-title=\"Pause cafe\u0301 re\u0301union ple\u0301nie\u0300re catering Terre des etoiles\" data-image-description=\"\" data-medium-file=\"https:\/\/www.terredesetoiles.net\/ecocamp\/wp-content\/uploads\/2020\/01\/Pause-cafe\u0301-re\u0301union-ple\u0301nie\u0300re-catering-Terre-des-etoiles-450x277.jpg\" data-large-file=\"https:\/\/www.terredesetoiles.net\/ecocamp\/wp-content\/uploads\/2020\/01\/Pause-cafe\u0301-re\u0301union-ple\u0301nie\u0300re-catering-Terre-des-etoiles-1024x630.jpg\" \/><\/a>\n\t\t\t<\/div><\/figure>\n\t\t<\/div>\n\n","protected":false},"excerpt":{"rendered":"<p>Das Terre des \u00c9toils, inmitten der steinigen W\u00fcste von Agafay, stellt Ihnen seine inspirierende Anlagen f\u00fcr Ihre Seminare und gesch\u00e4ftlichen [&hellip;]<\/p>\n","protected":false},"author":1,"featured_media":527,"parent":0,"menu_order":0,"comment_status":"closed","ping_status":"closed","template":"page-templates\/packsansresa.php","meta":[],"language":[9],"acf":[],"_links":{"self":[{"href":"https:\/\/www.terredesetoiles.net\/ecocamp\/wp-json\/wp\/v2\/pages\/1463"}],"collection":[{"href":"https:\/\/www.terredesetoiles.net\/ecocamp\/wp-json\/wp\/v2\/pages"}],"about":[{"href":"https:\/\/www.terredesetoiles.net\/ecocamp\/wp-json\/wp\/v2\/types\/page"}],"author":[{"embeddable":true,"href":"https:\/\/www.terredesetoiles.net\/ecocamp\/wp-json\/wp\/v2\/users\/1"}],"replies":[{"embeddable":true,"href":"https:\/\/www.terredesetoiles.net\/ecocamp\/wp-json\/wp\/v2\/comments?post=1463"}],"version-history":[{"count":0,"href":"https:\/\/www.terredesetoiles.net\/ecocamp\/wp-json\/wp\/v2\/pages\/1463\/revisions"}],"wp:featuredmedia":[{"embeddable":true,"href":"https:\/\/www.terredesetoiles.net\/ecocamp\/wp-json\/wp\/v2\/media\/527"}],"wp:attachment":[{"href":"https:\/\/www.terredesetoiles.net\/ecocamp\/wp-json\/wp\/v2\/media?parent=1463"}],"wp:term":[{"taxonomy":"language","embeddable":true,"href":"https:\/\/www.terredesetoiles.net\/ecocamp\/wp-json\/wp\/v2\/language?post=1463"}],"curies":[{"name":"wp","href":"https:\/\/api.w.org\/{rel}","templated":true}]}}