{"id":1820,"date":"2019-11-24T18:10:45","date_gmt":"2019-11-24T17:10:45","guid":{"rendered":"https:\/\/www.terredesetoiles.net\/ecocamp\/?page_id=1820"},"modified":"2021-06-07T12:32:20","modified_gmt":"2021-06-07T10:32:20","slug":"enterrement-de-vie-de-jeune-fille","status":"publish","type":"page","link":"https:\/\/www.terredesetoiles.net\/ecocamp\/experiences\/enterrement-de-vie-de-jeune-fille\/","title":{"rendered":"Enterrement de Vie de Jeune Fille"},"content":{"rendered":"<p>Cet enterrement de vie de jeune fille sera l\u2019occasion de passer un long weekend de d\u00e9connexion totale entre filles. Un weekend entier plac\u00e9 sous le signe de la Nature, un cadre propice aux retrouvailles entre amies, alternant des moments de farniente et d\u2019activit\u00e9s dans une parenth\u00e8se privil\u00e9gi\u00e9e\u2026 sans oublier les dromadaires pour la touche exotique !<\/p>\n<p><strong>Jour 1 : ARRIVEE \/ DESERT D&rsquo;AGAFAY\u00a0<\/strong><br \/>\nVol pour Marrakech. Accueillies par votre accompagnateur francophone, vous serez directement transf\u00e9r\u00e9es dans le d\u00e9sert d\u2019Agafay, non loin de Marrakech, o\u00f9 votre vill\u00e9giature marocaine n\u2019est autre qu\u2019un incroyable Eco Camp : Terre des Etoiles. Perdues au milieu de l\u2019immensit\u00e9, face aux sommets de l\u2019Atlas, vous allez exp\u00e9rimenter le d\u00e9sert dans des conditions Optimum ! Petit tour du propri\u00e9taire \u00e0 dos de dromadaire : les jardins, le potager, les animaux, les bassins-piscine, le restaurant\u2026 Puis, le coucher du soleil s\u2019accompagnera d\u2019un ap\u00e9ritif avant un d\u00eener typiquement marocain sous les \u00e9toiles exactement !<\/p>\n<p><strong>Jour 2 : DESERT D&rsquo;AGAFAY<\/strong><br \/>\nApr\u00e8s un petit-d\u00e9jeuner marocain traditionnel, plusieurs options d\u2019activit\u00e9s se pr\u00e9sentent \u00e0 vous : m\u00e9ditation, yoga ou jardinage ? Puis vous prendrez la direction de l\u2019horizon lors d\u2019une randonn\u00e9e \u00e0 pied (ou \u00e0 v\u00e9lo)\u2026<br \/>\nD\u00e9jeuner picnic dans le cadre spectaculaire du d\u00e9sert d\u2019Agafay.<br \/>\nL\u2019apr\u00e8s-midi sera enti\u00e8rement consacr\u00e9e \u00e0 votre bien-\u00eatre : farniente au bord du bassin piscine, et enfin, massage pour une relaxation totale !<br \/>\nEn soir\u00e9e, apr\u00e8s le d\u00eener, vous serez initi\u00e9es au monde merveilleux de l\u2019astronomie, l\u2019observation des \u00e9toiles \u00e9tant facilit\u00e9e par l\u2019obscurit\u00e9 de ces terres recul\u00e9es : le ciel vous appara\u00eetra plus clair que jamais ! Et pour clore cette parenth\u00e8se de r\u00eave, rien de tel que de la musique gnaoua autour du feu&#8230;<\/p>\n<p><strong>Jour 3 : DESERT D&rsquo;AGAFAY \/ DEPART<\/strong><br \/>\nApr\u00e8s le petit-d\u00e9jeuner, vous quitterez le d\u00e9sert d\u2019Agafay pour retrouver la civilisation\u2026 Selon les horaires de vol, vous pourrez vous arr\u00eater faire une pause shopping \u00e0 la coop\u00e9rative de Tamesloht et\/ou \u00e0 Marrakech.<br \/>\nTransfert \u00e0 l\u2019a\u00e9roport.<\/p>\n<p><strong>CE PACKAGE COMPREND :<\/strong><br \/>\n&#8211; 2 nuits en tente lodge double avec petit d\u00e9jeuner<br \/>\n&#8211; 2 repas \u00e0 Terre des Etoiles<br \/>\n&#8211; 1 picnic<br \/>\n&#8211; 1 balade \u00e0 dos de dromadaire<br \/>\n&#8211; 1 massage<br \/>\n&#8211; 2 ap\u00e9ritifs<br \/>\n&#8211; 1 initiation \u00e0 l\u2019astronomie<br \/>\n&#8211; Les transferts a\u00e9roport \/ h\u00f4tel \/ a\u00e9roport<\/p>\n<p>&nbsp;<\/p>\n<div data-carousel-extra='{\"blog_id\":1,\"permalink\":\"https:\\\/\\\/www.terredesetoiles.net\\\/ecocamp\\\/experiences\\\/enterrement-de-vie-de-jeune-fille\\\/\",\"likes_blog_id\":false}' id='gallery-1' class='gallery galleryid-1820 gallery-columns-6 gallery-size-thumbnail'><figure class='gallery-item'>\n\t\t\t<div class='gallery-icon landscape'>\n\t\t\t\t<a href='https:\/\/www.terredesetoiles.net\/ecocamp\/event_terredesetoiles_agafay_gnaous\/'><img width=\"300\" height=\"300\" src=\"https:\/\/www.terredesetoiles.net\/ecocamp\/wp-content\/uploads\/2020\/01\/event_terredesEtoiles_Agafay_Gnaous-300x300.jpg\" class=\"attachment-thumbnail size-thumbnail\" alt=\"event_terredesEtoiles_Agafay_Gnaouas\" decoding=\"async\" loading=\"lazy\" data-attachment-id=\"2498\" data-orig-file=\"https:\/\/www.terredesetoiles.net\/ecocamp\/wp-content\/uploads\/2020\/01\/event_terredesEtoiles_Agafay_Gnaous-e1580486824655.jpg\" data-orig-size=\"1280,853\" data-comments-opened=\"0\" data-image-meta=\"{&quot;aperture&quot;:&quot;0&quot;,&quot;credit&quot;:&quot;&quot;,&quot;camera&quot;:&quot;&quot;,&quot;caption&quot;:&quot;&quot;,&quot;created_timestamp&quot;:&quot;0&quot;,&quot;copyright&quot;:&quot;&quot;,&quot;focal_length&quot;:&quot;0&quot;,&quot;iso&quot;:&quot;0&quot;,&quot;shutter_speed&quot;:&quot;0&quot;,&quot;title&quot;:&quot;&quot;,&quot;orientation&quot;:&quot;0&quot;,&quot;keywords&quot;:&quot;Array&quot;}\" data-image-title=\"event_terredesEtoiles_Agafay_Gnaouas\" data-image-description=\"\" data-medium-file=\"https:\/\/www.terredesetoiles.net\/ecocamp\/wp-content\/uploads\/2020\/01\/event_terredesEtoiles_Agafay_Gnaous-450x300.jpg\" data-large-file=\"https:\/\/www.terredesetoiles.net\/ecocamp\/wp-content\/uploads\/2020\/01\/event_terredesEtoiles_Agafay_Gnaous-1024x683.jpg\" \/><\/a>\n\t\t\t<\/div><\/figure><figure class='gallery-item'>\n\t\t\t<div class='gallery-icon landscape'>\n\t\t\t\t<a href='https:\/\/www.terredesetoiles.net\/ecocamp\/balade-a-cheval\/balade-a-cheval-ecotourisme-maroc-6\/'><img width=\"300\" height=\"300\" src=\"https:\/\/www.terredesetoiles.net\/ecocamp\/wp-content\/uploads\/2019\/09\/balade-a-cheval-ecotourisme-maroc-6-300x300.jpg\" class=\"attachment-thumbnail size-thumbnail\" alt=\"Balade \u00e0 Cheval Ecotourisme Maroc\" decoding=\"async\" loading=\"lazy\" data-attachment-id=\"997\" data-orig-file=\"https:\/\/www.terredesetoiles.net\/ecocamp\/wp-content\/uploads\/2019\/09\/balade-a-cheval-ecotourisme-maroc-6.jpg\" data-orig-size=\"800,600\" data-comments-opened=\"0\" data-image-meta=\"{&quot;aperture&quot;:&quot;0&quot;,&quot;credit&quot;:&quot;&quot;,&quot;camera&quot;:&quot;&quot;,&quot;caption&quot;:&quot;&quot;,&quot;created_timestamp&quot;:&quot;0&quot;,&quot;copyright&quot;:&quot;&quot;,&quot;focal_length&quot;:&quot;0&quot;,&quot;iso&quot;:&quot;0&quot;,&quot;shutter_speed&quot;:&quot;0&quot;,&quot;title&quot;:&quot;&quot;,&quot;orientation&quot;:&quot;0&quot;,&quot;keywords&quot;:&quot;Array&quot;}\" data-image-title=\"Balade \u00e0 Cheval Ecotourisme Maroc\" data-image-description=\"\" data-medium-file=\"https:\/\/www.terredesetoiles.net\/ecocamp\/wp-content\/uploads\/2019\/09\/balade-a-cheval-ecotourisme-maroc-6-450x338.jpg\" data-large-file=\"https:\/\/www.terredesetoiles.net\/ecocamp\/wp-content\/uploads\/2019\/09\/balade-a-cheval-ecotourisme-maroc-6.jpg\" \/><\/a>\n\t\t\t<\/div><\/figure><figure class='gallery-item'>\n\t\t\t<div class='gallery-icon landscape'>\n\t\t\t\t<a href='https:\/\/www.terredesetoiles.net\/ecocamp\/seance-de-yoga\/yoga-ecolodge-desert-marrakech-maroc-terredesetoiles-2\/'><img width=\"300\" height=\"300\" src=\"https:\/\/www.terredesetoiles.net\/ecocamp\/wp-content\/uploads\/2019\/09\/yoga-ecolodge-desert-marrakech-maroc-terredesetoiles-2-300x300.jpg\" class=\"attachment-thumbnail size-thumbnail\" alt=\"S\u00e9ance de Yoga Ecotourisme Maroc\" decoding=\"async\" loading=\"lazy\" data-attachment-id=\"977\" data-orig-file=\"https:\/\/www.terredesetoiles.net\/ecocamp\/wp-content\/uploads\/2019\/09\/yoga-ecolodge-desert-marrakech-maroc-terredesetoiles-2.jpg\" data-orig-size=\"1120,746\" data-comments-opened=\"0\" data-image-meta=\"{&quot;aperture&quot;:&quot;0&quot;,&quot;credit&quot;:&quot;&quot;,&quot;camera&quot;:&quot;&quot;,&quot;caption&quot;:&quot;&quot;,&quot;created_timestamp&quot;:&quot;0&quot;,&quot;copyright&quot;:&quot;&quot;,&quot;focal_length&quot;:&quot;0&quot;,&quot;iso&quot;:&quot;0&quot;,&quot;shutter_speed&quot;:&quot;0&quot;,&quot;title&quot;:&quot;&quot;,&quot;orientation&quot;:&quot;0&quot;,&quot;keywords&quot;:&quot;Array&quot;}\" data-image-title=\"S\u00e9ance de Yoga Ecotourisme Maroc\" data-image-description=\"\" data-medium-file=\"https:\/\/www.terredesetoiles.net\/ecocamp\/wp-content\/uploads\/2019\/09\/yoga-ecolodge-desert-marrakech-maroc-terredesetoiles-2-450x300.jpg\" data-large-file=\"https:\/\/www.terredesetoiles.net\/ecocamp\/wp-content\/uploads\/2019\/09\/yoga-ecolodge-desert-marrakech-maroc-terredesetoiles-2-1024x682.jpg\" \/><\/a>\n\t\t\t<\/div><\/figure><figure class='gallery-item'>\n\t\t\t<div class='gallery-icon landscape'>\n\t\t\t\t<a href='https:\/\/www.terredesetoiles.net\/ecocamp\/sport-et-plein-air\/sport-et-plein-air-desert-marrakech-terredesetoiles-3-2\/'><img width=\"300\" height=\"300\" src=\"https:\/\/www.terredesetoiles.net\/ecocamp\/wp-content\/uploads\/2019\/09\/sport-et-plein-air-desert-marrakech-terredesetoiles-3-1-300x300.jpg\" class=\"attachment-thumbnail size-thumbnail\" alt=\"Sport et plein air desert marrakech Terre des Etoiles\" decoding=\"async\" loading=\"lazy\" data-attachment-id=\"841\" data-orig-file=\"https:\/\/www.terredesetoiles.net\/ecocamp\/wp-content\/uploads\/2019\/09\/sport-et-plein-air-desert-marrakech-terredesetoiles-3-1.jpg\" data-orig-size=\"1280,854\" data-comments-opened=\"0\" data-image-meta=\"{&quot;aperture&quot;:&quot;0&quot;,&quot;credit&quot;:&quot;&quot;,&quot;camera&quot;:&quot;&quot;,&quot;caption&quot;:&quot;&quot;,&quot;created_timestamp&quot;:&quot;0&quot;,&quot;copyright&quot;:&quot;&quot;,&quot;focal_length&quot;:&quot;0&quot;,&quot;iso&quot;:&quot;0&quot;,&quot;shutter_speed&quot;:&quot;0&quot;,&quot;title&quot;:&quot;&quot;,&quot;orientation&quot;:&quot;0&quot;,&quot;keywords&quot;:&quot;Array&quot;}\" data-image-title=\"Sport et plein air desert marrakech Terre des Etoiles\" data-image-description=\"\" data-medium-file=\"https:\/\/www.terredesetoiles.net\/ecocamp\/wp-content\/uploads\/2019\/09\/sport-et-plein-air-desert-marrakech-terredesetoiles-3-1-450x300.jpg\" data-large-file=\"https:\/\/www.terredesetoiles.net\/ecocamp\/wp-content\/uploads\/2019\/09\/sport-et-plein-air-desert-marrakech-terredesetoiles-3-1-1024x683.jpg\" \/><\/a>\n\t\t\t<\/div><\/figure><figure class='gallery-item'>\n\t\t\t<div class='gallery-icon landscape'>\n\t\t\t\t<a href='https:\/\/www.terredesetoiles.net\/ecocamp\/experiences\/enterrement-de-vie-de-jeune-fille\/bassin-piscine-ecolodge-desert-agafay-maroc\/'><img width=\"300\" height=\"300\" src=\"https:\/\/www.terredesetoiles.net\/ecocamp\/wp-content\/uploads\/2020\/02\/bassin-Piscine-ecolodge-desert-Agafay-Maroc--300x300.jpg\" class=\"attachment-thumbnail size-thumbnail\" alt=\"bassin Piscine ecolodge desert Agafay Maroc\" decoding=\"async\" loading=\"lazy\" data-attachment-id=\"2504\" data-orig-file=\"https:\/\/www.terredesetoiles.net\/ecocamp\/wp-content\/uploads\/2020\/02\/bassin-Piscine-ecolodge-desert-Agafay-Maroc--e1580722553341.jpg\" data-orig-size=\"1280,853\" data-comments-opened=\"0\" data-image-meta=\"{&quot;aperture&quot;:&quot;8&quot;,&quot;credit&quot;:&quot;FAFOU BRO&quot;,&quot;camera&quot;:&quot;X-T2&quot;,&quot;caption&quot;:&quot;&quot;,&quot;created_timestamp&quot;:&quot;1547988946&quot;,&quot;copyright&quot;:&quot;&quot;,&quot;focal_length&quot;:&quot;21.4&quot;,&quot;iso&quot;:&quot;400&quot;,&quot;shutter_speed&quot;:&quot;0.0016666666666667&quot;,&quot;title&quot;:&quot;&quot;,&quot;orientation&quot;:&quot;0&quot;,&quot;keywords&quot;:&quot;Array&quot;}\" data-image-title=\"bassin Piscine ecolodge desert Agafay Maroc\" data-image-description=\"\" data-medium-file=\"https:\/\/www.terredesetoiles.net\/ecocamp\/wp-content\/uploads\/2020\/02\/bassin-Piscine-ecolodge-desert-Agafay-Maroc--450x300.jpg\" data-large-file=\"https:\/\/www.terredesetoiles.net\/ecocamp\/wp-content\/uploads\/2020\/02\/bassin-Piscine-ecolodge-desert-Agafay-Maroc--1024x683.jpg\" \/><\/a>\n\t\t\t<\/div><\/figure><figure class='gallery-item'>\n\t\t\t<div class='gallery-icon landscape'>\n\t\t\t\t<a href='https:\/\/www.terredesetoiles.net\/ecocamp\/experiences\/enterrement-de-vie-de-jeune-fille\/evjf-desert-agafay-marrakech-sophie-masiewicz\/'><img width=\"300\" height=\"300\" src=\"https:\/\/www.terredesetoiles.net\/ecocamp\/wp-content\/uploads\/2020\/02\/EVJF-desert-Agafay-Marrakech-Sophie-Masiewicz-300x300.jpg\" class=\"attachment-thumbnail size-thumbnail\" alt=\"EVJF desert Agafay Marrakech - Sophie Masiewicz\" decoding=\"async\" loading=\"lazy\" data-attachment-id=\"2505\" data-orig-file=\"https:\/\/www.terredesetoiles.net\/ecocamp\/wp-content\/uploads\/2020\/02\/EVJF-desert-Agafay-Marrakech-Sophie-Masiewicz-e1580722583302.jpg\" data-orig-size=\"1280,855\" data-comments-opened=\"0\" data-image-meta=\"{&quot;aperture&quot;:&quot;0&quot;,&quot;credit&quot;:&quot;&quot;,&quot;camera&quot;:&quot;&quot;,&quot;caption&quot;:&quot;&quot;,&quot;created_timestamp&quot;:&quot;0&quot;,&quot;copyright&quot;:&quot;&quot;,&quot;focal_length&quot;:&quot;0&quot;,&quot;iso&quot;:&quot;0&quot;,&quot;shutter_speed&quot;:&quot;0&quot;,&quot;title&quot;:&quot;&quot;,&quot;orientation&quot;:&quot;0&quot;,&quot;keywords&quot;:&quot;Array&quot;}\" data-image-title=\"EVJF desert Agafay Marrakech &#8211; Sophie Masiewicz\" data-image-description=\"\" data-medium-file=\"https:\/\/www.terredesetoiles.net\/ecocamp\/wp-content\/uploads\/2020\/02\/EVJF-desert-Agafay-Marrakech-Sophie-Masiewicz-450x300.jpg\" data-large-file=\"https:\/\/www.terredesetoiles.net\/ecocamp\/wp-content\/uploads\/2020\/02\/EVJF-desert-Agafay-Marrakech-Sophie-Masiewicz-1024x684.jpg\" \/><\/a>\n\t\t\t<\/div><\/figure>\n\t\t<\/div>\n\n","protected":false},"excerpt":{"rendered":"<p>Cet enterrement de vie de jeune fille sera l\u2019occasion de passer un long weekend de d\u00e9connexion totale entre filles. Un [&hellip;]<\/p>\n","protected":false},"author":1,"featured_media":2505,"parent":1064,"menu_order":0,"comment_status":"closed","ping_status":"closed","template":"page-templates\/packsansresa.php","meta":[],"language":[7],"acf":[],"_links":{"self":[{"href":"https:\/\/www.terredesetoiles.net\/ecocamp\/wp-json\/wp\/v2\/pages\/1820"}],"collection":[{"href":"https:\/\/www.terredesetoiles.net\/ecocamp\/wp-json\/wp\/v2\/pages"}],"about":[{"href":"https:\/\/www.terredesetoiles.net\/ecocamp\/wp-json\/wp\/v2\/types\/page"}],"author":[{"embeddable":true,"href":"https:\/\/www.terredesetoiles.net\/ecocamp\/wp-json\/wp\/v2\/users\/1"}],"replies":[{"embeddable":true,"href":"https:\/\/www.terredesetoiles.net\/ecocamp\/wp-json\/wp\/v2\/comments?post=1820"}],"version-history":[{"count":0,"href":"https:\/\/www.terredesetoiles.net\/ecocamp\/wp-json\/wp\/v2\/pages\/1820\/revisions"}],"up":[{"embeddable":true,"href":"https:\/\/www.terredesetoiles.net\/ecocamp\/wp-json\/wp\/v2\/pages\/1064"}],"wp:featuredmedia":[{"embeddable":true,"href":"https:\/\/www.terredesetoiles.net\/ecocamp\/wp-json\/wp\/v2\/media\/2505"}],"wp:attachment":[{"href":"https:\/\/www.terredesetoiles.net\/ecocamp\/wp-json\/wp\/v2\/media?parent=1820"}],"wp:term":[{"taxonomy":"language","embeddable":true,"href":"https:\/\/www.terredesetoiles.net\/ecocamp\/wp-json\/wp\/v2\/language?post=1820"}],"curies":[{"name":"wp","href":"https:\/\/api.w.org\/{rel}","templated":true}]}}