{"id":2001,"date":"2020-01-02T12:03:49","date_gmt":"2020-01-02T11:03:49","guid":{"rendered":"https:\/\/www.terredesetoiles.net\/ecocamp\/?page_id=2001"},"modified":"2023-03-12T14:08:22","modified_gmt":"2023-03-12T13:08:22","slug":"la-ferme-el-irch","status":"publish","type":"page","link":"https:\/\/www.terredesetoiles.net\/ecocamp\/la-ferme-el-irch\/","title":{"rendered":"La Ferme El Irch"},"content":{"rendered":"<div id=\"pl-2001\"  class=\"panel-layout\" ><div id=\"pg-2001-0\"  class=\"panel-grid panel-has-style\" ><div class=\"siteorigin-panels-stretch panel-row-style panel-row-style-for-2001-0\" id=\"welcome\" data-stretch-type=\"full-stretched\" ><div id=\"pgc-2001-0-0\"  class=\"panel-grid-cell\" ><div id=\"panel-2001-0-0-0\" class=\"so-panel widget widget_sow-hero panel-first-child panel-last-child\" data-index=\"0\" ><div class=\"lodge panel-widget-style panel-widget-style-for-2001-0-0-0\" ><div\n\t\t\t\n\t\t\tclass=\"so-widget-sow-hero so-widget-sow-hero-default-cecf86dc11e5-2001\"\n\t\t\t\n\t\t><div class=\"sow-slider-base\" style=\"display: none\"><ul\n\t\t\t\t\tclass=\"sow-slider-images\"\n\t\t\t\t\tdata-settings=\"{&quot;pagination&quot;:true,&quot;speed&quot;:800,&quot;timeout&quot;:4000,&quot;paused&quot;:false,&quot;pause_on_hover&quot;:false,&quot;swipe&quot;:false,&quot;nav_always_show_desktop&quot;:&quot;&quot;,&quot;nav_always_show_mobile&quot;:&quot;&quot;,&quot;breakpoint&quot;:&quot;780px&quot;,&quot;unmute&quot;:false,&quot;anchor&quot;:null}\"\n\t\t\t\t\t\t\t\t\t\tdata-anchor-id=\"\"\n\t\t\t\t>\t\t<li class=\"sow-slider-image  sow-slider-image-cover\" style=\"visibility: visible;;background-color: #cca56c;background-image: url(https:\/\/www.terredesetoiles.net\/ecocamp\/wp-content\/uploads\/2020\/01\/Dormir-a\u0300-la-ferme-Agafay-marrakech-maroc-e1577963710992.jpg)\" >\n\t\t\t\t\t<div class=\"sow-slider-image-container\">\n\t\t\t<div class=\"sow-slider-image-wrapper\">\n\t\t\t\t<img src=\"https:\/\/www.terredesetoiles.net\/ecocamp\/wp-content\/uploads\/2019\/09\/terredesetoiles-uneoasis-desert-marrakech-maroc.png\" alt=\"Terre des Etoiles une Oasis desert Marrakech Maroc\" width=\"513\" height=\"264\" class=\"alignnone size-full wp-image-62 etoiles\" \/>\n\n<p class=\"sub\">Une Oasis dans le d\u00e9sert de Marrakech<\/p>\t\t\t<\/div>\n\t\t<\/div>\n\t\t\t\t<\/li>\n\t\t\t\t<li class=\"sow-slider-image  sow-slider-image-cover\" style=\"visibility: hidden;;background-color: #cca56c;background-image: url(https:\/\/www.terredesetoiles.net\/ecocamp\/wp-content\/uploads\/2020\/01\/Bivouac-Camp-ferme-de\u0301sert-Agafay-marrakech-maroc-e1577964038412.jpg)\" >\n\t\t\t\t\t<div class=\"sow-slider-image-container\">\n\t\t\t<div class=\"sow-slider-image-wrapper\">\n\t\t\t\t<img src=\"https:\/\/www.terredesetoiles.net\/ecocamp\/wp-content\/uploads\/2019\/09\/terredesetoiles-uneoasis-desert-marrakech-maroc.png\" alt=\"Terre des Etoiles une Oasis desert Marrakech Maroc\" width=\"513\" height=\"264\" class=\"alignnone size-full wp-image-62 etoiles\" \/>\n\n<p class=\"sub\">Une Oasis dans le d\u00e9sert de Marrakech<\/p>\t\t\t<\/div>\n\t\t<\/div>\n\t\t\t\t<\/li>\n\t\t\t\t<li class=\"sow-slider-image  sow-slider-image-cover\" style=\"visibility: hidden;;background-color: #cca56c;background-image: url(https:\/\/www.terredesetoiles.net\/ecocamp\/wp-content\/uploads\/2020\/01\/Bivouac-Ephe\u0301me\u0300re-Ferme-El-Irch-ecolodge-marrakech-maroc-e1577963998487.jpg)\" >\n\t\t\t\t\t<div class=\"sow-slider-image-container\">\n\t\t\t<div class=\"sow-slider-image-wrapper\">\n\t\t\t\t<img src=\"https:\/\/www.terredesetoiles.net\/ecocamp\/wp-content\/uploads\/2019\/09\/terredesetoiles-uneoasis-desert-marrakech-maroc.png\" alt=\"Terre des Etoiles une Oasis desert Marrakech Maroc\" width=\"513\" height=\"264\" class=\"alignnone size-full wp-image-62 etoiles\" \/>\n\n<p class=\"sub\">Une Oasis dans le d\u00e9sert de Marrakech<\/p>\t\t\t<\/div>\n\t\t<\/div>\n\t\t\t\t<\/li>\n\t\t<\/ul>\t\t\t\t<ol class=\"sow-slider-pagination\">\n\t\t\t\t\t\t\t\t\t\t\t<li><a href=\"#\" data-goto=\"0\" aria-label=\"afficher la diapositive 1\"><\/a><\/li>\n\t\t\t\t\t\t\t\t\t\t\t<li><a href=\"#\" data-goto=\"1\" aria-label=\"afficher la diapositive 2\"><\/a><\/li>\n\t\t\t\t\t\t\t\t\t\t\t<li><a href=\"#\" data-goto=\"2\" aria-label=\"afficher la diapositive 3\"><\/a><\/li>\n\t\t\t\t\t\t\t\t\t<\/ol>\n\n\t\t\t\t<div class=\"sow-slide-nav sow-slide-nav-next\">\n\t\t\t\t\t<a href=\"#\" data-goto=\"next\" aria-label=\"diapositive suivante\" data-action=\"next\">\n\t\t\t\t\t\t<em class=\"sow-sld-icon-ultra-thin-right\"><\/em>\n\t\t\t\t\t<\/a>\n\t\t\t\t<\/div>\n\n\t\t\t\t<div class=\"sow-slide-nav sow-slide-nav-prev\">\n\t\t\t\t\t<a href=\"#\" data-goto=\"previous\" aria-label=\"diapositive pr\u00e9c\u00e9dente\" data-action=\"prev\">\n\t\t\t\t\t\t<em class=\"sow-sld-icon-ultra-thin-left\"><\/em>\n\t\t\t\t\t<\/a>\n\t\t\t\t<\/div>\n\t\t\t\t<\/div><\/div><\/div><\/div><\/div><\/div><\/div><div id=\"pg-2001-1\"  class=\"panel-grid panel-has-style\" ><div class=\"panel-row-style panel-row-style-for-2001-1\" ><div id=\"pgc-2001-1-0\"  class=\"panel-grid-cell\" ><div id=\"panel-2001-1-0-0\" class=\"so-panel widget widget_sow-editor panel-first-child panel-last-child\" data-index=\"1\" ><div class=\"center panel-widget-style panel-widget-style-for-2001-1-0-0\" ><div\n\t\t\t\n\t\t\tclass=\"so-widget-sow-editor so-widget-sow-editor-base\"\n\t\t\t\n\t\t>\n<div class=\"siteorigin-widget-tinymce textwidget\">\n\t<h2 class=\"col3\">Immersion \u00e0 la ferme de la famille El Irch<\/h2>\n<h6 class=\"col1 sub\">Terre des Etoiles<\/h6>\n<p>Bienvenue dans la ferme de la famille El Irch, situ\u00e9e dans le village Sahraoui. Dans cette ferme traditionnelle, sur une parcelle de la propri\u00e9t\u00e9 familiale sp\u00e9cialement am\u00e9nag\u00e9e pour vous, place \u00e0 une immersion totale dans la vie paysanne d\u2019Agafay.<\/p>\n<p>Quelques tentes sont install\u00e9es \u00e0 la demande pour h\u00e9berger des petits groupes \u2013 8 personnes maximum \u2013 et les repas sont pr\u00e9par\u00e9s par la femme de Lahcen. Les animaux de la ferme, les activit\u00e9s quotidiennes, la vie dans le d\u00e9sert\u2026 En compagnie de la famille El Irch, le d\u00e9paysement est garanti.<\/p>\n<p><strong>La ferme el Irch est ferm\u00e9e en ce moment, l\u2019ouverture durant cette p\u00e9riode est uniquement sur demande<\/strong><\/p>\n<p><a class=\"btn1\" href=\"#\" rel=\"noopener noreferrer\">R\u00e9servez sur demande<\/a><\/p>\n<\/div>\n<\/div><\/div><\/div><\/div><\/div><\/div><div id=\"pg-2001-2\"  class=\"panel-grid panel-has-style\" ><div class=\"extra siteorigin-panels-stretch panel-row-style panel-row-style-for-2001-2\" data-stretch-type=\"full-stretched\" ><div id=\"pgc-2001-2-0\"  class=\"panel-grid-cell\" ><div id=\"panel-2001-2-0-0\" class=\"so-panel widget widget_sow-editor panel-first-child panel-last-child\" data-index=\"2\" ><div class=\"camp panel-widget-style panel-widget-style-for-2001-2-0-0\" ><div\n\t\t\t\n\t\t\tclass=\"so-widget-sow-editor so-widget-sow-editor-base\"\n\t\t\t\n\t\t>\n<div class=\"siteorigin-widget-tinymce textwidget\">\n\t<div data-carousel-extra='{\"blog_id\":1,\"permalink\":\"https:\\\/\\\/www.terredesetoiles.net\\\/ecocamp\\\/la-ferme-el-irch\\\/\",\"likes_blog_id\":false}' id='gallery-1' class='gallery galleryid-2001 gallery-columns-9 gallery-size-thumbnail'><figure class='gallery-item'>\n\t\t\t<div class='gallery-icon landscape'>\n\t\t\t\t<img width=\"300\" height=\"300\" src=\"https:\/\/www.terredesetoiles.net\/ecocamp\/wp-content\/uploads\/2020\/01\/Ferme-El-Irch-Vie-Paysanne-Agafay-300x300.jpg\" class=\"attachment-thumbnail size-thumbnail\" alt=\"Ferme El Irch Vie Paysanne Agafay\" decoding=\"async\" loading=\"lazy\" data-attachment-id=\"2056\" data-orig-file=\"https:\/\/www.terredesetoiles.net\/ecocamp\/wp-content\/uploads\/2020\/01\/Ferme-El-Irch-Vie-Paysanne-Agafay-e1578005890707.jpg\" data-orig-size=\"1280,853\" data-comments-opened=\"0\" data-image-meta=\"{&quot;aperture&quot;:&quot;5&quot;,&quot;credit&quot;:&quot;&quot;,&quot;camera&quot;:&quot;Canon EOS 5D Mark IV&quot;,&quot;caption&quot;:&quot;&quot;,&quot;created_timestamp&quot;:&quot;1575789498&quot;,&quot;copyright&quot;:&quot;&quot;,&quot;focal_length&quot;:&quot;50&quot;,&quot;iso&quot;:&quot;400&quot;,&quot;shutter_speed&quot;:&quot;0.002&quot;,&quot;title&quot;:&quot;&quot;,&quot;orientation&quot;:&quot;0&quot;,&quot;keywords&quot;:&quot;Array&quot;}\" data-image-title=\"Ferme El Irch Vie Paysanne Agafay\" data-image-description=\"\" data-medium-file=\"https:\/\/www.terredesetoiles.net\/ecocamp\/wp-content\/uploads\/2020\/01\/Ferme-El-Irch-Vie-Paysanne-Agafay-450x300.jpg\" data-large-file=\"https:\/\/www.terredesetoiles.net\/ecocamp\/wp-content\/uploads\/2020\/01\/Ferme-El-Irch-Vie-Paysanne-Agafay-1024x683.jpg\" \/>\n\t\t\t<\/div><\/figure><figure class='gallery-item'>\n\t\t\t<div class='gallery-icon landscape'>\n\t\t\t\t<img width=\"300\" height=\"300\" src=\"https:\/\/www.terredesetoiles.net\/ecocamp\/wp-content\/uploads\/2019\/12\/Ferme-El-Irch-Tentes-Ephe\u0301me\u0300res-Agafay-300x300.jpg\" class=\"attachment-thumbnail size-thumbnail\" alt=\"Ferme El Irch Tentes Ephe\u0301me\u0300res Agafay Maroc\" decoding=\"async\" loading=\"lazy\" data-attachment-id=\"1969\" data-orig-file=\"https:\/\/www.terredesetoiles.net\/ecocamp\/wp-content\/uploads\/2019\/12\/Ferme-El-Irch-Tentes-Ephe\u0301me\u0300res-Agafay-e1577473298826.jpg\" data-orig-size=\"1280,853\" data-comments-opened=\"0\" data-image-meta=\"{&quot;aperture&quot;:&quot;18&quot;,&quot;credit&quot;:&quot;&quot;,&quot;camera&quot;:&quot;Canon EOS 5D Mark IV&quot;,&quot;caption&quot;:&quot;&quot;,&quot;created_timestamp&quot;:&quot;1575889984&quot;,&quot;copyright&quot;:&quot;&quot;,&quot;focal_length&quot;:&quot;70&quot;,&quot;iso&quot;:&quot;400&quot;,&quot;shutter_speed&quot;:&quot;0.005&quot;,&quot;title&quot;:&quot;&quot;,&quot;orientation&quot;:&quot;0&quot;,&quot;keywords&quot;:&quot;Array&quot;}\" data-image-title=\"Ferme El Irch Tentes Ephe\u0301me\u0300res Agafay Maroc\" data-image-description=\"\" data-medium-file=\"https:\/\/www.terredesetoiles.net\/ecocamp\/wp-content\/uploads\/2019\/12\/Ferme-El-Irch-Tentes-Ephe\u0301me\u0300res-Agafay-450x300.jpg\" data-large-file=\"https:\/\/www.terredesetoiles.net\/ecocamp\/wp-content\/uploads\/2019\/12\/Ferme-El-Irch-Tentes-Ephe\u0301me\u0300res-Agafay-1024x683.jpg\" \/>\n\t\t\t<\/div><\/figure><figure class='gallery-item'>\n\t\t\t<div class='gallery-icon landscape'>\n\t\t\t\t<img width=\"300\" height=\"300\" src=\"https:\/\/www.terredesetoiles.net\/ecocamp\/wp-content\/uploads\/2019\/12\/Tentes-e\u0301phe\u0301me\u0300res-Ferme-El-Irch-Agafay-300x300.jpg\" class=\"attachment-thumbnail size-thumbnail\" alt=\"Tentes e\u0301phe\u0301me\u0300res Ferme El Irch Agafay Maroc\" decoding=\"async\" loading=\"lazy\" data-attachment-id=\"1970\" data-orig-file=\"https:\/\/www.terredesetoiles.net\/ecocamp\/wp-content\/uploads\/2019\/12\/Tentes-e\u0301phe\u0301me\u0300res-Ferme-El-Irch-Agafay-e1577473328725.jpg\" data-orig-size=\"1280,853\" data-comments-opened=\"0\" data-image-meta=\"{&quot;aperture&quot;:&quot;3.5&quot;,&quot;credit&quot;:&quot;&quot;,&quot;camera&quot;:&quot;Canon EOS 5D Mark IV&quot;,&quot;caption&quot;:&quot;&quot;,&quot;created_timestamp&quot;:&quot;1575890221&quot;,&quot;copyright&quot;:&quot;&quot;,&quot;focal_length&quot;:&quot;16&quot;,&quot;iso&quot;:&quot;400&quot;,&quot;shutter_speed&quot;:&quot;0.005&quot;,&quot;title&quot;:&quot;&quot;,&quot;orientation&quot;:&quot;0&quot;,&quot;keywords&quot;:&quot;Array&quot;}\" data-image-title=\"Tentes e\u0301phe\u0301me\u0300res Ferme El Irch Agafay Maroc\" data-image-description=\"\" data-medium-file=\"https:\/\/www.terredesetoiles.net\/ecocamp\/wp-content\/uploads\/2019\/12\/Tentes-e\u0301phe\u0301me\u0300res-Ferme-El-Irch-Agafay-450x300.jpg\" data-large-file=\"https:\/\/www.terredesetoiles.net\/ecocamp\/wp-content\/uploads\/2019\/12\/Tentes-e\u0301phe\u0301me\u0300res-Ferme-El-Irch-Agafay-1024x683.jpg\" \/>\n\t\t\t<\/div><\/figure><figure class='gallery-item'>\n\t\t\t<div class='gallery-icon landscape'>\n\t\t\t\t<img width=\"300\" height=\"300\" src=\"https:\/\/www.terredesetoiles.net\/ecocamp\/wp-content\/uploads\/2020\/01\/Ferme-El-Irch-Village-Sahraoui-Agafay-300x300.jpg\" class=\"attachment-thumbnail size-thumbnail\" alt=\"Ferme El Irch Village Sahraoui Destination Evasion\" decoding=\"async\" loading=\"lazy\" data-attachment-id=\"2060\" data-orig-file=\"https:\/\/www.terredesetoiles.net\/ecocamp\/wp-content\/uploads\/2020\/01\/Ferme-El-Irch-Village-Sahraoui-Agafay-e1578058682319.jpg\" data-orig-size=\"1280,573\" data-comments-opened=\"0\" data-image-meta=\"{&quot;aperture&quot;:&quot;9&quot;,&quot;credit&quot;:&quot;&quot;,&quot;camera&quot;:&quot;Canon EOS 40D&quot;,&quot;caption&quot;:&quot;&quot;,&quot;created_timestamp&quot;:&quot;1322401300&quot;,&quot;copyright&quot;:&quot;&quot;,&quot;focal_length&quot;:&quot;105&quot;,&quot;iso&quot;:&quot;200&quot;,&quot;shutter_speed&quot;:&quot;0.002&quot;,&quot;title&quot;:&quot;&quot;,&quot;orientation&quot;:&quot;1&quot;,&quot;keywords&quot;:&quot;Array&quot;}\" data-image-title=\"Ferme El Irch Village Sahraoui Agafay\" data-image-description=\"\" data-medium-file=\"https:\/\/www.terredesetoiles.net\/ecocamp\/wp-content\/uploads\/2020\/01\/Ferme-El-Irch-Village-Sahraoui-Agafay-450x202.jpg\" data-large-file=\"https:\/\/www.terredesetoiles.net\/ecocamp\/wp-content\/uploads\/2020\/01\/Ferme-El-Irch-Village-Sahraoui-Agafay-1024x459.jpg\" \/>\n\t\t\t<\/div><\/figure><figure class='gallery-item'>\n\t\t\t<div class='gallery-icon landscape'>\n\t\t\t\t<img width=\"300\" height=\"300\" src=\"https:\/\/www.terredesetoiles.net\/ecocamp\/wp-content\/uploads\/2020\/01\/Ferme-El-Irch-De\u0301sert-Agafay-Atlas-Maroc-300x300.jpg\" class=\"attachment-thumbnail size-thumbnail\" alt=\"Ferme El Irch De\u0301sert Agafay Atlas Maroc\" decoding=\"async\" loading=\"lazy\" data-attachment-id=\"2059\" data-orig-file=\"https:\/\/www.terredesetoiles.net\/ecocamp\/wp-content\/uploads\/2020\/01\/Ferme-El-Irch-De\u0301sert-Agafay-Atlas-Maroc-e1578058632682.jpg\" data-orig-size=\"1280,853\" data-comments-opened=\"0\" data-image-meta=\"{&quot;aperture&quot;:&quot;9&quot;,&quot;credit&quot;:&quot;Yann Canari&quot;,&quot;camera&quot;:&quot;Canon EOS 60D&quot;,&quot;caption&quot;:&quot;&quot;,&quot;created_timestamp&quot;:&quot;1391273491&quot;,&quot;copyright&quot;:&quot;&quot;,&quot;focal_length&quot;:&quot;70&quot;,&quot;iso&quot;:&quot;200&quot;,&quot;shutter_speed&quot;:&quot;0.002&quot;,&quot;title&quot;:&quot;&quot;,&quot;orientation&quot;:&quot;0&quot;,&quot;keywords&quot;:&quot;Array&quot;}\" data-image-title=\"Ferme El Irch De\u0301sert Agafay Atlas Maroc\" data-image-description=\"\" data-medium-file=\"https:\/\/www.terredesetoiles.net\/ecocamp\/wp-content\/uploads\/2020\/01\/Ferme-El-Irch-De\u0301sert-Agafay-Atlas-Maroc-450x300.jpg\" data-large-file=\"https:\/\/www.terredesetoiles.net\/ecocamp\/wp-content\/uploads\/2020\/01\/Ferme-El-Irch-De\u0301sert-Agafay-Atlas-Maroc-1024x683.jpg\" \/>\n\t\t\t<\/div><\/figure><figure class='gallery-item'>\n\t\t\t<div class='gallery-icon landscape'>\n\t\t\t\t<img width=\"300\" height=\"300\" src=\"https:\/\/www.terredesetoiles.net\/ecocamp\/wp-content\/uploads\/2020\/01\/VillageSaharaoui-salledebain-e\u0301phe\u0301me\u0300re-Bivouac-Agafay-1-300x300.jpg\" class=\"attachment-thumbnail size-thumbnail\" alt=\"Ferme-El-Irch-salledebain-e\u0301phe\u0301me\u0300re-Bivouac-Agafay\" decoding=\"async\" loading=\"lazy\" data-attachment-id=\"2045\" data-orig-file=\"https:\/\/www.terredesetoiles.net\/ecocamp\/wp-content\/uploads\/2020\/01\/VillageSaharaoui-salledebain-e\u0301phe\u0301me\u0300re-Bivouac-Agafay-1-e1577980557242.jpg\" data-orig-size=\"1280,783\" data-comments-opened=\"0\" data-image-meta=\"{&quot;aperture&quot;:&quot;10&quot;,&quot;credit&quot;:&quot;PHOTOGRAPHY DAMOUSS&quot;,&quot;camera&quot;:&quot;Canon EOS 5D Mark III&quot;,&quot;caption&quot;:&quot;&quot;,&quot;created_timestamp&quot;:&quot;1555953066&quot;,&quot;copyright&quot;:&quot;&quot;,&quot;focal_length&quot;:&quot;17&quot;,&quot;iso&quot;:&quot;100&quot;,&quot;shutter_speed&quot;:&quot;0.1&quot;,&quot;title&quot;:&quot;&quot;,&quot;orientation&quot;:&quot;1&quot;,&quot;keywords&quot;:&quot;Array&quot;}\" data-image-title=\"Ferme-El-Irch-salledebain-e\u0301phe\u0301me\u0300re-Bivouac-Agafay\" data-image-description=\"\" data-medium-file=\"https:\/\/www.terredesetoiles.net\/ecocamp\/wp-content\/uploads\/2020\/01\/VillageSaharaoui-salledebain-e\u0301phe\u0301me\u0300re-Bivouac-Agafay-1-450x275.jpg\" data-large-file=\"https:\/\/www.terredesetoiles.net\/ecocamp\/wp-content\/uploads\/2020\/01\/VillageSaharaoui-salledebain-e\u0301phe\u0301me\u0300re-Bivouac-Agafay-1-1024x627.jpg\" \/>\n\t\t\t<\/div><\/figure><figure class='gallery-item'>\n\t\t\t<div class='gallery-icon landscape'>\n\t\t\t\t<img width=\"300\" height=\"300\" src=\"https:\/\/www.terredesetoiles.net\/ecocamp\/wp-content\/uploads\/2019\/12\/Bivouac-tentes-e\u0301phe\u0301me\u0300res-Ferme-Agafay-300x300.jpg\" class=\"attachment-thumbnail size-thumbnail\" alt=\"Bivouac Ephe\u0301me\u0300re Ferme El Irch Maroc\" decoding=\"async\" loading=\"lazy\" data-attachment-id=\"1968\" data-orig-file=\"https:\/\/www.terredesetoiles.net\/ecocamp\/wp-content\/uploads\/2019\/12\/Bivouac-tentes-e\u0301phe\u0301me\u0300res-Ferme-Agafay-e1577473270199.jpg\" data-orig-size=\"1280,853\" data-comments-opened=\"0\" data-image-meta=\"{&quot;aperture&quot;:&quot;16&quot;,&quot;credit&quot;:&quot;&quot;,&quot;camera&quot;:&quot;Canon EOS 5D Mark IV&quot;,&quot;caption&quot;:&quot;&quot;,&quot;created_timestamp&quot;:&quot;1575890348&quot;,&quot;copyright&quot;:&quot;&quot;,&quot;focal_length&quot;:&quot;23&quot;,&quot;iso&quot;:&quot;400&quot;,&quot;shutter_speed&quot;:&quot;0.005&quot;,&quot;title&quot;:&quot;&quot;,&quot;orientation&quot;:&quot;0&quot;,&quot;keywords&quot;:&quot;Array&quot;}\" data-image-title=\"Bivouac Ephe\u0301me\u0300re Ferme El Irch Maroc\" data-image-description=\"\" data-medium-file=\"https:\/\/www.terredesetoiles.net\/ecocamp\/wp-content\/uploads\/2019\/12\/Bivouac-tentes-e\u0301phe\u0301me\u0300res-Ferme-Agafay-450x300.jpg\" data-large-file=\"https:\/\/www.terredesetoiles.net\/ecocamp\/wp-content\/uploads\/2019\/12\/Bivouac-tentes-e\u0301phe\u0301me\u0300res-Ferme-Agafay-1024x683.jpg\" \/>\n\t\t\t<\/div><\/figure><figure class='gallery-item'>\n\t\t\t<div class='gallery-icon landscape'>\n\t\t\t\t<img width=\"300\" height=\"300\" src=\"https:\/\/www.terredesetoiles.net\/ecocamp\/wp-content\/uploads\/2020\/01\/Ferme-El-Irch-La-vie-a\u0300-la-ferme-Agafay-300x300.jpg\" class=\"attachment-thumbnail size-thumbnail\" alt=\"Ferme El Irch La vie a\u0300 la ferme Agafay Desert Marrakech Maroc\" decoding=\"async\" loading=\"lazy\" data-attachment-id=\"2055\" data-orig-file=\"https:\/\/www.terredesetoiles.net\/ecocamp\/wp-content\/uploads\/2020\/01\/Ferme-El-Irch-La-vie-a\u0300-la-ferme-Agafay.jpg\" data-orig-size=\"2896,2256\" data-comments-opened=\"0\" data-image-meta=\"{&quot;aperture&quot;:&quot;1.8&quot;,&quot;credit&quot;:&quot;&quot;,&quot;camera&quot;:&quot;iPhone 7 Plus&quot;,&quot;caption&quot;:&quot;&quot;,&quot;created_timestamp&quot;:&quot;1573832663&quot;,&quot;copyright&quot;:&quot;&quot;,&quot;focal_length&quot;:&quot;3.99&quot;,&quot;iso&quot;:&quot;20&quot;,&quot;shutter_speed&quot;:&quot;0.02&quot;,&quot;title&quot;:&quot;&quot;,&quot;orientation&quot;:&quot;0&quot;,&quot;keywords&quot;:&quot;Array&quot;}\" data-image-title=\"Ferme El Irch La vie a\u0300 la ferme Agafay Desert Marrakech Maroc\" data-image-description=\"\" data-medium-file=\"https:\/\/www.terredesetoiles.net\/ecocamp\/wp-content\/uploads\/2020\/01\/Ferme-El-Irch-La-vie-a\u0300-la-ferme-Agafay-450x351.jpg\" data-large-file=\"https:\/\/www.terredesetoiles.net\/ecocamp\/wp-content\/uploads\/2020\/01\/Ferme-El-Irch-La-vie-a\u0300-la-ferme-Agafay-1024x798.jpg\" \/>\n\t\t\t<\/div><\/figure><figure class='gallery-item'>\n\t\t\t<div class='gallery-icon landscape'>\n\t\t\t\t<img width=\"300\" height=\"300\" src=\"https:\/\/www.terredesetoiles.net\/ecocamp\/wp-content\/uploads\/2019\/12\/Bivouac-Ephe\u0301me\u0300re-Ferme-El-Irch-300x300.jpg\" class=\"attachment-thumbnail size-thumbnail\" alt=\"Bivouac Ephe\u0301me\u0300re Ferme El Irch Maroc\" decoding=\"async\" loading=\"lazy\" data-attachment-id=\"1967\" data-orig-file=\"https:\/\/www.terredesetoiles.net\/ecocamp\/wp-content\/uploads\/2019\/12\/Bivouac-Ephe\u0301me\u0300re-Ferme-El-Irch-e1577473236736.jpg\" data-orig-size=\"1280,853\" data-comments-opened=\"0\" data-image-meta=\"{&quot;aperture&quot;:&quot;11&quot;,&quot;credit&quot;:&quot;&quot;,&quot;camera&quot;:&quot;Canon EOS 5D Mark IV&quot;,&quot;caption&quot;:&quot;&quot;,&quot;created_timestamp&quot;:&quot;1575889291&quot;,&quot;copyright&quot;:&quot;&quot;,&quot;focal_length&quot;:&quot;27&quot;,&quot;iso&quot;:&quot;400&quot;,&quot;shutter_speed&quot;:&quot;0.003125&quot;,&quot;title&quot;:&quot;&quot;,&quot;orientation&quot;:&quot;0&quot;,&quot;keywords&quot;:&quot;Array&quot;}\" data-image-title=\"Bivouac Ephe\u0301me\u0300re Ferme El Irch Maroc\" data-image-description=\"\" data-medium-file=\"https:\/\/www.terredesetoiles.net\/ecocamp\/wp-content\/uploads\/2019\/12\/Bivouac-Ephe\u0301me\u0300re-Ferme-El-Irch-450x300.jpg\" data-large-file=\"https:\/\/www.terredesetoiles.net\/ecocamp\/wp-content\/uploads\/2019\/12\/Bivouac-Ephe\u0301me\u0300re-Ferme-El-Irch-1024x683.jpg\" \/>\n\t\t\t<\/div><\/figure>\n\t\t<\/div>\n\n<\/div>\n<\/div><\/div><\/div><\/div><\/div><\/div><\/div>","protected":false},"excerpt":{"rendered":"<p>Immersion \u00e0 la ferme de la famille El Irch Terre des Etoiles Bienvenue dans la ferme de la famille El [&hellip;]<\/p>\n","protected":false},"author":1,"featured_media":1930,"parent":0,"menu_order":0,"comment_status":"closed","ping_status":"closed","template":"","meta":[],"language":[7],"acf":[],"_links":{"self":[{"href":"https:\/\/www.terredesetoiles.net\/ecocamp\/wp-json\/wp\/v2\/pages\/2001"}],"collection":[{"href":"https:\/\/www.terredesetoiles.net\/ecocamp\/wp-json\/wp\/v2\/pages"}],"about":[{"href":"https:\/\/www.terredesetoiles.net\/ecocamp\/wp-json\/wp\/v2\/types\/page"}],"author":[{"embeddable":true,"href":"https:\/\/www.terredesetoiles.net\/ecocamp\/wp-json\/wp\/v2\/users\/1"}],"replies":[{"embeddable":true,"href":"https:\/\/www.terredesetoiles.net\/ecocamp\/wp-json\/wp\/v2\/comments?post=2001"}],"version-history":[{"count":7,"href":"https:\/\/www.terredesetoiles.net\/ecocamp\/wp-json\/wp\/v2\/pages\/2001\/revisions"}],"predecessor-version":[{"id":4453,"href":"https:\/\/www.terredesetoiles.net\/ecocamp\/wp-json\/wp\/v2\/pages\/2001\/revisions\/4453"}],"wp:featuredmedia":[{"embeddable":true,"href":"https:\/\/www.terredesetoiles.net\/ecocamp\/wp-json\/wp\/v2\/media\/1930"}],"wp:attachment":[{"href":"https:\/\/www.terredesetoiles.net\/ecocamp\/wp-json\/wp\/v2\/media?parent=2001"}],"wp:term":[{"taxonomy":"language","embeddable":true,"href":"https:\/\/www.terredesetoiles.net\/ecocamp\/wp-json\/wp\/v2\/language?post=2001"}],"curies":[{"name":"wp","href":"https:\/\/api.w.org\/{rel}","templated":true}]}}