{"id":2070,"date":"2020-03-17T11:27:41","date_gmt":"2020-03-17T10:27:41","guid":{"rendered":"https:\/\/www.terredesetoiles.net\/ecocamp\/?page_id=2070"},"modified":"2023-03-12T14:15:51","modified_gmt":"2023-03-12T13:15:51","slug":"dorf-der-sahrawis","status":"publish","type":"page","link":"https:\/\/www.terredesetoiles.net\/ecocamp\/dorf-der-sahrawis\/","title":{"rendered":"Dorf der Sahrawis"},"content":{"rendered":"<div id=\"pl-2070\"  class=\"panel-layout\" ><div id=\"pg-2070-0\"  class=\"panel-grid panel-has-style\" ><div class=\"siteorigin-panels-stretch panel-row-style panel-row-style-for-2070-0\" id=\"welcome\" data-stretch-type=\"full-stretched\" ><div id=\"pgc-2070-0-0\"  class=\"panel-grid-cell\" ><div id=\"panel-2070-0-0-0\" class=\"so-panel widget widget_sow-hero panel-first-child panel-last-child\" data-index=\"0\" ><div class=\"lodge panel-widget-style panel-widget-style-for-2070-0-0-0\" ><div\n\t\t\t\n\t\t\tclass=\"so-widget-sow-hero so-widget-sow-hero-default-cecf86dc11e5-2070\"\n\t\t\t\n\t\t><div class=\"sow-slider-base\" style=\"display: none\"><ul\n\t\t\t\t\tclass=\"sow-slider-images\"\n\t\t\t\t\tdata-settings=\"{&quot;pagination&quot;:true,&quot;speed&quot;:800,&quot;timeout&quot;:4000,&quot;paused&quot;:false,&quot;pause_on_hover&quot;:false,&quot;swipe&quot;:false,&quot;nav_always_show_desktop&quot;:&quot;&quot;,&quot;nav_always_show_mobile&quot;:&quot;&quot;,&quot;breakpoint&quot;:&quot;780px&quot;,&quot;unmute&quot;:false,&quot;anchor&quot;:null}\"\n\t\t\t\t\t\t\t\t\t\tdata-anchor-id=\"\"\n\t\t\t\t>\t\t<li class=\"sow-slider-image  sow-slider-image-cover\" style=\"visibility: visible;;background-color: #cca56c;background-image: url(https:\/\/www.terredesetoiles.net\/ecocamp\/wp-content\/uploads\/2020\/01\/Tentes-ephemeres-village-sahraoui-Agafay-marrakech-maroc-e1577964207349.jpg)\" >\n\t\t\t\t\t<div class=\"sow-slider-image-container\">\n\t\t\t<div class=\"sow-slider-image-wrapper\">\n\t\t\t\t<img src=\"https:\/\/www.terredesetoiles.net\/ecocamp\/wp-content\/uploads\/2019\/09\/terredesetoiles-uneoasis-desert-marrakech-maroc.png\" alt=\"Terre des Etoiles une Oasis desert Marrakech Maroc\" width=\"513\" height=\"264\" class=\"alignnone size-full wp-image-62 etoiles\" \/>\n\n<p class=\"sub\">Eine Oase inmitten der W\u00fcste bei Marrakesch<\/p>\t\t\t<\/div>\n\t\t<\/div>\n\t\t\t\t<\/li>\n\t\t\t\t<li class=\"sow-slider-image  sow-slider-image-cover\" style=\"visibility: hidden;;background-color: #cca56c;background-image: url(https:\/\/www.terredesetoiles.net\/ecocamp\/wp-content\/uploads\/2020\/01\/Tentes-e\u0301phe\u0301me\u0300res-Marrakech-Maroc-Ferme-El-Irch-Agafay-e1577964389620.jpg)\" >\n\t\t\t\t\t<div class=\"sow-slider-image-container\">\n\t\t\t<div class=\"sow-slider-image-wrapper\">\n\t\t\t\t<img src=\"https:\/\/www.terredesetoiles.net\/ecocamp\/wp-content\/uploads\/2019\/09\/terredesetoiles-uneoasis-desert-marrakech-maroc.png\" alt=\"Terre des Etoiles une Oasis desert Marrakech Maroc\" width=\"513\" height=\"264\" class=\"alignnone size-full wp-image-62 etoiles\" \/>\n\n<p class=\"sub\">Eine Oase inmitten der W\u00fcste bei Marrakesch<\/p>\t\t\t<\/div>\n\t\t<\/div>\n\t\t\t\t<\/li>\n\t\t\t\t<li class=\"sow-slider-image  sow-slider-image-cover\" style=\"visibility: hidden;;background-color: #cca56c;background-image: url(https:\/\/www.terredesetoiles.net\/ecocamp\/wp-content\/uploads\/2020\/01\/Bivouac-Marrakech-Village-Sahraoui-Agafay-Maroc-e1577964518299.jpg)\" >\n\t\t\t\t\t<div class=\"sow-slider-image-container\">\n\t\t\t<div class=\"sow-slider-image-wrapper\">\n\t\t\t\t<img src=\"https:\/\/www.terredesetoiles.net\/ecocamp\/wp-content\/uploads\/2019\/09\/terredesetoiles-uneoasis-desert-marrakech-maroc.png\" alt=\"Terre des Etoiles une Oasis desert Marrakech Maroc\" width=\"513\" height=\"264\" class=\"alignnone size-full wp-image-62 etoiles\" \/>\n\n<p class=\"sub\">Eine Oase inmitten der W\u00fcste bei Marrakesch<\/p>\t\t\t<\/div>\n\t\t<\/div>\n\t\t\t\t<\/li>\n\t\t<\/ul>\t\t\t\t<ol class=\"sow-slider-pagination\">\n\t\t\t\t\t\t\t\t\t\t\t<li><a href=\"#\" data-goto=\"0\" aria-label=\"afficher la diapositive 1\"><\/a><\/li>\n\t\t\t\t\t\t\t\t\t\t\t<li><a href=\"#\" data-goto=\"1\" aria-label=\"afficher la diapositive 2\"><\/a><\/li>\n\t\t\t\t\t\t\t\t\t\t\t<li><a href=\"#\" data-goto=\"2\" aria-label=\"afficher la diapositive 3\"><\/a><\/li>\n\t\t\t\t\t\t\t\t\t<\/ol>\n\n\t\t\t\t<div class=\"sow-slide-nav sow-slide-nav-next\">\n\t\t\t\t\t<a href=\"#\" data-goto=\"next\" aria-label=\"diapositive suivante\" data-action=\"next\">\n\t\t\t\t\t\t<em class=\"sow-sld-icon-ultra-thin-right\"><\/em>\n\t\t\t\t\t<\/a>\n\t\t\t\t<\/div>\n\n\t\t\t\t<div class=\"sow-slide-nav sow-slide-nav-prev\">\n\t\t\t\t\t<a href=\"#\" data-goto=\"previous\" aria-label=\"diapositive pr\u00e9c\u00e9dente\" data-action=\"prev\">\n\t\t\t\t\t\t<em class=\"sow-sld-icon-ultra-thin-left\"><\/em>\n\t\t\t\t\t<\/a>\n\t\t\t\t<\/div>\n\t\t\t\t<\/div><\/div><\/div><\/div><\/div><\/div><\/div><div id=\"pg-2070-1\"  class=\"panel-grid panel-has-style\" ><div class=\"panel-row-style panel-row-style-for-2070-1\" ><div id=\"pgc-2070-1-0\"  class=\"panel-grid-cell\" ><div id=\"panel-2070-1-0-0\" class=\"so-panel widget widget_sow-editor panel-first-child panel-last-child\" data-index=\"1\" ><div class=\"center panel-widget-style panel-widget-style-for-2070-1-0-0\" ><div\n\t\t\t\n\t\t\tclass=\"so-widget-sow-editor so-widget-sow-editor-base\"\n\t\t\t\n\t\t>\n<div class=\"siteorigin-widget-tinymce textwidget\">\n\t<h2 class=\"col3\">Dorf der Sahrawis<\/h2>\n<h6 class=\"col1 sub\">Terre des \u00e9toiles<\/h6>\n<p>Dorf der Sahrawis<\/p>\n<p>Nicht weit entfernt von den Anlagen des Terre des \u00c9toiles liegt versteckt in der W\u00fcstenlandschaft von Agafay ein authentisches und dennoch au\u00dfergew\u00f6hnliches Dorf der Sahrawis. Die Idee des Gr\u00fcnders des Terre des \u00c9toiles war von Beginn an, ein Dorf ganz im Zeichen des \u00d6kotourismus zu kreieren: lasst uns das Abenteuer des solidarischen Tourismus beginnen!<\/p>\n<p>Dieses geheime Paradies mit atemberaubendem Blick auf die Weiten der W\u00fcste bietet Wellnessaufenthalte, Biwaks, Themenabende f\u00fcr kleine Gruppen, Teambuildingkurse oder einfach nur Picknick-Pausen w\u00e4hrend eines Spaziergangs ab dem Camp. Eine sch\u00f6ne Anlehnung an das Terre des \u00c9toiles in seinen Anf\u00e4ngen: ein paar Zelte und ein Lagerfeuer, verloren inmitten der W\u00fcste \u2026<\/p>\n<p>Die im Dorf erbrachten Einnahmen stellen Finanzierungsquellen f\u00fcr Renovierungsarbeiten, die Verbesserung der R\u00e4umlichkeiten der hiesigen Schule oder andere Bed\u00fcrfnisse der Dorfbewohner dar.<\/p>\n<p><strong>Le Village Sahraoui est ferm\u00e9 en ce moment, l\u2019ouverture durant cette p\u00e9riode est uniquement sur demande<\/strong><\/p>\n<p><a class=\"btn1\" href=\"#\" rel=\"noopener noreferrer\">R\u00e9servez sur demande<\/a><\/p>\n<\/div>\n<\/div><\/div><\/div><\/div><\/div><\/div><div id=\"pg-2070-2\"  class=\"panel-grid panel-has-style\" ><div class=\"extra siteorigin-panels-stretch panel-row-style panel-row-style-for-2070-2\" data-stretch-type=\"full-stretched\" ><div id=\"pgc-2070-2-0\"  class=\"panel-grid-cell\" ><div id=\"panel-2070-2-0-0\" class=\"so-panel widget widget_sow-editor panel-first-child panel-last-child\" data-index=\"2\" ><div class=\"camp panel-widget-style panel-widget-style-for-2070-2-0-0\" ><div\n\t\t\t\n\t\t\tclass=\"so-widget-sow-editor so-widget-sow-editor-base\"\n\t\t\t\n\t\t>\n<div class=\"siteorigin-widget-tinymce textwidget\">\n\t<div data-carousel-extra='{\"blog_id\":1,\"permalink\":\"https:\\\/\\\/www.terredesetoiles.net\\\/ecocamp\\\/dorf-der-sahrawis\\\/\",\"likes_blog_id\":false}' id='gallery-1' class='gallery galleryid-2070 gallery-columns-9 gallery-size-thumbnail'><figure class='gallery-item'>\n\t\t\t<div class='gallery-icon landscape'>\n\t\t\t\t<a href='https:\/\/www.terredesetoiles.net\/ecocamp\/dormir-au-village-sahraoui\/dormir-au-village-saharaoui-agafay\/'><img width=\"300\" height=\"300\" src=\"https:\/\/www.terredesetoiles.net\/ecocamp\/wp-content\/uploads\/2019\/12\/Dormir-au-village-saharaoui-Agafay-300x300.jpg\" class=\"attachment-thumbnail size-thumbnail\" alt=\"\" decoding=\"async\" loading=\"lazy\" data-attachment-id=\"1924\" data-orig-file=\"https:\/\/www.terredesetoiles.net\/ecocamp\/wp-content\/uploads\/2019\/12\/Dormir-au-village-saharaoui-Agafay.jpg\" data-orig-size=\"6720,4480\" data-comments-opened=\"0\" data-image-meta=\"{&quot;aperture&quot;:&quot;16&quot;,&quot;credit&quot;:&quot;&quot;,&quot;camera&quot;:&quot;Canon EOS 5D Mark IV&quot;,&quot;caption&quot;:&quot;&quot;,&quot;created_timestamp&quot;:&quot;1575891188&quot;,&quot;copyright&quot;:&quot;&quot;,&quot;focal_length&quot;:&quot;25&quot;,&quot;iso&quot;:&quot;400&quot;,&quot;shutter_speed&quot;:&quot;0.005&quot;,&quot;title&quot;:&quot;&quot;,&quot;orientation&quot;:&quot;1&quot;,&quot;keywords&quot;:&quot;Array&quot;}\" data-image-title=\"Dormir-au-village-saharaoui-Agafay\" data-image-description=\"\" data-medium-file=\"https:\/\/www.terredesetoiles.net\/ecocamp\/wp-content\/uploads\/2019\/12\/Dormir-au-village-saharaoui-Agafay-450x300.jpg\" data-large-file=\"https:\/\/www.terredesetoiles.net\/ecocamp\/wp-content\/uploads\/2019\/12\/Dormir-au-village-saharaoui-Agafay-1024x683.jpg\" \/><\/a>\n\t\t\t<\/div><\/figure><figure class='gallery-item'>\n\t\t\t<div class='gallery-icon landscape'>\n\t\t\t\t<a href='https:\/\/www.terredesetoiles.net\/ecocamp\/visite-dun-village-berbere-et-the-chez-lhabitant\/visite-village-berbere-the-chez-habitant-terredesetoiles\/'><img width=\"300\" height=\"300\" src=\"https:\/\/www.terredesetoiles.net\/ecocamp\/wp-content\/uploads\/2019\/09\/Visite-village-berbere-the-chez-habitant-terredesetoiles-300x300.jpg\" class=\"attachment-thumbnail size-thumbnail\" alt=\"Visite village berb\u00e8re et th\u00e9 chez l&#039;habitant\" decoding=\"async\" loading=\"lazy\" data-attachment-id=\"656\" data-orig-file=\"https:\/\/www.terredesetoiles.net\/ecocamp\/wp-content\/uploads\/2019\/09\/Visite-village-berbere-the-chez-habitant-terredesetoiles.jpg\" data-orig-size=\"1280,853\" data-comments-opened=\"0\" data-image-meta=\"{&quot;aperture&quot;:&quot;0&quot;,&quot;credit&quot;:&quot;&quot;,&quot;camera&quot;:&quot;&quot;,&quot;caption&quot;:&quot;&quot;,&quot;created_timestamp&quot;:&quot;0&quot;,&quot;copyright&quot;:&quot;&quot;,&quot;focal_length&quot;:&quot;0&quot;,&quot;iso&quot;:&quot;0&quot;,&quot;shutter_speed&quot;:&quot;0&quot;,&quot;title&quot;:&quot;&quot;,&quot;orientation&quot;:&quot;0&quot;,&quot;keywords&quot;:&quot;Array&quot;}\" data-image-title=\"\" data-image-description=\"\" data-medium-file=\"https:\/\/www.terredesetoiles.net\/ecocamp\/wp-content\/uploads\/2019\/09\/Visite-village-berbere-the-chez-habitant-terredesetoiles-450x300.jpg\" data-large-file=\"https:\/\/www.terredesetoiles.net\/ecocamp\/wp-content\/uploads\/2019\/09\/Visite-village-berbere-the-chez-habitant-terredesetoiles-1024x682.jpg\" \/><\/a>\n\t\t\t<\/div><\/figure><figure class='gallery-item'>\n\t\t\t<div class='gallery-icon landscape'>\n\t\t\t\t<a href='https:\/\/www.terredesetoiles.net\/ecocamp\/dormir-au-village-sahraoui\/village-saharoui-authentique-desert-agafay\/'><img width=\"300\" height=\"300\" src=\"https:\/\/www.terredesetoiles.net\/ecocamp\/wp-content\/uploads\/2019\/12\/Village-Saharoui-Authentique-De\u0301sert-Agafay-300x300.jpg\" class=\"attachment-thumbnail size-thumbnail\" alt=\"Se\u0301jour Village Sahraoui De\u0301sert Agafay Maroc\" decoding=\"async\" loading=\"lazy\" data-attachment-id=\"1940\" data-orig-file=\"https:\/\/www.terredesetoiles.net\/ecocamp\/wp-content\/uploads\/2019\/12\/Village-Saharoui-Authentique-De\u0301sert-Agafay-e1577471795125.jpg\" data-orig-size=\"1280,853\" data-comments-opened=\"0\" data-image-meta=\"{&quot;aperture&quot;:&quot;16&quot;,&quot;credit&quot;:&quot;&quot;,&quot;camera&quot;:&quot;Canon EOS 5D Mark IV&quot;,&quot;caption&quot;:&quot;&quot;,&quot;created_timestamp&quot;:&quot;1575892060&quot;,&quot;copyright&quot;:&quot;&quot;,&quot;focal_length&quot;:&quot;28&quot;,&quot;iso&quot;:&quot;400&quot;,&quot;shutter_speed&quot;:&quot;0.005&quot;,&quot;title&quot;:&quot;&quot;,&quot;orientation&quot;:&quot;0&quot;,&quot;keywords&quot;:&quot;Array&quot;}\" data-image-title=\"Se\u0301jour Village Sahraoui De\u0301sert Agafay Maroc\" data-image-description=\"\" data-medium-file=\"https:\/\/www.terredesetoiles.net\/ecocamp\/wp-content\/uploads\/2019\/12\/Village-Saharoui-Authentique-De\u0301sert-Agafay-450x300.jpg\" data-large-file=\"https:\/\/www.terredesetoiles.net\/ecocamp\/wp-content\/uploads\/2019\/12\/Village-Saharoui-Authentique-De\u0301sert-Agafay-1024x683.jpg\" \/><\/a>\n\t\t\t<\/div><\/figure><figure class='gallery-item'>\n\t\t\t<div class='gallery-icon landscape'>\n\t\t\t\t<a href='https:\/\/www.terredesetoiles.net\/ecocamp\/visite-dun-village-berbere-et-the-chez-lhabitant\/visite-village-berbere-the-chez-habitant-terredesetoiles-3\/'><img width=\"300\" height=\"300\" src=\"https:\/\/www.terredesetoiles.net\/ecocamp\/wp-content\/uploads\/2019\/09\/Visite-village-berbere-the-chez-habitant-terredesetoiles-3-300x300.jpg\" class=\"attachment-thumbnail size-thumbnail\" alt=\"Visite d&#039;un village berb\u00e8re et th\u00e9 chez l&#039;habitant\" decoding=\"async\" loading=\"lazy\" data-attachment-id=\"983\" data-orig-file=\"https:\/\/www.terredesetoiles.net\/ecocamp\/wp-content\/uploads\/2019\/09\/Visite-village-berbere-the-chez-habitant-terredesetoiles-3.jpg\" data-orig-size=\"1280,855\" data-comments-opened=\"0\" data-image-meta=\"{&quot;aperture&quot;:&quot;0&quot;,&quot;credit&quot;:&quot;&quot;,&quot;camera&quot;:&quot;&quot;,&quot;caption&quot;:&quot;&quot;,&quot;created_timestamp&quot;:&quot;0&quot;,&quot;copyright&quot;:&quot;&quot;,&quot;focal_length&quot;:&quot;0&quot;,&quot;iso&quot;:&quot;0&quot;,&quot;shutter_speed&quot;:&quot;0&quot;,&quot;title&quot;:&quot;&quot;,&quot;orientation&quot;:&quot;0&quot;,&quot;keywords&quot;:&quot;Array&quot;}\" data-image-title=\"Visite d&rsquo;un village berb\u00e8re et th\u00e9 chez l&rsquo;habitant\" data-image-description=\"\" data-medium-file=\"https:\/\/www.terredesetoiles.net\/ecocamp\/wp-content\/uploads\/2019\/09\/Visite-village-berbere-the-chez-habitant-terredesetoiles-3-450x301.jpg\" data-large-file=\"https:\/\/www.terredesetoiles.net\/ecocamp\/wp-content\/uploads\/2019\/09\/Visite-village-berbere-the-chez-habitant-terredesetoiles-3-1024x684.jpg\" \/><\/a>\n\t\t\t<\/div><\/figure><figure class='gallery-item'>\n\t\t\t<div class='gallery-icon landscape'>\n\t\t\t\t<a href='https:\/\/www.terredesetoiles.net\/ecocamp\/visite-dun-village-berbere-et-the-chez-lhabitant\/visite-village-berbere-the-chez-habitant-terredesetoiles-1\/'><img width=\"300\" height=\"300\" src=\"https:\/\/www.terredesetoiles.net\/ecocamp\/wp-content\/uploads\/2019\/09\/Visite-village-berbere-the-chez-habitant-terredesetoiles-1-300x300.jpg\" class=\"attachment-thumbnail size-thumbnail\" alt=\"Visite d&#039;un village berb\u00e8re et th\u00e9 chez l&#039;habitant\" decoding=\"async\" loading=\"lazy\" data-attachment-id=\"981\" data-orig-file=\"https:\/\/www.terredesetoiles.net\/ecocamp\/wp-content\/uploads\/2019\/09\/Visite-village-berbere-the-chez-habitant-terredesetoiles-1.jpg\" data-orig-size=\"1280,853\" data-comments-opened=\"0\" data-image-meta=\"{&quot;aperture&quot;:&quot;0&quot;,&quot;credit&quot;:&quot;&quot;,&quot;camera&quot;:&quot;&quot;,&quot;caption&quot;:&quot;&quot;,&quot;created_timestamp&quot;:&quot;0&quot;,&quot;copyright&quot;:&quot;&quot;,&quot;focal_length&quot;:&quot;0&quot;,&quot;iso&quot;:&quot;0&quot;,&quot;shutter_speed&quot;:&quot;0&quot;,&quot;title&quot;:&quot;&quot;,&quot;orientation&quot;:&quot;0&quot;,&quot;keywords&quot;:&quot;Array&quot;}\" data-image-title=\"Visite d&rsquo;un village berb\u00e8re et th\u00e9 chez l&rsquo;habitant\" data-image-description=\"\" data-medium-file=\"https:\/\/www.terredesetoiles.net\/ecocamp\/wp-content\/uploads\/2019\/09\/Visite-village-berbere-the-chez-habitant-terredesetoiles-1-450x300.jpg\" data-large-file=\"https:\/\/www.terredesetoiles.net\/ecocamp\/wp-content\/uploads\/2019\/09\/Visite-village-berbere-the-chez-habitant-terredesetoiles-1-1024x682.jpg\" \/><\/a>\n\t\t\t<\/div><\/figure><figure class='gallery-item'>\n\t\t\t<div class='gallery-icon landscape'>\n\t\t\t\t<a href='https:\/\/www.terredesetoiles.net\/ecocamp\/dormir-au-village-sahraoui\/tentes-ephemeres-village-sahraoui-agafay\/'><img width=\"300\" height=\"300\" src=\"https:\/\/www.terredesetoiles.net\/ecocamp\/wp-content\/uploads\/2019\/12\/Tentes-ephemeres-village-sahraoui-Agafay-300x300.jpg\" class=\"attachment-thumbnail size-thumbnail\" alt=\"Tentes \u00e9ph\u00e9m\u00e8res Village Sahraoui Ecocamp Terre des Etoiles\" decoding=\"async\" loading=\"lazy\" data-attachment-id=\"1923\" data-orig-file=\"https:\/\/www.terredesetoiles.net\/ecocamp\/wp-content\/uploads\/2019\/12\/Tentes-ephemeres-village-sahraoui-Agafay-e1576744929802.jpg\" data-orig-size=\"1280,853\" data-comments-opened=\"0\" data-image-meta=\"{&quot;aperture&quot;:&quot;14&quot;,&quot;credit&quot;:&quot;&quot;,&quot;camera&quot;:&quot;Canon EOS 5D Mark IV&quot;,&quot;caption&quot;:&quot;&quot;,&quot;created_timestamp&quot;:&quot;1575891671&quot;,&quot;copyright&quot;:&quot;&quot;,&quot;focal_length&quot;:&quot;93&quot;,&quot;iso&quot;:&quot;400&quot;,&quot;shutter_speed&quot;:&quot;0.005&quot;,&quot;title&quot;:&quot;&quot;,&quot;orientation&quot;:&quot;1&quot;,&quot;keywords&quot;:&quot;Array&quot;}\" data-image-title=\"\" data-image-description=\"\" data-medium-file=\"https:\/\/www.terredesetoiles.net\/ecocamp\/wp-content\/uploads\/2019\/12\/Tentes-ephemeres-village-sahraoui-Agafay-450x300.jpg\" data-large-file=\"https:\/\/www.terredesetoiles.net\/ecocamp\/wp-content\/uploads\/2019\/12\/Tentes-ephemeres-village-sahraoui-Agafay-1024x683.jpg\" \/><\/a>\n\t\t\t<\/div><\/figure><figure class='gallery-item'>\n\t\t\t<div class='gallery-icon landscape'>\n\t\t\t\t<a href='https:\/\/www.terredesetoiles.net\/ecocamp\/dormir-au-village-sahraoui\/bivouac-village-sahraoui-privatisation-agafay\/'><img width=\"300\" height=\"300\" src=\"https:\/\/www.terredesetoiles.net\/ecocamp\/wp-content\/uploads\/2019\/12\/Bivouac-Village-Sahraoui-privatisation-Agafay-300x300.jpg\" class=\"attachment-thumbnail size-thumbnail\" alt=\"Bivouac Village Sahraoui Agafay\" decoding=\"async\" loading=\"lazy\" data-attachment-id=\"1937\" data-orig-file=\"https:\/\/www.terredesetoiles.net\/ecocamp\/wp-content\/uploads\/2019\/12\/Bivouac-Village-Sahraoui-privatisation-Agafay-e1577471813793.jpg\" data-orig-size=\"1280,853\" data-comments-opened=\"0\" data-image-meta=\"{&quot;aperture&quot;:&quot;20&quot;,&quot;credit&quot;:&quot;&quot;,&quot;camera&quot;:&quot;Canon EOS 5D Mark IV&quot;,&quot;caption&quot;:&quot;&quot;,&quot;created_timestamp&quot;:&quot;1575892179&quot;,&quot;copyright&quot;:&quot;&quot;,&quot;focal_length&quot;:&quot;43&quot;,&quot;iso&quot;:&quot;400&quot;,&quot;shutter_speed&quot;:&quot;0.005&quot;,&quot;title&quot;:&quot;&quot;,&quot;orientation&quot;:&quot;0&quot;,&quot;keywords&quot;:&quot;Array&quot;}\" data-image-title=\"Bivouac Village Sahraoui Agafay\" data-image-description=\"\" data-medium-file=\"https:\/\/www.terredesetoiles.net\/ecocamp\/wp-content\/uploads\/2019\/12\/Bivouac-Village-Sahraoui-privatisation-Agafay-450x300.jpg\" data-large-file=\"https:\/\/www.terredesetoiles.net\/ecocamp\/wp-content\/uploads\/2019\/12\/Bivouac-Village-Sahraoui-privatisation-Agafay-1024x683.jpg\" \/><\/a>\n\t\t\t<\/div><\/figure><figure class='gallery-item'>\n\t\t\t<div class='gallery-icon landscape'>\n\t\t\t\t<a href='https:\/\/www.terredesetoiles.net\/ecocamp\/villagesaharaoui-tentes-ephemeres-bivouac-agafay\/'><img width=\"300\" height=\"300\" src=\"https:\/\/www.terredesetoiles.net\/ecocamp\/wp-content\/uploads\/2020\/01\/VillageSaharaoui-tentes-e\u0301phe\u0301me\u0300res-bivouac-Agafay-300x300.jpg\" class=\"attachment-thumbnail size-thumbnail\" alt=\"Village Saharaoui tentes e\u0301phe\u0301me\u0300res bivouac Agafay\" decoding=\"async\" loading=\"lazy\" data-attachment-id=\"2048\" data-orig-file=\"https:\/\/www.terredesetoiles.net\/ecocamp\/wp-content\/uploads\/2020\/01\/VillageSaharaoui-tentes-e\u0301phe\u0301me\u0300res-bivouac-Agafay-e1577980810513.jpg\" data-orig-size=\"1280,824\" data-comments-opened=\"0\" data-image-meta=\"{&quot;aperture&quot;:&quot;9&quot;,&quot;credit&quot;:&quot;PHOTOGRAPHY DAMOUSS&quot;,&quot;camera&quot;:&quot;Canon EOS 5D Mark III&quot;,&quot;caption&quot;:&quot;&quot;,&quot;created_timestamp&quot;:&quot;1555951602&quot;,&quot;copyright&quot;:&quot;&quot;,&quot;focal_length&quot;:&quot;17&quot;,&quot;iso&quot;:&quot;100&quot;,&quot;shutter_speed&quot;:&quot;0.066666666666667&quot;,&quot;title&quot;:&quot;&quot;,&quot;orientation&quot;:&quot;1&quot;,&quot;keywords&quot;:&quot;Array&quot;}\" data-image-title=\"Village Saharaoui tentes e\u0301phe\u0301me\u0300res bivouac Agafay\" data-image-description=\"\" data-medium-file=\"https:\/\/www.terredesetoiles.net\/ecocamp\/wp-content\/uploads\/2020\/01\/VillageSaharaoui-tentes-e\u0301phe\u0301me\u0300res-bivouac-Agafay-450x290.jpg\" data-large-file=\"https:\/\/www.terredesetoiles.net\/ecocamp\/wp-content\/uploads\/2020\/01\/VillageSaharaoui-tentes-e\u0301phe\u0301me\u0300res-bivouac-Agafay-1024x659.jpg\" \/><\/a>\n\t\t\t<\/div><\/figure><figure class='gallery-item'>\n\t\t\t<div class='gallery-icon landscape'>\n\t\t\t\t<a href='https:\/\/www.terredesetoiles.net\/ecocamp\/villagesaharaoui-soiree-privee-desert-agafay\/'><img width=\"300\" height=\"300\" src=\"https:\/\/www.terredesetoiles.net\/ecocamp\/wp-content\/uploads\/2020\/01\/VillageSaharaoui-soire\u0301e-prive\u0301e-de\u0301sert-Agafay-300x300.jpg\" class=\"attachment-thumbnail size-thumbnail\" alt=\"Village Saharaoui soire\u0301e prive\u0301e de\u0301sert Agafay\" decoding=\"async\" loading=\"lazy\" data-attachment-id=\"2047\" data-orig-file=\"https:\/\/www.terredesetoiles.net\/ecocamp\/wp-content\/uploads\/2020\/01\/VillageSaharaoui-soire\u0301e-prive\u0301e-de\u0301sert-Agafay-e1577980622466.jpg\" data-orig-size=\"1280,867\" data-comments-opened=\"0\" data-image-meta=\"{&quot;aperture&quot;:&quot;4.5&quot;,&quot;credit&quot;:&quot;PHOTOGRAPHY DAMOUSS&quot;,&quot;camera&quot;:&quot;Canon EOS 5D Mark III&quot;,&quot;caption&quot;:&quot;&quot;,&quot;created_timestamp&quot;:&quot;1555961772&quot;,&quot;copyright&quot;:&quot;&quot;,&quot;focal_length&quot;:&quot;45&quot;,&quot;iso&quot;:&quot;160&quot;,&quot;shutter_speed&quot;:&quot;0.0125&quot;,&quot;title&quot;:&quot;&quot;,&quot;orientation&quot;:&quot;1&quot;,&quot;keywords&quot;:&quot;Array&quot;}\" data-image-title=\"Village Saharaoui soire\u0301e prive\u0301e de\u0301sert Agafay\" data-image-description=\"\" data-medium-file=\"https:\/\/www.terredesetoiles.net\/ecocamp\/wp-content\/uploads\/2020\/01\/VillageSaharaoui-soire\u0301e-prive\u0301e-de\u0301sert-Agafay-450x305.jpg\" data-large-file=\"https:\/\/www.terredesetoiles.net\/ecocamp\/wp-content\/uploads\/2020\/01\/VillageSaharaoui-soire\u0301e-prive\u0301e-de\u0301sert-Agafay-1024x693.jpg\" \/><\/a>\n\t\t\t<\/div><\/figure>\n\t\t<\/div>\n\n<\/div>\n<\/div><\/div><\/div><\/div><\/div><\/div><\/div>","protected":false},"excerpt":{"rendered":"<p>Dorf der Sahrawis Terre des \u00e9toiles Dorf der Sahrawis Nicht weit entfernt von den Anlagen des Terre des \u00c9toiles liegt [&hellip;]<\/p>\n","protected":false},"author":1,"featured_media":1939,"parent":0,"menu_order":0,"comment_status":"closed","ping_status":"closed","template":"","meta":[],"language":[9],"acf":[],"_links":{"self":[{"href":"https:\/\/www.terredesetoiles.net\/ecocamp\/wp-json\/wp\/v2\/pages\/2070"}],"collection":[{"href":"https:\/\/www.terredesetoiles.net\/ecocamp\/wp-json\/wp\/v2\/pages"}],"about":[{"href":"https:\/\/www.terredesetoiles.net\/ecocamp\/wp-json\/wp\/v2\/types\/page"}],"author":[{"embeddable":true,"href":"https:\/\/www.terredesetoiles.net\/ecocamp\/wp-json\/wp\/v2\/users\/1"}],"replies":[{"embeddable":true,"href":"https:\/\/www.terredesetoiles.net\/ecocamp\/wp-json\/wp\/v2\/comments?post=2070"}],"version-history":[{"count":3,"href":"https:\/\/www.terredesetoiles.net\/ecocamp\/wp-json\/wp\/v2\/pages\/2070\/revisions"}],"predecessor-version":[{"id":4462,"href":"https:\/\/www.terredesetoiles.net\/ecocamp\/wp-json\/wp\/v2\/pages\/2070\/revisions\/4462"}],"wp:featuredmedia":[{"embeddable":true,"href":"https:\/\/www.terredesetoiles.net\/ecocamp\/wp-json\/wp\/v2\/media\/1939"}],"wp:attachment":[{"href":"https:\/\/www.terredesetoiles.net\/ecocamp\/wp-json\/wp\/v2\/media?parent=2070"}],"wp:term":[{"taxonomy":"language","embeddable":true,"href":"https:\/\/www.terredesetoiles.net\/ecocamp\/wp-json\/wp\/v2\/language?post=2070"}],"curies":[{"name":"wp","href":"https:\/\/api.w.org\/{rel}","templated":true}]}}