{"id":219,"date":"2019-09-04T12:31:18","date_gmt":"2019-09-04T10:31:18","guid":{"rendered":"http:\/\/www.terredesetoiles.net\/?page_id=219"},"modified":"2019-09-11T21:42:16","modified_gmt":"2019-09-11T19:42:16","slug":"une-oasis","status":"publish","type":"page","link":"https:\/\/www.terredesetoiles.net\/ecocamp\/une-oasis\/","title":{"rendered":"Une Oasis"},"content":{"rendered":"<div id=\"pl-219\"  class=\"panel-layout\" >\n<div id=\"pg-219-0\"  class=\"panel-grid panel-no-style\"  data-style=\"{&quot;background_image_attachment&quot;:false,&quot;background_display&quot;:&quot;tile&quot;,&quot;cell_alignment&quot;:&quot;flex-start&quot;}\" >\n<div id=\"pgc-219-0-0\"  class=\"panel-grid-cell\"  data-weight=\"1\" >\n<div id=\"panel-219-0-0-0\" class=\"so-panel widget widget_media_video panel-first-child\" data-index=\"0\" data-style=\"{&quot;background&quot;:&quot;#222222&quot;,&quot;background_image_attachment&quot;:false,&quot;background_display&quot;:&quot;tile&quot;,&quot;margin&quot;:&quot;0px 0px 30px 0px&quot;}\" >\n<div class=\"panel-widget-style panel-widget-style-for-219-0-0-0\" ><div style=\"width:100%;\" class=\"wp-video\"><!--[if lt IE 9]><script>document.createElement('video');<\/script><![endif]-->\n<video class=\"wp-video-shortcode\" id=\"video-219-1\" preload=\"metadata\" controls=\"controls\"><source type=\"video\/youtube\" src=\"https:\/\/www.youtube.com\/watch?v=jBsiI7qmLiE&#038;_=1\" \/><a href=\"https:\/\/www.youtube.com\/watch?v=jBsiI7qmLiE\">https:\/\/www.youtube.com\/watch?v=jBsiI7qmLiE<\/a><\/video><\/div><\/div>\n<\/div>\n<div id=\"panel-219-0-0-1\" class=\"so-panel widget widget_sow-editor panel-last-child\" data-index=\"1\" data-style=\"{&quot;background_image_attachment&quot;:false,&quot;background_display&quot;:&quot;tile&quot;}\" >\n<div class=\"so-widget-sow-editor so-widget-sow-editor-base\">\n<div class=\"siteorigin-widget-tinymce textwidget\">\n<h4 class=\"col1\">Faire na\u00eetre une oasis au coeur du d\u00e9sert d&rsquo;Agafay, \u00e0 Marrakech<\/h4>\n<p>Et si d&rsquo;une simple graine, tout \u00e9tait possible. Si Dame Nature pouvait reprendre ses droits sur ces terres hostiles. Si par un travail acharn\u00e9, quelques hommes pouvaient leur rendre leur vitalit\u00e9 d&rsquo;antan. Autant de r\u00e9flexions qui ont anim\u00e9 le projet de Terre des Etoiles qui, en plus d&rsquo;offrir l&rsquo;opportunit\u00e9 de d\u00e9couvrir le d\u00e9sert, souhaitait pouvoir apporter \u00e0 ces terres un souffle nouveau.<\/p>\n<div data-carousel-extra='{\"blog_id\":1,\"permalink\":\"https:\\\/\\\/www.terredesetoiles.net\\\/ecocamp\\\/une-oasis\\\/\",\"likes_blog_id\":false}' id='gallery-1' class='gallery galleryid-219 gallery-columns-6 gallery-size-thumbnail'><figure class='gallery-item'>\n\t\t\t<div class='gallery-icon landscape'>\n\t\t\t\t<a href='https:\/\/www.terredesetoiles.net\/ecocamp\/une-oasis\/oasis-desert-agafay-marrakech-maroc-terredesetoiles-6\/'><img width=\"300\" height=\"300\" src=\"https:\/\/www.terredesetoiles.net\/ecocamp\/wp-content\/uploads\/2019\/09\/oasis-desert-agafay-marrakech-maroc-terredesetoiles-6-300x300.jpg\" class=\"attachment-thumbnail size-thumbnail\" alt=\"Oasis desert Agafay Marrakech Maroc Terre des Etoiles\" decoding=\"async\" loading=\"lazy\" data-attachment-id=\"249\" data-orig-file=\"https:\/\/www.terredesetoiles.net\/ecocamp\/wp-content\/uploads\/2019\/09\/oasis-desert-agafay-marrakech-maroc-terredesetoiles-6.jpg\" data-orig-size=\"1280,853\" data-comments-opened=\"0\" data-image-meta=\"{&quot;aperture&quot;:&quot;0&quot;,&quot;credit&quot;:&quot;&quot;,&quot;camera&quot;:&quot;&quot;,&quot;caption&quot;:&quot;&quot;,&quot;created_timestamp&quot;:&quot;0&quot;,&quot;copyright&quot;:&quot;&quot;,&quot;focal_length&quot;:&quot;0&quot;,&quot;iso&quot;:&quot;0&quot;,&quot;shutter_speed&quot;:&quot;0&quot;,&quot;title&quot;:&quot;&quot;,&quot;orientation&quot;:&quot;0&quot;,&quot;keywords&quot;:&quot;Array&quot;}\" data-image-title=\"Oasis desert Agafay Marrakech Maroc Terre des Etoiles\" data-image-description=\"\" data-medium-file=\"https:\/\/www.terredesetoiles.net\/ecocamp\/wp-content\/uploads\/2019\/09\/oasis-desert-agafay-marrakech-maroc-terredesetoiles-6-450x300.jpg\" data-large-file=\"https:\/\/www.terredesetoiles.net\/ecocamp\/wp-content\/uploads\/2019\/09\/oasis-desert-agafay-marrakech-maroc-terredesetoiles-6-1024x682.jpg\" \/><\/a>\n\t\t\t<\/div><\/figure><figure class='gallery-item'>\n\t\t\t<div class='gallery-icon landscape'>\n\t\t\t\t<a href='https:\/\/www.terredesetoiles.net\/ecocamp\/une-oasis\/oasis-desert-agafay-marrakech-maroc-terredesetoiles-2\/'><img width=\"300\" height=\"300\" src=\"https:\/\/www.terredesetoiles.net\/ecocamp\/wp-content\/uploads\/2019\/09\/oasis-desert-agafay-marrakech-maroc-terredesetoiles-2-300x300.jpg\" class=\"attachment-thumbnail size-thumbnail\" alt=\"Oasis desert Agafay Marrakech Maroc Terre des Etoiles\" decoding=\"async\" loading=\"lazy\" data-attachment-id=\"245\" data-orig-file=\"https:\/\/www.terredesetoiles.net\/ecocamp\/wp-content\/uploads\/2019\/09\/oasis-desert-agafay-marrakech-maroc-terredesetoiles-2.jpg\" data-orig-size=\"1280,960\" data-comments-opened=\"0\" data-image-meta=\"{&quot;aperture&quot;:&quot;0&quot;,&quot;credit&quot;:&quot;&quot;,&quot;camera&quot;:&quot;&quot;,&quot;caption&quot;:&quot;&quot;,&quot;created_timestamp&quot;:&quot;0&quot;,&quot;copyright&quot;:&quot;&quot;,&quot;focal_length&quot;:&quot;0&quot;,&quot;iso&quot;:&quot;0&quot;,&quot;shutter_speed&quot;:&quot;0&quot;,&quot;title&quot;:&quot;&quot;,&quot;orientation&quot;:&quot;0&quot;,&quot;keywords&quot;:&quot;Array&quot;}\" data-image-title=\"Oasis desert Agafay Marrakech Maroc Terre des Etoiles\" data-image-description=\"\" data-medium-file=\"https:\/\/www.terredesetoiles.net\/ecocamp\/wp-content\/uploads\/2019\/09\/oasis-desert-agafay-marrakech-maroc-terredesetoiles-2-450x338.jpg\" data-large-file=\"https:\/\/www.terredesetoiles.net\/ecocamp\/wp-content\/uploads\/2019\/09\/oasis-desert-agafay-marrakech-maroc-terredesetoiles-2-1024x768.jpg\" \/><\/a>\n\t\t\t<\/div><\/figure><figure class='gallery-item'>\n\t\t\t<div class='gallery-icon landscape'>\n\t\t\t\t<a href='https:\/\/www.terredesetoiles.net\/ecocamp\/une-oasis\/oasis-desert-agafay-marrakech-maroc-terredesetoiles-1\/'><img width=\"300\" height=\"300\" src=\"https:\/\/www.terredesetoiles.net\/ecocamp\/wp-content\/uploads\/2019\/09\/oasis-desert-agafay-marrakech-maroc-terredesetoiles-1-300x300.jpg\" class=\"attachment-thumbnail size-thumbnail\" alt=\"Oasis desert Agafay Marrakech Maroc Terre des Etoiles\" decoding=\"async\" loading=\"lazy\" data-attachment-id=\"244\" data-orig-file=\"https:\/\/www.terredesetoiles.net\/ecocamp\/wp-content\/uploads\/2019\/09\/oasis-desert-agafay-marrakech-maroc-terredesetoiles-1.jpg\" data-orig-size=\"1280,853\" data-comments-opened=\"0\" data-image-meta=\"{&quot;aperture&quot;:&quot;0&quot;,&quot;credit&quot;:&quot;&quot;,&quot;camera&quot;:&quot;&quot;,&quot;caption&quot;:&quot;&quot;,&quot;created_timestamp&quot;:&quot;0&quot;,&quot;copyright&quot;:&quot;&quot;,&quot;focal_length&quot;:&quot;0&quot;,&quot;iso&quot;:&quot;0&quot;,&quot;shutter_speed&quot;:&quot;0&quot;,&quot;title&quot;:&quot;&quot;,&quot;orientation&quot;:&quot;0&quot;,&quot;keywords&quot;:&quot;Array&quot;}\" data-image-title=\"Oasis desert Agafay Marrakech Maroc Terre des Etoiles\" data-image-description=\"\" data-medium-file=\"https:\/\/www.terredesetoiles.net\/ecocamp\/wp-content\/uploads\/2019\/09\/oasis-desert-agafay-marrakech-maroc-terredesetoiles-1-450x300.jpg\" data-large-file=\"https:\/\/www.terredesetoiles.net\/ecocamp\/wp-content\/uploads\/2019\/09\/oasis-desert-agafay-marrakech-maroc-terredesetoiles-1-1024x682.jpg\" \/><\/a>\n\t\t\t<\/div><\/figure><figure class='gallery-item'>\n\t\t\t<div class='gallery-icon landscape'>\n\t\t\t\t<a href='https:\/\/www.terredesetoiles.net\/ecocamp\/une-oasis\/oasis-desert-agafay-marrakech-maroc-terredesetoiles-3\/'><img width=\"300\" height=\"300\" src=\"https:\/\/www.terredesetoiles.net\/ecocamp\/wp-content\/uploads\/2019\/09\/oasis-desert-agafay-marrakech-maroc-terredesetoiles-3-300x300.jpg\" class=\"attachment-thumbnail size-thumbnail\" alt=\"Oasis desert Agafay Marrakech Maroc Terre des Etoiles\" decoding=\"async\" loading=\"lazy\" data-attachment-id=\"246\" data-orig-file=\"https:\/\/www.terredesetoiles.net\/ecocamp\/wp-content\/uploads\/2019\/09\/oasis-desert-agafay-marrakech-maroc-terredesetoiles-3.jpg\" data-orig-size=\"1280,853\" data-comments-opened=\"0\" data-image-meta=\"{&quot;aperture&quot;:&quot;0&quot;,&quot;credit&quot;:&quot;&quot;,&quot;camera&quot;:&quot;&quot;,&quot;caption&quot;:&quot;&quot;,&quot;created_timestamp&quot;:&quot;0&quot;,&quot;copyright&quot;:&quot;&quot;,&quot;focal_length&quot;:&quot;0&quot;,&quot;iso&quot;:&quot;0&quot;,&quot;shutter_speed&quot;:&quot;0&quot;,&quot;title&quot;:&quot;&quot;,&quot;orientation&quot;:&quot;0&quot;,&quot;keywords&quot;:&quot;Array&quot;}\" data-image-title=\"Oasis desert Agafay Marrakech Maroc Terre des Etoiles\" data-image-description=\"\" data-medium-file=\"https:\/\/www.terredesetoiles.net\/ecocamp\/wp-content\/uploads\/2019\/09\/oasis-desert-agafay-marrakech-maroc-terredesetoiles-3-450x300.jpg\" data-large-file=\"https:\/\/www.terredesetoiles.net\/ecocamp\/wp-content\/uploads\/2019\/09\/oasis-desert-agafay-marrakech-maroc-terredesetoiles-3-1024x682.jpg\" \/><\/a>\n\t\t\t<\/div><\/figure><figure class='gallery-item'>\n\t\t\t<div class='gallery-icon landscape'>\n\t\t\t\t<a href='https:\/\/www.terredesetoiles.net\/ecocamp\/une-oasis\/oasis-desert-agafay-marrakech-maroc-terredesetoiles-4\/'><img width=\"300\" height=\"300\" src=\"https:\/\/www.terredesetoiles.net\/ecocamp\/wp-content\/uploads\/2019\/09\/oasis-desert-agafay-marrakech-maroc-terredesetoiles-4-300x300.jpg\" class=\"attachment-thumbnail size-thumbnail\" alt=\"Oasis desert Agafay Marrakech Maroc Terre des Etoiles\" decoding=\"async\" loading=\"lazy\" data-attachment-id=\"247\" data-orig-file=\"https:\/\/www.terredesetoiles.net\/ecocamp\/wp-content\/uploads\/2019\/09\/oasis-desert-agafay-marrakech-maroc-terredesetoiles-4.jpg\" data-orig-size=\"1280,960\" data-comments-opened=\"0\" data-image-meta=\"{&quot;aperture&quot;:&quot;0&quot;,&quot;credit&quot;:&quot;&quot;,&quot;camera&quot;:&quot;&quot;,&quot;caption&quot;:&quot;&quot;,&quot;created_timestamp&quot;:&quot;0&quot;,&quot;copyright&quot;:&quot;&quot;,&quot;focal_length&quot;:&quot;0&quot;,&quot;iso&quot;:&quot;0&quot;,&quot;shutter_speed&quot;:&quot;0&quot;,&quot;title&quot;:&quot;&quot;,&quot;orientation&quot;:&quot;0&quot;,&quot;keywords&quot;:&quot;Array&quot;}\" data-image-title=\"Oasis desert Agafay Marrakech Maroc Terre des Etoiles\" data-image-description=\"\" data-medium-file=\"https:\/\/www.terredesetoiles.net\/ecocamp\/wp-content\/uploads\/2019\/09\/oasis-desert-agafay-marrakech-maroc-terredesetoiles-4-450x338.jpg\" data-large-file=\"https:\/\/www.terredesetoiles.net\/ecocamp\/wp-content\/uploads\/2019\/09\/oasis-desert-agafay-marrakech-maroc-terredesetoiles-4-1024x768.jpg\" \/><\/a>\n\t\t\t<\/div><\/figure><figure class='gallery-item'>\n\t\t\t<div class='gallery-icon landscape'>\n\t\t\t\t<a href='https:\/\/www.terredesetoiles.net\/ecocamp\/une-oasis\/oasis-desert-agafay-marrakech-maroc-terredesetoiles-5\/'><img width=\"300\" height=\"300\" src=\"https:\/\/www.terredesetoiles.net\/ecocamp\/wp-content\/uploads\/2019\/09\/oasis-desert-agafay-marrakech-maroc-terredesetoiles-5-300x300.jpg\" class=\"attachment-thumbnail size-thumbnail\" alt=\"Oasis desert Agafay Marrakech Maroc Terre des Etoiles\" decoding=\"async\" loading=\"lazy\" data-attachment-id=\"248\" data-orig-file=\"https:\/\/www.terredesetoiles.net\/ecocamp\/wp-content\/uploads\/2019\/09\/oasis-desert-agafay-marrakech-maroc-terredesetoiles-5.jpg\" data-orig-size=\"1280,853\" data-comments-opened=\"0\" data-image-meta=\"{&quot;aperture&quot;:&quot;0&quot;,&quot;credit&quot;:&quot;&quot;,&quot;camera&quot;:&quot;&quot;,&quot;caption&quot;:&quot;&quot;,&quot;created_timestamp&quot;:&quot;0&quot;,&quot;copyright&quot;:&quot;&quot;,&quot;focal_length&quot;:&quot;0&quot;,&quot;iso&quot;:&quot;0&quot;,&quot;shutter_speed&quot;:&quot;0&quot;,&quot;title&quot;:&quot;&quot;,&quot;orientation&quot;:&quot;0&quot;,&quot;keywords&quot;:&quot;Array&quot;}\" data-image-title=\"Oasis desert Agafay Marrakech Maroc Terre des Etoiles\" data-image-description=\"\" data-medium-file=\"https:\/\/www.terredesetoiles.net\/ecocamp\/wp-content\/uploads\/2019\/09\/oasis-desert-agafay-marrakech-maroc-terredesetoiles-5-450x300.jpg\" data-large-file=\"https:\/\/www.terredesetoiles.net\/ecocamp\/wp-content\/uploads\/2019\/09\/oasis-desert-agafay-marrakech-maroc-terredesetoiles-5-1024x682.jpg\" \/><\/a>\n\t\t\t<\/div><\/figure>\n\t\t<\/div>\n\n<p>Patiemment, quelques passionn\u00e9s dans cette qu\u00eate de rev\u00e9g\u00e9talisation du d\u00e9sert, ont pos\u00e9 les bases de cette oasis qui jour apr\u00e8s jour voit sa couverture v\u00e9g\u00e9tale s&rsquo;\u00e9tendre davantage et ses cultures maraich\u00e8res empreintes de durabilit\u00e9 porter leurs fruits. <\/p>\n<div data-carousel-extra='{\"blog_id\":1,\"permalink\":\"https:\\\/\\\/www.terredesetoiles.net\\\/ecocamp\\\/une-oasis\\\/\",\"likes_blog_id\":false}' id='gallery-2' class='gallery galleryid-219 gallery-columns-6 gallery-size-thumbnail'><figure class='gallery-item'>\n\t\t\t<div class='gallery-icon landscape'>\n\t\t\t\t<a href='https:\/\/www.terredesetoiles.net\/ecocamp\/une-oasis\/oasis-desert-agafay-marrakech-maroc-terredesetoiles-12\/'><img width=\"300\" height=\"300\" src=\"https:\/\/www.terredesetoiles.net\/ecocamp\/wp-content\/uploads\/2019\/09\/oasis-desert-agafay-marrakech-maroc-terredesetoiles-12-300x300.jpg\" class=\"attachment-thumbnail size-thumbnail\" alt=\"Oasis desert Agafay Marrakech Maroc Terre des Etoiles\" decoding=\"async\" loading=\"lazy\" data-attachment-id=\"255\" data-orig-file=\"https:\/\/www.terredesetoiles.net\/ecocamp\/wp-content\/uploads\/2019\/09\/oasis-desert-agafay-marrakech-maroc-terredesetoiles-12.jpg\" data-orig-size=\"1280,853\" data-comments-opened=\"0\" data-image-meta=\"{&quot;aperture&quot;:&quot;0&quot;,&quot;credit&quot;:&quot;&quot;,&quot;camera&quot;:&quot;&quot;,&quot;caption&quot;:&quot;&quot;,&quot;created_timestamp&quot;:&quot;0&quot;,&quot;copyright&quot;:&quot;&quot;,&quot;focal_length&quot;:&quot;0&quot;,&quot;iso&quot;:&quot;0&quot;,&quot;shutter_speed&quot;:&quot;0&quot;,&quot;title&quot;:&quot;&quot;,&quot;orientation&quot;:&quot;0&quot;,&quot;keywords&quot;:&quot;Array&quot;}\" data-image-title=\"Oasis desert Agafay Marrakech Maroc Terre des Etoiles\" data-image-description=\"\" data-medium-file=\"https:\/\/www.terredesetoiles.net\/ecocamp\/wp-content\/uploads\/2019\/09\/oasis-desert-agafay-marrakech-maroc-terredesetoiles-12-450x300.jpg\" data-large-file=\"https:\/\/www.terredesetoiles.net\/ecocamp\/wp-content\/uploads\/2019\/09\/oasis-desert-agafay-marrakech-maroc-terredesetoiles-12-1024x682.jpg\" \/><\/a>\n\t\t\t<\/div><\/figure><figure class='gallery-item'>\n\t\t\t<div class='gallery-icon landscape'>\n\t\t\t\t<a href='https:\/\/www.terredesetoiles.net\/ecocamp\/une-oasis\/oasis-desert-agafay-marrakech-maroc-terredesetoiles-10\/'><img width=\"300\" height=\"300\" src=\"https:\/\/www.terredesetoiles.net\/ecocamp\/wp-content\/uploads\/2019\/09\/oasis-desert-agafay-marrakech-maroc-terredesetoiles-10-300x300.jpg\" class=\"attachment-thumbnail size-thumbnail\" alt=\"Oasis desert Agafay Marrakech Maroc Terre des Etoiles\" decoding=\"async\" loading=\"lazy\" data-attachment-id=\"253\" data-orig-file=\"https:\/\/www.terredesetoiles.net\/ecocamp\/wp-content\/uploads\/2019\/09\/oasis-desert-agafay-marrakech-maroc-terredesetoiles-10.jpg\" data-orig-size=\"1280,853\" data-comments-opened=\"0\" data-image-meta=\"{&quot;aperture&quot;:&quot;0&quot;,&quot;credit&quot;:&quot;&quot;,&quot;camera&quot;:&quot;&quot;,&quot;caption&quot;:&quot;&quot;,&quot;created_timestamp&quot;:&quot;0&quot;,&quot;copyright&quot;:&quot;&quot;,&quot;focal_length&quot;:&quot;0&quot;,&quot;iso&quot;:&quot;0&quot;,&quot;shutter_speed&quot;:&quot;0&quot;,&quot;title&quot;:&quot;&quot;,&quot;orientation&quot;:&quot;0&quot;,&quot;keywords&quot;:&quot;Array&quot;}\" data-image-title=\"Oasis desert Agafay Marrakech Maroc Terre des Etoiles\" data-image-description=\"\" data-medium-file=\"https:\/\/www.terredesetoiles.net\/ecocamp\/wp-content\/uploads\/2019\/09\/oasis-desert-agafay-marrakech-maroc-terredesetoiles-10-450x300.jpg\" data-large-file=\"https:\/\/www.terredesetoiles.net\/ecocamp\/wp-content\/uploads\/2019\/09\/oasis-desert-agafay-marrakech-maroc-terredesetoiles-10-1024x682.jpg\" \/><\/a>\n\t\t\t<\/div><\/figure><figure class='gallery-item'>\n\t\t\t<div class='gallery-icon landscape'>\n\t\t\t\t<a href='https:\/\/www.terredesetoiles.net\/ecocamp\/une-oasis\/oasis-desert-agafay-marrakech-maroc-terredesetoiles-7\/'><img width=\"300\" height=\"300\" src=\"https:\/\/www.terredesetoiles.net\/ecocamp\/wp-content\/uploads\/2019\/09\/oasis-desert-agafay-marrakech-maroc-terredesetoiles-7-300x300.jpg\" class=\"attachment-thumbnail size-thumbnail\" alt=\"Oasis desert Agafay Marrakech Maroc Terre des Etoiles\" decoding=\"async\" loading=\"lazy\" data-attachment-id=\"250\" data-orig-file=\"https:\/\/www.terredesetoiles.net\/ecocamp\/wp-content\/uploads\/2019\/09\/oasis-desert-agafay-marrakech-maroc-terredesetoiles-7.jpg\" data-orig-size=\"1280,853\" data-comments-opened=\"0\" data-image-meta=\"{&quot;aperture&quot;:&quot;0&quot;,&quot;credit&quot;:&quot;&quot;,&quot;camera&quot;:&quot;&quot;,&quot;caption&quot;:&quot;&quot;,&quot;created_timestamp&quot;:&quot;0&quot;,&quot;copyright&quot;:&quot;&quot;,&quot;focal_length&quot;:&quot;0&quot;,&quot;iso&quot;:&quot;0&quot;,&quot;shutter_speed&quot;:&quot;0&quot;,&quot;title&quot;:&quot;&quot;,&quot;orientation&quot;:&quot;0&quot;,&quot;keywords&quot;:&quot;Array&quot;}\" data-image-title=\"Oasis desert Agafay Marrakech Maroc Terre des Etoiles\" data-image-description=\"\" data-medium-file=\"https:\/\/www.terredesetoiles.net\/ecocamp\/wp-content\/uploads\/2019\/09\/oasis-desert-agafay-marrakech-maroc-terredesetoiles-7-450x300.jpg\" data-large-file=\"https:\/\/www.terredesetoiles.net\/ecocamp\/wp-content\/uploads\/2019\/09\/oasis-desert-agafay-marrakech-maroc-terredesetoiles-7-1024x682.jpg\" \/><\/a>\n\t\t\t<\/div><\/figure><figure class='gallery-item'>\n\t\t\t<div class='gallery-icon landscape'>\n\t\t\t\t<a href='https:\/\/www.terredesetoiles.net\/ecocamp\/une-oasis\/oasis-desert-agafay-marrakech-maroc-terredesetoiles-8\/'><img width=\"300\" height=\"300\" src=\"https:\/\/www.terredesetoiles.net\/ecocamp\/wp-content\/uploads\/2019\/09\/oasis-desert-agafay-marrakech-maroc-terredesetoiles-8-300x300.jpg\" class=\"attachment-thumbnail size-thumbnail\" alt=\"Oasis desert Agafay Marrakech Maroc Terre des Etoiles\" decoding=\"async\" loading=\"lazy\" data-attachment-id=\"251\" data-orig-file=\"https:\/\/www.terredesetoiles.net\/ecocamp\/wp-content\/uploads\/2019\/09\/oasis-desert-agafay-marrakech-maroc-terredesetoiles-8.jpg\" data-orig-size=\"960,426\" data-comments-opened=\"0\" data-image-meta=\"{&quot;aperture&quot;:&quot;0&quot;,&quot;credit&quot;:&quot;&quot;,&quot;camera&quot;:&quot;&quot;,&quot;caption&quot;:&quot;&quot;,&quot;created_timestamp&quot;:&quot;0&quot;,&quot;copyright&quot;:&quot;&quot;,&quot;focal_length&quot;:&quot;0&quot;,&quot;iso&quot;:&quot;0&quot;,&quot;shutter_speed&quot;:&quot;0&quot;,&quot;title&quot;:&quot;&quot;,&quot;orientation&quot;:&quot;0&quot;,&quot;keywords&quot;:&quot;Array&quot;}\" data-image-title=\"oasis-desert-agafay-marrakech-maroc-terredesetoiles-8\" data-image-description=\"\" data-medium-file=\"https:\/\/www.terredesetoiles.net\/ecocamp\/wp-content\/uploads\/2019\/09\/oasis-desert-agafay-marrakech-maroc-terredesetoiles-8-450x200.jpg\" data-large-file=\"https:\/\/www.terredesetoiles.net\/ecocamp\/wp-content\/uploads\/2019\/09\/oasis-desert-agafay-marrakech-maroc-terredesetoiles-8.jpg\" \/><\/a>\n\t\t\t<\/div><\/figure><figure class='gallery-item'>\n\t\t\t<div class='gallery-icon landscape'>\n\t\t\t\t<a href='https:\/\/www.terredesetoiles.net\/ecocamp\/une-oasis\/oasis-desert-agafay-marrakech-maroc-terredesetoiles-14\/'><img width=\"300\" height=\"300\" src=\"https:\/\/www.terredesetoiles.net\/ecocamp\/wp-content\/uploads\/2019\/09\/oasis-desert-agafay-marrakech-maroc-terredesetoiles-14-300x300.jpg\" class=\"attachment-thumbnail size-thumbnail\" alt=\"Oasis desert Agafay Marrakech Maroc Terre des Etoiles\" decoding=\"async\" loading=\"lazy\" data-attachment-id=\"257\" data-orig-file=\"https:\/\/www.terredesetoiles.net\/ecocamp\/wp-content\/uploads\/2019\/09\/oasis-desert-agafay-marrakech-maroc-terredesetoiles-14.jpg\" data-orig-size=\"1280,853\" data-comments-opened=\"0\" data-image-meta=\"{&quot;aperture&quot;:&quot;0&quot;,&quot;credit&quot;:&quot;&quot;,&quot;camera&quot;:&quot;&quot;,&quot;caption&quot;:&quot;&quot;,&quot;created_timestamp&quot;:&quot;0&quot;,&quot;copyright&quot;:&quot;&quot;,&quot;focal_length&quot;:&quot;0&quot;,&quot;iso&quot;:&quot;0&quot;,&quot;shutter_speed&quot;:&quot;0&quot;,&quot;title&quot;:&quot;&quot;,&quot;orientation&quot;:&quot;0&quot;,&quot;keywords&quot;:&quot;Array&quot;}\" data-image-title=\"Oasis desert Agafay Marrakech Maroc Terre des Etoiles\" data-image-description=\"\" data-medium-file=\"https:\/\/www.terredesetoiles.net\/ecocamp\/wp-content\/uploads\/2019\/09\/oasis-desert-agafay-marrakech-maroc-terredesetoiles-14-450x300.jpg\" data-large-file=\"https:\/\/www.terredesetoiles.net\/ecocamp\/wp-content\/uploads\/2019\/09\/oasis-desert-agafay-marrakech-maroc-terredesetoiles-14-1024x682.jpg\" \/><\/a>\n\t\t\t<\/div><\/figure><figure class='gallery-item'>\n\t\t\t<div class='gallery-icon landscape'>\n\t\t\t\t<a href='https:\/\/www.terredesetoiles.net\/ecocamp\/une-oasis\/oasis-desert-agafay-marrakech-maroc-terredesetoiles-9\/'><img width=\"300\" height=\"300\" src=\"https:\/\/www.terredesetoiles.net\/ecocamp\/wp-content\/uploads\/2019\/09\/oasis-desert-agafay-marrakech-maroc-terredesetoiles-9-300x300.jpg\" class=\"attachment-thumbnail size-thumbnail\" alt=\"Oasis desert Agafay Marrakech Maroc Terre des Etoiles\" decoding=\"async\" loading=\"lazy\" data-attachment-id=\"252\" data-orig-file=\"https:\/\/www.terredesetoiles.net\/ecocamp\/wp-content\/uploads\/2019\/09\/oasis-desert-agafay-marrakech-maroc-terredesetoiles-9.jpg\" data-orig-size=\"1280,960\" data-comments-opened=\"0\" data-image-meta=\"{&quot;aperture&quot;:&quot;0&quot;,&quot;credit&quot;:&quot;&quot;,&quot;camera&quot;:&quot;&quot;,&quot;caption&quot;:&quot;&quot;,&quot;created_timestamp&quot;:&quot;0&quot;,&quot;copyright&quot;:&quot;&quot;,&quot;focal_length&quot;:&quot;0&quot;,&quot;iso&quot;:&quot;0&quot;,&quot;shutter_speed&quot;:&quot;0&quot;,&quot;title&quot;:&quot;&quot;,&quot;orientation&quot;:&quot;0&quot;,&quot;keywords&quot;:&quot;Array&quot;}\" data-image-title=\"Oasis desert Agafay Marrakech Maroc Terre des Etoiles\" data-image-description=\"\" data-medium-file=\"https:\/\/www.terredesetoiles.net\/ecocamp\/wp-content\/uploads\/2019\/09\/oasis-desert-agafay-marrakech-maroc-terredesetoiles-9-450x338.jpg\" data-large-file=\"https:\/\/www.terredesetoiles.net\/ecocamp\/wp-content\/uploads\/2019\/09\/oasis-desert-agafay-marrakech-maroc-terredesetoiles-9-1024x768.jpg\" \/><\/a>\n\t\t\t<\/div><\/figure>\n\t\t<\/div>\n\n<p>Ici, de la terre \u00e0 l&rsquo;assiette, il n&rsquo;y a qu&rsquo;un pas ; chaque jour la r\u00e9colte de bons produits du potager en permaculture se retrouve dans de savoureuses compositions locales et color\u00e9es.<br \/>\nJouxtant cet agr\u00e9able jardin o\u00f9 il fait bon fl\u00e2ner entre les plantations, une charmante petite m\u00e9nagerie o\u00f9 se c\u00f4toient basse-cour, \u00e2nes et ch\u00e8vres, a \u00e9galement \u00e9t\u00e9 am\u00e9nag\u00e9e.<\/p>\n<p class=\"botones\"><a class=\"btn1\" style=\"margin-right: 5px;\" href=\"https:\/\/www.terredesetoiles.net\/ecocamp\/contact\/\"><i class=\"fa fa-envelope\"><\/i> Contactez-nous<\/a> <a class=\"btn3\" href=\"https:\/\/www.terredesetoiles.net\/ecocamp\/booking.html\"><i class=\"fa fa-calendar\"><\/i> R\u00e9server en Ligne<\/a><\/p>\n<\/div>\n<\/div>\n<\/div>\n<\/div>\n<\/div>\n<\/div>\n","protected":false},"excerpt":{"rendered":"<p>Faire na\u00eetre une oasis au coeur du d\u00e9sert d&rsquo;Agafay, \u00e0 Marrakech Et si d&rsquo;une simple graine, tout \u00e9tait possible. Si [&hellip;]<\/p>\n","protected":false},"author":1,"featured_media":244,"parent":0,"menu_order":0,"comment_status":"closed","ping_status":"closed","template":"","meta":[],"language":[],"acf":[],"_links":{"self":[{"href":"https:\/\/www.terredesetoiles.net\/ecocamp\/wp-json\/wp\/v2\/pages\/219"}],"collection":[{"href":"https:\/\/www.terredesetoiles.net\/ecocamp\/wp-json\/wp\/v2\/pages"}],"about":[{"href":"https:\/\/www.terredesetoiles.net\/ecocamp\/wp-json\/wp\/v2\/types\/page"}],"author":[{"embeddable":true,"href":"https:\/\/www.terredesetoiles.net\/ecocamp\/wp-json\/wp\/v2\/users\/1"}],"replies":[{"embeddable":true,"href":"https:\/\/www.terredesetoiles.net\/ecocamp\/wp-json\/wp\/v2\/comments?post=219"}],"version-history":[{"count":0,"href":"https:\/\/www.terredesetoiles.net\/ecocamp\/wp-json\/wp\/v2\/pages\/219\/revisions"}],"wp:featuredmedia":[{"embeddable":true,"href":"https:\/\/www.terredesetoiles.net\/ecocamp\/wp-json\/wp\/v2\/media\/244"}],"wp:attachment":[{"href":"https:\/\/www.terredesetoiles.net\/ecocamp\/wp-json\/wp\/v2\/media?parent=219"}],"wp:term":[{"taxonomy":"language","embeddable":true,"href":"https:\/\/www.terredesetoiles.net\/ecocamp\/wp-json\/wp\/v2\/language?post=219"}],"curies":[{"name":"wp","href":"https:\/\/api.w.org\/{rel}","templated":true}]}}