{"id":2535,"date":"2020-02-10T11:08:50","date_gmt":"2020-02-10T10:08:50","guid":{"rendered":"https:\/\/www.terredesetoiles.net\/ecocamp\/?page_id=2535"},"modified":"2021-06-07T12:34:30","modified_gmt":"2021-06-07T10:34:30","slug":"de-enterrement-de-vie-de-jeune-fille","status":"publish","type":"page","link":"https:\/\/www.terredesetoiles.net\/ecocamp\/experiences\/de-enterrement-de-vie-de-jeune-fille\/","title":{"rendered":"Junggesellenabschied f\u00fcr die Braut"},"content":{"rendered":"<p>Der Junggesellenabschied ist der perfekte Anlass, um ein Wochenende lang nur mit den Freundinnen zu verbringen und abzuschalten. Ein Wochenende im Zeichen der Natur, der ideale Ort, um unter Freunden zu sein, zu faulenzen aber auch um aktiv zu werden&#8230;und f\u00fcr den exotischen Touch haben wir die Dromedare!<\/p>\n<p><strong>Tag 1: ANKUNFT \/ W\u00dcSTE VON AGAFAY <\/strong><br \/>\nFlug nach Marrakesch. Sie werden von einem franz\u00f6sischsprachigen Mitarbeiter in Empfang genommen und direkt in die W\u00fcste von Agafay, in unmittelbarer N\u00e4he von Marrakesch, gebracht. Dort erwartet Sie unser unglaubliches Eco Camp: Terre des Etoiles. Verloren inmitten der weiten W\u00fcstenlandschaft, mit Blick auf die Gipfel des Atlasgebirges k\u00f6nnen Sie die W\u00fcste auf ganz besondere Art und Weise erleben. Der Inhaber wird Sie auf dem R\u00fccken der Dromedare durch die Anlagen f\u00fchren: die G\u00e4rten, der Gem\u00fcsegarten, die Tierst\u00e4lle, die Schwimmbecken, das Restaurant&#8230;Bei Sonnenuntergang dann ein kleiner Aperitif und anschlie\u00dfend ein typisch marokkanisches Abendessen unter dem bezaubernden Sternhimmel.<\/p>\n<p><strong>Tag 2: W\u00dcSTE VON AGAFAY<\/strong><br \/>\nNach einem k\u00f6stlichen marokkanischem Fr\u00fchst\u00fcck stehen Ihnen verschiedene Aktivit\u00e4ten zur Auswahl: Meditation, Yoga oder etwas Gartenarbeit? Danach machen Sie sich auf immer in Richtung des Horizonts f\u00fcr einen Ausflug zu Fu\u00df oder mit dem Fahrrad. Ein leckeres Picknick inmitten der atemberaubenden W\u00fcste von Agafay erwartet Sie. Der Nachmittag ist dann nur f\u00fcr Wellness vorgesehen: die Seele am Rand des Pools baumeln lassen und dann eine Massage zur wahrhaften Tiefenentspannung.<br \/>\nAm Abend nach dem Abendessen erhalten Sie eine kleine Einf\u00fchrung in die Astronomie, hier in der Dunkelheit ist es besonders einfach die Sterne zu beobachten und der Himmel wird Ihnen so leuchtend wie noch nie zuvor erscheinen. Als kr\u00f6nender Abschluss dieses traumhaften Abends laden wir Sie zur Gnaoua-Musik am Lagerfeuer ein.<\/p>\n<p><strong>Tag 3: W\u00dcSTE VON AGAFAY \/ ABFAHRT  <\/strong>                                                                                     Nach dem Fr\u00fchst\u00fcck verlassen Sie die W\u00fcste und kehren zur\u00fcck in die Zivilisation. Gem\u00e4\u00df Ihren Abflugzeiten k\u00f6nnen Sie eine Shopping-Pause bei der Kooperativen in Tamesloht und\/oder in Marrakesch einlegen. Anschlie\u00dfend Shuttle zum Flughafen.<\/p>\n<p><strong>INBEGRIFFEN SIND:<\/strong><br \/>\n\u2013 2 \u00dcbernachtungen im Doppelzelt mit Fr\u00fchst\u00fcck<br \/>\n\u2013 2 Mahlzeiten im Terre des Etoiles<br \/>\n\u2013 1 Picknick<br \/>\n\u2013 1 Ausritt auf Dromedaren<br \/>\n\u2013 1 Massage<br \/>\n\u2013 2 Aperitifs<br \/>\n\u2013 1 Einf\u00fchrung in die Astronomie<br \/>\n\u2013 Transport (hin und zur\u00fcck) zum Flughafen\/Hotel<\/p>\n<p>&nbsp;<\/p>\n<div data-carousel-extra='{\"blog_id\":1,\"permalink\":\"https:\\\/\\\/www.terredesetoiles.net\\\/ecocamp\\\/experiences\\\/de-enterrement-de-vie-de-jeune-fille\\\/\",\"likes_blog_id\":false}' id='gallery-1' class='gallery galleryid-2535 gallery-columns-6 gallery-size-thumbnail'><figure class='gallery-item'>\n\t\t\t<div class='gallery-icon landscape'>\n\t\t\t\t<a href='https:\/\/www.terredesetoiles.net\/ecocamp\/event_terredesetoiles_agafay_gnaous\/'><img width=\"300\" height=\"300\" src=\"https:\/\/www.terredesetoiles.net\/ecocamp\/wp-content\/uploads\/2020\/01\/event_terredesEtoiles_Agafay_Gnaous-300x300.jpg\" class=\"attachment-thumbnail size-thumbnail\" alt=\"event_terredesEtoiles_Agafay_Gnaouas\" decoding=\"async\" loading=\"lazy\" data-attachment-id=\"2498\" data-orig-file=\"https:\/\/www.terredesetoiles.net\/ecocamp\/wp-content\/uploads\/2020\/01\/event_terredesEtoiles_Agafay_Gnaous-e1580486824655.jpg\" data-orig-size=\"1280,853\" data-comments-opened=\"0\" data-image-meta=\"{&quot;aperture&quot;:&quot;0&quot;,&quot;credit&quot;:&quot;&quot;,&quot;camera&quot;:&quot;&quot;,&quot;caption&quot;:&quot;&quot;,&quot;created_timestamp&quot;:&quot;0&quot;,&quot;copyright&quot;:&quot;&quot;,&quot;focal_length&quot;:&quot;0&quot;,&quot;iso&quot;:&quot;0&quot;,&quot;shutter_speed&quot;:&quot;0&quot;,&quot;title&quot;:&quot;&quot;,&quot;orientation&quot;:&quot;0&quot;,&quot;keywords&quot;:&quot;Array&quot;}\" data-image-title=\"event_terredesEtoiles_Agafay_Gnaouas\" data-image-description=\"\" data-medium-file=\"https:\/\/www.terredesetoiles.net\/ecocamp\/wp-content\/uploads\/2020\/01\/event_terredesEtoiles_Agafay_Gnaous-450x300.jpg\" data-large-file=\"https:\/\/www.terredesetoiles.net\/ecocamp\/wp-content\/uploads\/2020\/01\/event_terredesEtoiles_Agafay_Gnaous-1024x683.jpg\" \/><\/a>\n\t\t\t<\/div><\/figure><figure class='gallery-item'>\n\t\t\t<div class='gallery-icon landscape'>\n\t\t\t\t<a href='https:\/\/www.terredesetoiles.net\/ecocamp\/balade-a-cheval\/balade-a-cheval-ecotourisme-maroc-6\/'><img width=\"300\" height=\"300\" src=\"https:\/\/www.terredesetoiles.net\/ecocamp\/wp-content\/uploads\/2019\/09\/balade-a-cheval-ecotourisme-maroc-6-300x300.jpg\" class=\"attachment-thumbnail size-thumbnail\" alt=\"Balade \u00e0 Cheval Ecotourisme Maroc\" decoding=\"async\" loading=\"lazy\" data-attachment-id=\"997\" data-orig-file=\"https:\/\/www.terredesetoiles.net\/ecocamp\/wp-content\/uploads\/2019\/09\/balade-a-cheval-ecotourisme-maroc-6.jpg\" data-orig-size=\"800,600\" data-comments-opened=\"0\" data-image-meta=\"{&quot;aperture&quot;:&quot;0&quot;,&quot;credit&quot;:&quot;&quot;,&quot;camera&quot;:&quot;&quot;,&quot;caption&quot;:&quot;&quot;,&quot;created_timestamp&quot;:&quot;0&quot;,&quot;copyright&quot;:&quot;&quot;,&quot;focal_length&quot;:&quot;0&quot;,&quot;iso&quot;:&quot;0&quot;,&quot;shutter_speed&quot;:&quot;0&quot;,&quot;title&quot;:&quot;&quot;,&quot;orientation&quot;:&quot;0&quot;,&quot;keywords&quot;:&quot;Array&quot;}\" data-image-title=\"Balade \u00e0 Cheval Ecotourisme Maroc\" data-image-description=\"\" data-medium-file=\"https:\/\/www.terredesetoiles.net\/ecocamp\/wp-content\/uploads\/2019\/09\/balade-a-cheval-ecotourisme-maroc-6-450x338.jpg\" data-large-file=\"https:\/\/www.terredesetoiles.net\/ecocamp\/wp-content\/uploads\/2019\/09\/balade-a-cheval-ecotourisme-maroc-6.jpg\" \/><\/a>\n\t\t\t<\/div><\/figure><figure class='gallery-item'>\n\t\t\t<div class='gallery-icon landscape'>\n\t\t\t\t<a href='https:\/\/www.terredesetoiles.net\/ecocamp\/seance-de-yoga\/yoga-ecolodge-desert-marrakech-maroc-terredesetoiles-2\/'><img width=\"300\" height=\"300\" src=\"https:\/\/www.terredesetoiles.net\/ecocamp\/wp-content\/uploads\/2019\/09\/yoga-ecolodge-desert-marrakech-maroc-terredesetoiles-2-300x300.jpg\" class=\"attachment-thumbnail size-thumbnail\" alt=\"S\u00e9ance de Yoga Ecotourisme Maroc\" decoding=\"async\" loading=\"lazy\" data-attachment-id=\"977\" data-orig-file=\"https:\/\/www.terredesetoiles.net\/ecocamp\/wp-content\/uploads\/2019\/09\/yoga-ecolodge-desert-marrakech-maroc-terredesetoiles-2.jpg\" data-orig-size=\"1120,746\" data-comments-opened=\"0\" data-image-meta=\"{&quot;aperture&quot;:&quot;0&quot;,&quot;credit&quot;:&quot;&quot;,&quot;camera&quot;:&quot;&quot;,&quot;caption&quot;:&quot;&quot;,&quot;created_timestamp&quot;:&quot;0&quot;,&quot;copyright&quot;:&quot;&quot;,&quot;focal_length&quot;:&quot;0&quot;,&quot;iso&quot;:&quot;0&quot;,&quot;shutter_speed&quot;:&quot;0&quot;,&quot;title&quot;:&quot;&quot;,&quot;orientation&quot;:&quot;0&quot;,&quot;keywords&quot;:&quot;Array&quot;}\" data-image-title=\"S\u00e9ance de Yoga Ecotourisme Maroc\" data-image-description=\"\" data-medium-file=\"https:\/\/www.terredesetoiles.net\/ecocamp\/wp-content\/uploads\/2019\/09\/yoga-ecolodge-desert-marrakech-maroc-terredesetoiles-2-450x300.jpg\" data-large-file=\"https:\/\/www.terredesetoiles.net\/ecocamp\/wp-content\/uploads\/2019\/09\/yoga-ecolodge-desert-marrakech-maroc-terredesetoiles-2-1024x682.jpg\" \/><\/a>\n\t\t\t<\/div><\/figure><figure class='gallery-item'>\n\t\t\t<div class='gallery-icon landscape'>\n\t\t\t\t<a href='https:\/\/www.terredesetoiles.net\/ecocamp\/sport-et-plein-air\/sport-et-plein-air-desert-marrakech-terredesetoiles-3-2\/'><img width=\"300\" height=\"300\" src=\"https:\/\/www.terredesetoiles.net\/ecocamp\/wp-content\/uploads\/2019\/09\/sport-et-plein-air-desert-marrakech-terredesetoiles-3-1-300x300.jpg\" class=\"attachment-thumbnail size-thumbnail\" alt=\"Sport et plein air desert marrakech Terre des Etoiles\" decoding=\"async\" loading=\"lazy\" data-attachment-id=\"841\" data-orig-file=\"https:\/\/www.terredesetoiles.net\/ecocamp\/wp-content\/uploads\/2019\/09\/sport-et-plein-air-desert-marrakech-terredesetoiles-3-1.jpg\" data-orig-size=\"1280,854\" data-comments-opened=\"0\" data-image-meta=\"{&quot;aperture&quot;:&quot;0&quot;,&quot;credit&quot;:&quot;&quot;,&quot;camera&quot;:&quot;&quot;,&quot;caption&quot;:&quot;&quot;,&quot;created_timestamp&quot;:&quot;0&quot;,&quot;copyright&quot;:&quot;&quot;,&quot;focal_length&quot;:&quot;0&quot;,&quot;iso&quot;:&quot;0&quot;,&quot;shutter_speed&quot;:&quot;0&quot;,&quot;title&quot;:&quot;&quot;,&quot;orientation&quot;:&quot;0&quot;,&quot;keywords&quot;:&quot;Array&quot;}\" data-image-title=\"Sport et plein air desert marrakech Terre des Etoiles\" data-image-description=\"\" data-medium-file=\"https:\/\/www.terredesetoiles.net\/ecocamp\/wp-content\/uploads\/2019\/09\/sport-et-plein-air-desert-marrakech-terredesetoiles-3-1-450x300.jpg\" data-large-file=\"https:\/\/www.terredesetoiles.net\/ecocamp\/wp-content\/uploads\/2019\/09\/sport-et-plein-air-desert-marrakech-terredesetoiles-3-1-1024x683.jpg\" \/><\/a>\n\t\t\t<\/div><\/figure><figure class='gallery-item'>\n\t\t\t<div class='gallery-icon landscape'>\n\t\t\t\t<a href='https:\/\/www.terredesetoiles.net\/ecocamp\/experiences\/enterrement-de-vie-de-jeune-fille\/bassin-piscine-ecolodge-desert-agafay-maroc\/'><img width=\"300\" height=\"300\" src=\"https:\/\/www.terredesetoiles.net\/ecocamp\/wp-content\/uploads\/2020\/02\/bassin-Piscine-ecolodge-desert-Agafay-Maroc--300x300.jpg\" class=\"attachment-thumbnail size-thumbnail\" alt=\"bassin Piscine ecolodge desert Agafay Maroc\" decoding=\"async\" loading=\"lazy\" data-attachment-id=\"2504\" data-orig-file=\"https:\/\/www.terredesetoiles.net\/ecocamp\/wp-content\/uploads\/2020\/02\/bassin-Piscine-ecolodge-desert-Agafay-Maroc--e1580722553341.jpg\" data-orig-size=\"1280,853\" data-comments-opened=\"0\" data-image-meta=\"{&quot;aperture&quot;:&quot;8&quot;,&quot;credit&quot;:&quot;FAFOU BRO&quot;,&quot;camera&quot;:&quot;X-T2&quot;,&quot;caption&quot;:&quot;&quot;,&quot;created_timestamp&quot;:&quot;1547988946&quot;,&quot;copyright&quot;:&quot;&quot;,&quot;focal_length&quot;:&quot;21.4&quot;,&quot;iso&quot;:&quot;400&quot;,&quot;shutter_speed&quot;:&quot;0.0016666666666667&quot;,&quot;title&quot;:&quot;&quot;,&quot;orientation&quot;:&quot;0&quot;,&quot;keywords&quot;:&quot;Array&quot;}\" data-image-title=\"bassin Piscine ecolodge desert Agafay Maroc\" data-image-description=\"\" data-medium-file=\"https:\/\/www.terredesetoiles.net\/ecocamp\/wp-content\/uploads\/2020\/02\/bassin-Piscine-ecolodge-desert-Agafay-Maroc--450x300.jpg\" data-large-file=\"https:\/\/www.terredesetoiles.net\/ecocamp\/wp-content\/uploads\/2020\/02\/bassin-Piscine-ecolodge-desert-Agafay-Maroc--1024x683.jpg\" \/><\/a>\n\t\t\t<\/div><\/figure><figure class='gallery-item'>\n\t\t\t<div class='gallery-icon landscape'>\n\t\t\t\t<a href='https:\/\/www.terredesetoiles.net\/ecocamp\/experiences\/enterrement-de-vie-de-jeune-fille\/evjf-desert-agafay-marrakech-sophie-masiewicz\/'><img width=\"300\" height=\"300\" src=\"https:\/\/www.terredesetoiles.net\/ecocamp\/wp-content\/uploads\/2020\/02\/EVJF-desert-Agafay-Marrakech-Sophie-Masiewicz-300x300.jpg\" class=\"attachment-thumbnail size-thumbnail\" alt=\"EVJF desert Agafay Marrakech - Sophie Masiewicz\" decoding=\"async\" loading=\"lazy\" data-attachment-id=\"2505\" data-orig-file=\"https:\/\/www.terredesetoiles.net\/ecocamp\/wp-content\/uploads\/2020\/02\/EVJF-desert-Agafay-Marrakech-Sophie-Masiewicz-e1580722583302.jpg\" data-orig-size=\"1280,855\" data-comments-opened=\"0\" data-image-meta=\"{&quot;aperture&quot;:&quot;0&quot;,&quot;credit&quot;:&quot;&quot;,&quot;camera&quot;:&quot;&quot;,&quot;caption&quot;:&quot;&quot;,&quot;created_timestamp&quot;:&quot;0&quot;,&quot;copyright&quot;:&quot;&quot;,&quot;focal_length&quot;:&quot;0&quot;,&quot;iso&quot;:&quot;0&quot;,&quot;shutter_speed&quot;:&quot;0&quot;,&quot;title&quot;:&quot;&quot;,&quot;orientation&quot;:&quot;0&quot;,&quot;keywords&quot;:&quot;Array&quot;}\" data-image-title=\"EVJF desert Agafay Marrakech &#8211; Sophie Masiewicz\" data-image-description=\"\" data-medium-file=\"https:\/\/www.terredesetoiles.net\/ecocamp\/wp-content\/uploads\/2020\/02\/EVJF-desert-Agafay-Marrakech-Sophie-Masiewicz-450x300.jpg\" data-large-file=\"https:\/\/www.terredesetoiles.net\/ecocamp\/wp-content\/uploads\/2020\/02\/EVJF-desert-Agafay-Marrakech-Sophie-Masiewicz-1024x684.jpg\" \/><\/a>\n\t\t\t<\/div><\/figure>\n\t\t<\/div>\n\n","protected":false},"excerpt":{"rendered":"<p>Der Junggesellenabschied ist der perfekte Anlass, um ein Wochenende lang nur mit den Freundinnen zu verbringen und abzuschalten. Ein Wochenende [&hellip;]<\/p>\n","protected":false},"author":1,"featured_media":2505,"parent":1064,"menu_order":0,"comment_status":"closed","ping_status":"closed","template":"page-templates\/packsansresa.php","meta":[],"language":[9],"acf":[],"_links":{"self":[{"href":"https:\/\/www.terredesetoiles.net\/ecocamp\/wp-json\/wp\/v2\/pages\/2535"}],"collection":[{"href":"https:\/\/www.terredesetoiles.net\/ecocamp\/wp-json\/wp\/v2\/pages"}],"about":[{"href":"https:\/\/www.terredesetoiles.net\/ecocamp\/wp-json\/wp\/v2\/types\/page"}],"author":[{"embeddable":true,"href":"https:\/\/www.terredesetoiles.net\/ecocamp\/wp-json\/wp\/v2\/users\/1"}],"replies":[{"embeddable":true,"href":"https:\/\/www.terredesetoiles.net\/ecocamp\/wp-json\/wp\/v2\/comments?post=2535"}],"version-history":[{"count":0,"href":"https:\/\/www.terredesetoiles.net\/ecocamp\/wp-json\/wp\/v2\/pages\/2535\/revisions"}],"up":[{"embeddable":true,"href":"https:\/\/www.terredesetoiles.net\/ecocamp\/wp-json\/wp\/v2\/pages\/1064"}],"wp:featuredmedia":[{"embeddable":true,"href":"https:\/\/www.terredesetoiles.net\/ecocamp\/wp-json\/wp\/v2\/media\/2505"}],"wp:attachment":[{"href":"https:\/\/www.terredesetoiles.net\/ecocamp\/wp-json\/wp\/v2\/media?parent=2535"}],"wp:term":[{"taxonomy":"language","embeddable":true,"href":"https:\/\/www.terredesetoiles.net\/ecocamp\/wp-json\/wp\/v2\/language?post=2535"}],"curies":[{"name":"wp","href":"https:\/\/api.w.org\/{rel}","templated":true}]}}