{"id":3465,"date":"2021-01-04T20:59:21","date_gmt":"2021-01-04T19:59:21","guid":{"rendered":"https:\/\/www.terredesetoiles.net\/ecocamp\/?page_id=3465"},"modified":"2021-12-07T06:53:58","modified_gmt":"2021-12-07T05:53:58","slug":"deluxe-lodge","status":"publish","type":"page","link":"https:\/\/www.terredesetoiles.net\/ecocamp\/deluxe-lodge\/","title":{"rendered":"Deluxe Lodge"},"content":{"rendered":"<p>Ces lodges d&rsquo;une superficie de 42 m2 dont la s\u00e9duisante d\u00e9coration a \u00e9t\u00e9 r\u00e9alis\u00e9e en partenariat avec la d\u00e9coratrice \u00ab\u00a0Madame r\u00eave \u00e0 Marrakech\u00a0\u00bb, offrent une voluptueuse sensation d\u2019espace et de raffinement au milieu de l\u2019immensit\u00e9 des terres rocailleuses d\u2019Agafay. Chacune dispose d&rsquo;un grand lit et d&rsquo;une confortable salle de bain, le tout d\u00e9cor\u00e9 avec soin, mettant en exergue toute la richesse du savoir-faire artisanal marocain. De larges baies vitr\u00e9es ouvertes sur une belle terrasse invitent \u00e0 la contemplation, au farniente, \u00e0 la lecture.., dans la qui\u00e9tude du d\u00e9sert. L\u2019espace \u00e9tant modulable, ils peuvent ais\u00e9ment accueillir trois \u00e0 quatre personnes. Mais leur atmosph\u00e8re tr\u00e8s \u00ab\u00a0honey moon\u00a0\u00bb invite davantage \u00e0 des s\u00e9jours romantiques&#8230;<\/p>\n<p>Les Lodges sont \u00e0 theme; la suite Liqama est verte, la suite Ouarda est corail.<\/p>\n<div data-carousel-extra='{\"blog_id\":1,\"permalink\":\"https:\\\/\\\/www.terredesetoiles.net\\\/ecocamp\\\/deluxe-lodge\\\/\",\"likes_blog_id\":false}' id='gallery-1' class='gallery galleryid-3465 gallery-columns-6 gallery-size-thumbnail'><figure class='gallery-item'>\n\t\t\t<div class='gallery-icon landscape'>\n\t\t\t\t<a href='https:\/\/www.terredesetoiles.net\/ecocamp\/deluxe-lodge\/lodge-suite-desert-agafay-marrakech-20\/'><img width=\"300\" height=\"300\" src=\"https:\/\/www.terredesetoiles.net\/ecocamp\/wp-content\/uploads\/2021\/01\/lodge-suite-desert-agafay-marrakech-20-300x300.jpeg\" class=\"attachment-thumbnail size-thumbnail\" alt=\"Lodge suite desert agafay marrakech - Terre des Etoiles\" decoding=\"async\" loading=\"lazy\" data-attachment-id=\"3486\" data-orig-file=\"https:\/\/www.terredesetoiles.net\/ecocamp\/wp-content\/uploads\/2021\/01\/lodge-suite-desert-agafay-marrakech-20.jpeg\" data-orig-size=\"1024,768\" data-comments-opened=\"0\" data-image-meta=\"{&quot;aperture&quot;:&quot;0&quot;,&quot;credit&quot;:&quot;&quot;,&quot;camera&quot;:&quot;&quot;,&quot;caption&quot;:&quot;&quot;,&quot;created_timestamp&quot;:&quot;0&quot;,&quot;copyright&quot;:&quot;&quot;,&quot;focal_length&quot;:&quot;0&quot;,&quot;iso&quot;:&quot;0&quot;,&quot;shutter_speed&quot;:&quot;0&quot;,&quot;title&quot;:&quot;&quot;,&quot;orientation&quot;:&quot;0&quot;,&quot;keywords&quot;:&quot;Array&quot;}\" data-image-title=\"\" data-image-description=\"\" data-medium-file=\"https:\/\/www.terredesetoiles.net\/ecocamp\/wp-content\/uploads\/2021\/01\/lodge-suite-desert-agafay-marrakech-20-450x338.jpeg\" data-large-file=\"https:\/\/www.terredesetoiles.net\/ecocamp\/wp-content\/uploads\/2021\/01\/lodge-suite-desert-agafay-marrakech-20.jpeg\" \/><\/a>\n\t\t\t<\/div><\/figure><figure class='gallery-item'>\n\t\t\t<div class='gallery-icon portrait'>\n\t\t\t\t<a href='https:\/\/www.terredesetoiles.net\/ecocamp\/deluxe-lodge\/lodge-suite-desert-agafay-marrakech-24\/'><img width=\"300\" height=\"300\" src=\"https:\/\/www.terredesetoiles.net\/ecocamp\/wp-content\/uploads\/2021\/01\/lodge-suite-desert-agafay-marrakech-24-300x300.jpeg\" class=\"attachment-thumbnail size-thumbnail\" alt=\"Lodge suite desert agafay marrakech - Terre des Etoiles\" decoding=\"async\" loading=\"lazy\" data-attachment-id=\"3490\" data-orig-file=\"https:\/\/www.terredesetoiles.net\/ecocamp\/wp-content\/uploads\/2021\/01\/lodge-suite-desert-agafay-marrakech-24.jpeg\" data-orig-size=\"768,1024\" data-comments-opened=\"0\" data-image-meta=\"{&quot;aperture&quot;:&quot;0&quot;,&quot;credit&quot;:&quot;&quot;,&quot;camera&quot;:&quot;&quot;,&quot;caption&quot;:&quot;&quot;,&quot;created_timestamp&quot;:&quot;0&quot;,&quot;copyright&quot;:&quot;&quot;,&quot;focal_length&quot;:&quot;0&quot;,&quot;iso&quot;:&quot;0&quot;,&quot;shutter_speed&quot;:&quot;0&quot;,&quot;title&quot;:&quot;&quot;,&quot;orientation&quot;:&quot;0&quot;,&quot;keywords&quot;:&quot;Array&quot;}\" data-image-title=\"\" data-image-description=\"\" data-medium-file=\"https:\/\/www.terredesetoiles.net\/ecocamp\/wp-content\/uploads\/2021\/01\/lodge-suite-desert-agafay-marrakech-24-338x450.jpeg\" data-large-file=\"https:\/\/www.terredesetoiles.net\/ecocamp\/wp-content\/uploads\/2021\/01\/lodge-suite-desert-agafay-marrakech-24.jpeg\" \/><\/a>\n\t\t\t<\/div><\/figure><figure class='gallery-item'>\n\t\t\t<div class='gallery-icon portrait'>\n\t\t\t\t<a href='https:\/\/www.terredesetoiles.net\/ecocamp\/deluxe-lodge\/lodge-suite-desert-agafay-marrakech-17\/'><img width=\"300\" height=\"300\" src=\"https:\/\/www.terredesetoiles.net\/ecocamp\/wp-content\/uploads\/2021\/01\/lodge-suite-desert-agafay-marrakech-17-300x300.jpeg\" class=\"attachment-thumbnail size-thumbnail\" alt=\"Lodge suite desert agafay marrakech - Terre des Etoiles\" decoding=\"async\" loading=\"lazy\" data-attachment-id=\"3483\" data-orig-file=\"https:\/\/www.terredesetoiles.net\/ecocamp\/wp-content\/uploads\/2021\/01\/lodge-suite-desert-agafay-marrakech-17.jpeg\" data-orig-size=\"768,1024\" data-comments-opened=\"0\" data-image-meta=\"{&quot;aperture&quot;:&quot;0&quot;,&quot;credit&quot;:&quot;&quot;,&quot;camera&quot;:&quot;&quot;,&quot;caption&quot;:&quot;&quot;,&quot;created_timestamp&quot;:&quot;0&quot;,&quot;copyright&quot;:&quot;&quot;,&quot;focal_length&quot;:&quot;0&quot;,&quot;iso&quot;:&quot;0&quot;,&quot;shutter_speed&quot;:&quot;0&quot;,&quot;title&quot;:&quot;&quot;,&quot;orientation&quot;:&quot;0&quot;,&quot;keywords&quot;:&quot;Array&quot;}\" data-image-title=\"\" data-image-description=\"\" data-medium-file=\"https:\/\/www.terredesetoiles.net\/ecocamp\/wp-content\/uploads\/2021\/01\/lodge-suite-desert-agafay-marrakech-17-338x450.jpeg\" data-large-file=\"https:\/\/www.terredesetoiles.net\/ecocamp\/wp-content\/uploads\/2021\/01\/lodge-suite-desert-agafay-marrakech-17.jpeg\" \/><\/a>\n\t\t\t<\/div><\/figure><figure class='gallery-item'>\n\t\t\t<div class='gallery-icon portrait'>\n\t\t\t\t<a href='https:\/\/www.terredesetoiles.net\/ecocamp\/deluxe-lodge\/lodge-suite-desert-agafay-marrakech-27\/'><img width=\"300\" height=\"300\" src=\"https:\/\/www.terredesetoiles.net\/ecocamp\/wp-content\/uploads\/2021\/01\/lodge-suite-desert-agafay-marrakech-27-300x300.jpeg\" class=\"attachment-thumbnail size-thumbnail\" alt=\"Lodge suite desert agafay marrakech - Terre des Etoiles\" decoding=\"async\" loading=\"lazy\" data-attachment-id=\"3493\" data-orig-file=\"https:\/\/www.terredesetoiles.net\/ecocamp\/wp-content\/uploads\/2021\/01\/lodge-suite-desert-agafay-marrakech-27.jpeg\" data-orig-size=\"768,1024\" data-comments-opened=\"0\" data-image-meta=\"{&quot;aperture&quot;:&quot;0&quot;,&quot;credit&quot;:&quot;&quot;,&quot;camera&quot;:&quot;&quot;,&quot;caption&quot;:&quot;&quot;,&quot;created_timestamp&quot;:&quot;0&quot;,&quot;copyright&quot;:&quot;&quot;,&quot;focal_length&quot;:&quot;0&quot;,&quot;iso&quot;:&quot;0&quot;,&quot;shutter_speed&quot;:&quot;0&quot;,&quot;title&quot;:&quot;&quot;,&quot;orientation&quot;:&quot;0&quot;,&quot;keywords&quot;:&quot;Array&quot;}\" data-image-title=\"\" data-image-description=\"\" data-medium-file=\"https:\/\/www.terredesetoiles.net\/ecocamp\/wp-content\/uploads\/2021\/01\/lodge-suite-desert-agafay-marrakech-27-338x450.jpeg\" data-large-file=\"https:\/\/www.terredesetoiles.net\/ecocamp\/wp-content\/uploads\/2021\/01\/lodge-suite-desert-agafay-marrakech-27.jpeg\" \/><\/a>\n\t\t\t<\/div><\/figure><figure class='gallery-item'>\n\t\t\t<div class='gallery-icon portrait'>\n\t\t\t\t<a href='https:\/\/www.terredesetoiles.net\/ecocamp\/deluxe-lodge\/lodge-suite-desert-agafay-marrakech-7\/'><img width=\"300\" height=\"300\" src=\"https:\/\/www.terredesetoiles.net\/ecocamp\/wp-content\/uploads\/2021\/01\/lodge-suite-desert-agafay-marrakech-7-300x300.jpeg\" class=\"attachment-thumbnail size-thumbnail\" alt=\"Lodge suite desert agafay marrakech - Terre des Etoiles\" decoding=\"async\" loading=\"lazy\" data-attachment-id=\"3473\" data-orig-file=\"https:\/\/www.terredesetoiles.net\/ecocamp\/wp-content\/uploads\/2021\/01\/lodge-suite-desert-agafay-marrakech-7.jpeg\" data-orig-size=\"768,1024\" data-comments-opened=\"0\" data-image-meta=\"{&quot;aperture&quot;:&quot;0&quot;,&quot;credit&quot;:&quot;&quot;,&quot;camera&quot;:&quot;&quot;,&quot;caption&quot;:&quot;&quot;,&quot;created_timestamp&quot;:&quot;0&quot;,&quot;copyright&quot;:&quot;&quot;,&quot;focal_length&quot;:&quot;0&quot;,&quot;iso&quot;:&quot;0&quot;,&quot;shutter_speed&quot;:&quot;0&quot;,&quot;title&quot;:&quot;&quot;,&quot;orientation&quot;:&quot;0&quot;,&quot;keywords&quot;:&quot;Array&quot;}\" data-image-title=\"lodge-suite-desert-agafay-marrakech-7\" data-image-description=\"\" data-medium-file=\"https:\/\/www.terredesetoiles.net\/ecocamp\/wp-content\/uploads\/2021\/01\/lodge-suite-desert-agafay-marrakech-7-338x450.jpeg\" data-large-file=\"https:\/\/www.terredesetoiles.net\/ecocamp\/wp-content\/uploads\/2021\/01\/lodge-suite-desert-agafay-marrakech-7.jpeg\" \/><\/a>\n\t\t\t<\/div><\/figure><figure class='gallery-item'>\n\t\t\t<div class='gallery-icon landscape'>\n\t\t\t\t<a href='https:\/\/www.terredesetoiles.net\/ecocamp\/deluxe-lodge\/lodge-suite-desert-agafay-marrakech-4\/'><img width=\"300\" height=\"300\" src=\"https:\/\/www.terredesetoiles.net\/ecocamp\/wp-content\/uploads\/2021\/01\/lodge-suite-desert-agafay-marrakech-4-300x300.jpeg\" class=\"attachment-thumbnail size-thumbnail\" alt=\"Lodge suite desert agafay marrakech - Terre des Etoiles\" decoding=\"async\" loading=\"lazy\" data-attachment-id=\"3470\" data-orig-file=\"https:\/\/www.terredesetoiles.net\/ecocamp\/wp-content\/uploads\/2021\/01\/lodge-suite-desert-agafay-marrakech-4.jpeg\" data-orig-size=\"1024,768\" data-comments-opened=\"0\" data-image-meta=\"{&quot;aperture&quot;:&quot;0&quot;,&quot;credit&quot;:&quot;&quot;,&quot;camera&quot;:&quot;&quot;,&quot;caption&quot;:&quot;&quot;,&quot;created_timestamp&quot;:&quot;0&quot;,&quot;copyright&quot;:&quot;&quot;,&quot;focal_length&quot;:&quot;0&quot;,&quot;iso&quot;:&quot;0&quot;,&quot;shutter_speed&quot;:&quot;0&quot;,&quot;title&quot;:&quot;&quot;,&quot;orientation&quot;:&quot;0&quot;,&quot;keywords&quot;:&quot;Array&quot;}\" data-image-title=\"\" data-image-description=\"\" data-medium-file=\"https:\/\/www.terredesetoiles.net\/ecocamp\/wp-content\/uploads\/2021\/01\/lodge-suite-desert-agafay-marrakech-4-450x338.jpeg\" data-large-file=\"https:\/\/www.terredesetoiles.net\/ecocamp\/wp-content\/uploads\/2021\/01\/lodge-suite-desert-agafay-marrakech-4.jpeg\" \/><\/a>\n\t\t\t<\/div><\/figure><figure class='gallery-item'>\n\t\t\t<div class='gallery-icon portrait'>\n\t\t\t\t<a href='https:\/\/www.terredesetoiles.net\/ecocamp\/deluxe-lodge\/lodge-suite-desert-agafay-marrakech-22\/'><img width=\"300\" height=\"300\" src=\"https:\/\/www.terredesetoiles.net\/ecocamp\/wp-content\/uploads\/2021\/01\/lodge-suite-desert-agafay-marrakech-22-300x300.jpeg\" class=\"attachment-thumbnail size-thumbnail\" alt=\"Lodge suite desert agafay marrakech - Terre des Etoiles\" decoding=\"async\" loading=\"lazy\" data-attachment-id=\"3488\" data-orig-file=\"https:\/\/www.terredesetoiles.net\/ecocamp\/wp-content\/uploads\/2021\/01\/lodge-suite-desert-agafay-marrakech-22.jpeg\" data-orig-size=\"768,1024\" data-comments-opened=\"0\" data-image-meta=\"{&quot;aperture&quot;:&quot;0&quot;,&quot;credit&quot;:&quot;&quot;,&quot;camera&quot;:&quot;&quot;,&quot;caption&quot;:&quot;&quot;,&quot;created_timestamp&quot;:&quot;0&quot;,&quot;copyright&quot;:&quot;&quot;,&quot;focal_length&quot;:&quot;0&quot;,&quot;iso&quot;:&quot;0&quot;,&quot;shutter_speed&quot;:&quot;0&quot;,&quot;title&quot;:&quot;&quot;,&quot;orientation&quot;:&quot;0&quot;,&quot;keywords&quot;:&quot;Array&quot;}\" data-image-title=\"\" data-image-description=\"\" data-medium-file=\"https:\/\/www.terredesetoiles.net\/ecocamp\/wp-content\/uploads\/2021\/01\/lodge-suite-desert-agafay-marrakech-22-338x450.jpeg\" data-large-file=\"https:\/\/www.terredesetoiles.net\/ecocamp\/wp-content\/uploads\/2021\/01\/lodge-suite-desert-agafay-marrakech-22.jpeg\" \/><\/a>\n\t\t\t<\/div><\/figure><figure class='gallery-item'>\n\t\t\t<div class='gallery-icon portrait'>\n\t\t\t\t<a href='https:\/\/www.terredesetoiles.net\/ecocamp\/deluxe-lodge\/lodge-suite-desert-agafay-marrakech-29\/'><img width=\"300\" height=\"300\" src=\"https:\/\/www.terredesetoiles.net\/ecocamp\/wp-content\/uploads\/2021\/01\/lodge-suite-desert-agafay-marrakech-29-300x300.jpeg\" class=\"attachment-thumbnail size-thumbnail\" alt=\"Lodge suite desert agafay marrakech - Terre des Etoiles\" decoding=\"async\" loading=\"lazy\" data-attachment-id=\"3495\" data-orig-file=\"https:\/\/www.terredesetoiles.net\/ecocamp\/wp-content\/uploads\/2021\/01\/lodge-suite-desert-agafay-marrakech-29.jpeg\" data-orig-size=\"768,1024\" data-comments-opened=\"0\" data-image-meta=\"{&quot;aperture&quot;:&quot;0&quot;,&quot;credit&quot;:&quot;&quot;,&quot;camera&quot;:&quot;&quot;,&quot;caption&quot;:&quot;&quot;,&quot;created_timestamp&quot;:&quot;0&quot;,&quot;copyright&quot;:&quot;&quot;,&quot;focal_length&quot;:&quot;0&quot;,&quot;iso&quot;:&quot;0&quot;,&quot;shutter_speed&quot;:&quot;0&quot;,&quot;title&quot;:&quot;&quot;,&quot;orientation&quot;:&quot;0&quot;,&quot;keywords&quot;:&quot;Array&quot;}\" data-image-title=\"\" data-image-description=\"\" data-medium-file=\"https:\/\/www.terredesetoiles.net\/ecocamp\/wp-content\/uploads\/2021\/01\/lodge-suite-desert-agafay-marrakech-29-338x450.jpeg\" data-large-file=\"https:\/\/www.terredesetoiles.net\/ecocamp\/wp-content\/uploads\/2021\/01\/lodge-suite-desert-agafay-marrakech-29.jpeg\" \/><\/a>\n\t\t\t<\/div><\/figure><figure class='gallery-item'>\n\t\t\t<div class='gallery-icon portrait'>\n\t\t\t\t<a href='https:\/\/www.terredesetoiles.net\/ecocamp\/deluxe-lodge\/lodge-suite-desert-agafay-marrakech-19\/'><img width=\"300\" height=\"300\" src=\"https:\/\/www.terredesetoiles.net\/ecocamp\/wp-content\/uploads\/2021\/01\/lodge-suite-desert-agafay-marrakech-19-300x300.jpeg\" class=\"attachment-thumbnail size-thumbnail\" alt=\"Lodge suite desert agafay marrakech - Terre des Etoiles\" decoding=\"async\" loading=\"lazy\" data-attachment-id=\"3485\" data-orig-file=\"https:\/\/www.terredesetoiles.net\/ecocamp\/wp-content\/uploads\/2021\/01\/lodge-suite-desert-agafay-marrakech-19.jpeg\" data-orig-size=\"768,1024\" data-comments-opened=\"0\" data-image-meta=\"{&quot;aperture&quot;:&quot;0&quot;,&quot;credit&quot;:&quot;&quot;,&quot;camera&quot;:&quot;&quot;,&quot;caption&quot;:&quot;&quot;,&quot;created_timestamp&quot;:&quot;0&quot;,&quot;copyright&quot;:&quot;&quot;,&quot;focal_length&quot;:&quot;0&quot;,&quot;iso&quot;:&quot;0&quot;,&quot;shutter_speed&quot;:&quot;0&quot;,&quot;title&quot;:&quot;&quot;,&quot;orientation&quot;:&quot;0&quot;,&quot;keywords&quot;:&quot;Array&quot;}\" data-image-title=\"\" data-image-description=\"\" data-medium-file=\"https:\/\/www.terredesetoiles.net\/ecocamp\/wp-content\/uploads\/2021\/01\/lodge-suite-desert-agafay-marrakech-19-338x450.jpeg\" data-large-file=\"https:\/\/www.terredesetoiles.net\/ecocamp\/wp-content\/uploads\/2021\/01\/lodge-suite-desert-agafay-marrakech-19.jpeg\" \/><\/a>\n\t\t\t<\/div><\/figure><figure class='gallery-item'>\n\t\t\t<div class='gallery-icon portrait'>\n\t\t\t\t<a href='https:\/\/www.terredesetoiles.net\/ecocamp\/deluxe-lodge\/lodge-suite-desert-agafay-marrakech-21\/'><img width=\"300\" height=\"300\" src=\"https:\/\/www.terredesetoiles.net\/ecocamp\/wp-content\/uploads\/2021\/01\/lodge-suite-desert-agafay-marrakech-21-300x300.jpeg\" class=\"attachment-thumbnail size-thumbnail\" alt=\"Lodge suite desert agafay marrakech - Terre des Etoiles\" decoding=\"async\" loading=\"lazy\" data-attachment-id=\"3487\" data-orig-file=\"https:\/\/www.terredesetoiles.net\/ecocamp\/wp-content\/uploads\/2021\/01\/lodge-suite-desert-agafay-marrakech-21.jpeg\" data-orig-size=\"768,1024\" data-comments-opened=\"0\" data-image-meta=\"{&quot;aperture&quot;:&quot;0&quot;,&quot;credit&quot;:&quot;&quot;,&quot;camera&quot;:&quot;&quot;,&quot;caption&quot;:&quot;&quot;,&quot;created_timestamp&quot;:&quot;0&quot;,&quot;copyright&quot;:&quot;&quot;,&quot;focal_length&quot;:&quot;0&quot;,&quot;iso&quot;:&quot;0&quot;,&quot;shutter_speed&quot;:&quot;0&quot;,&quot;title&quot;:&quot;&quot;,&quot;orientation&quot;:&quot;0&quot;,&quot;keywords&quot;:&quot;Array&quot;}\" data-image-title=\"\" data-image-description=\"\" data-medium-file=\"https:\/\/www.terredesetoiles.net\/ecocamp\/wp-content\/uploads\/2021\/01\/lodge-suite-desert-agafay-marrakech-21-338x450.jpeg\" data-large-file=\"https:\/\/www.terredesetoiles.net\/ecocamp\/wp-content\/uploads\/2021\/01\/lodge-suite-desert-agafay-marrakech-21.jpeg\" \/><\/a>\n\t\t\t<\/div><\/figure><figure class='gallery-item'>\n\t\t\t<div class='gallery-icon landscape'>\n\t\t\t\t<a href='https:\/\/www.terredesetoiles.net\/ecocamp\/deluxe-lodge\/lodge-suite-desert-agafay-marrakech-31\/'><img width=\"300\" height=\"300\" src=\"https:\/\/www.terredesetoiles.net\/ecocamp\/wp-content\/uploads\/2021\/01\/lodge-suite-desert-agafay-marrakech-31-300x300.jpeg\" class=\"attachment-thumbnail size-thumbnail\" alt=\"Lodge suite desert agafay marrakech - Terre des Etoiles\" decoding=\"async\" loading=\"lazy\" data-attachment-id=\"3497\" data-orig-file=\"https:\/\/www.terredesetoiles.net\/ecocamp\/wp-content\/uploads\/2021\/01\/lodge-suite-desert-agafay-marrakech-31.jpeg\" data-orig-size=\"1600,1200\" data-comments-opened=\"0\" data-image-meta=\"{&quot;aperture&quot;:&quot;0&quot;,&quot;credit&quot;:&quot;&quot;,&quot;camera&quot;:&quot;&quot;,&quot;caption&quot;:&quot;&quot;,&quot;created_timestamp&quot;:&quot;0&quot;,&quot;copyright&quot;:&quot;&quot;,&quot;focal_length&quot;:&quot;0&quot;,&quot;iso&quot;:&quot;0&quot;,&quot;shutter_speed&quot;:&quot;0&quot;,&quot;title&quot;:&quot;&quot;,&quot;orientation&quot;:&quot;0&quot;,&quot;keywords&quot;:&quot;Array&quot;}\" data-image-title=\"\" data-image-description=\"\" data-medium-file=\"https:\/\/www.terredesetoiles.net\/ecocamp\/wp-content\/uploads\/2021\/01\/lodge-suite-desert-agafay-marrakech-31-450x338.jpeg\" data-large-file=\"https:\/\/www.terredesetoiles.net\/ecocamp\/wp-content\/uploads\/2021\/01\/lodge-suite-desert-agafay-marrakech-31-1024x768.jpeg\" \/><\/a>\n\t\t\t<\/div><\/figure><figure class='gallery-item'>\n\t\t\t<div class='gallery-icon portrait'>\n\t\t\t\t<a href='https:\/\/www.terredesetoiles.net\/ecocamp\/deluxe-lodge\/lodge-suite-desert-agafay-marrakech-6\/'><img width=\"300\" height=\"300\" src=\"https:\/\/www.terredesetoiles.net\/ecocamp\/wp-content\/uploads\/2021\/01\/lodge-suite-desert-agafay-marrakech-6-300x300.jpeg\" class=\"attachment-thumbnail size-thumbnail\" alt=\"Lodge suite desert agafay marrakech - Terre des Etoiles\" decoding=\"async\" loading=\"lazy\" data-attachment-id=\"3472\" data-orig-file=\"https:\/\/www.terredesetoiles.net\/ecocamp\/wp-content\/uploads\/2021\/01\/lodge-suite-desert-agafay-marrakech-6.jpeg\" data-orig-size=\"768,1024\" data-comments-opened=\"0\" data-image-meta=\"{&quot;aperture&quot;:&quot;0&quot;,&quot;credit&quot;:&quot;&quot;,&quot;camera&quot;:&quot;&quot;,&quot;caption&quot;:&quot;&quot;,&quot;created_timestamp&quot;:&quot;0&quot;,&quot;copyright&quot;:&quot;&quot;,&quot;focal_length&quot;:&quot;0&quot;,&quot;iso&quot;:&quot;0&quot;,&quot;shutter_speed&quot;:&quot;0&quot;,&quot;title&quot;:&quot;&quot;,&quot;orientation&quot;:&quot;0&quot;,&quot;keywords&quot;:&quot;Array&quot;}\" data-image-title=\"\" data-image-description=\"\" data-medium-file=\"https:\/\/www.terredesetoiles.net\/ecocamp\/wp-content\/uploads\/2021\/01\/lodge-suite-desert-agafay-marrakech-6-338x450.jpeg\" data-large-file=\"https:\/\/www.terredesetoiles.net\/ecocamp\/wp-content\/uploads\/2021\/01\/lodge-suite-desert-agafay-marrakech-6.jpeg\" \/><\/a>\n\t\t\t<\/div><\/figure>\n\t\t<\/div>\n\n<blockquote class=\"trans\">\n<h6><i class=\"fa fa-cab\">\u00a0<\/i>TRANSFERTS<\/h6>\n<p>Contactez-nous pour r\u00e9server votre transfert au camp Aller\/Retour depuis Marrakech (V\u00e9hicule 4 places 750 Dh A\/R)<\/p><\/blockquote>\n<blockquote class=\"info\">\n<h6><i class=\"fa fa-info-circle\">\u00a0<\/i>INFORMATIONS SUPPL\u00c9MENTAIRES<\/h6>\n<p>Lorsque vous s\u00e9journez au camp lodge, vous avez acc\u00e8s \u00e0 votre lodge entre midi et 15h maxi.<br \/>\nVotre petit-d\u00e9jeuner et votre d\u00eener (ou d\u00e9jeuner) sont inclus. Vous avez librement acc\u00e8s \u00e0 tous les espaces du camp, dont les bassins piscines, et pouvez b\u00e9n\u00e9ficier d\u2019un atelier cuisine et d\u2019une initiation \u00e0 la permaculture. Toutes les autres activit\u00e9s sont en suppl\u00e9ment. Vous pouvez profiter de votre tente jusqu\u2019\u00e0 midi le jour de votre d\u00e9part.<\/p>\n<p>Le camp est accessible en voiture touristique, ou bien en r\u00e9servant un transfert depuis Marrakech. <strong><a href=\"https:\/\/www.terredesetoiles.net\/ecocamp\/questions-frequentes\/\" target=\"_blank\" rel=\"noopener noreferrer\">Cliquer ici<\/a><\/strong> pour toutes autres questions<\/p><\/blockquote>\n","protected":false},"excerpt":{"rendered":"<p>Ces lodges d&rsquo;une superficie de 42 m2 dont la s\u00e9duisante d\u00e9coration a \u00e9t\u00e9 r\u00e9alis\u00e9e en partenariat avec la d\u00e9coratrice \u00ab\u00a0Madame [&hellip;]<\/p>\n","protected":false},"author":1,"featured_media":3499,"parent":0,"menu_order":0,"comment_status":"closed","ping_status":"closed","template":"page-templates\/hebergement.php","meta":[],"language":[7],"acf":[],"_links":{"self":[{"href":"https:\/\/www.terredesetoiles.net\/ecocamp\/wp-json\/wp\/v2\/pages\/3465"}],"collection":[{"href":"https:\/\/www.terredesetoiles.net\/ecocamp\/wp-json\/wp\/v2\/pages"}],"about":[{"href":"https:\/\/www.terredesetoiles.net\/ecocamp\/wp-json\/wp\/v2\/types\/page"}],"author":[{"embeddable":true,"href":"https:\/\/www.terredesetoiles.net\/ecocamp\/wp-json\/wp\/v2\/users\/1"}],"replies":[{"embeddable":true,"href":"https:\/\/www.terredesetoiles.net\/ecocamp\/wp-json\/wp\/v2\/comments?post=3465"}],"version-history":[{"count":2,"href":"https:\/\/www.terredesetoiles.net\/ecocamp\/wp-json\/wp\/v2\/pages\/3465\/revisions"}],"predecessor-version":[{"id":4205,"href":"https:\/\/www.terredesetoiles.net\/ecocamp\/wp-json\/wp\/v2\/pages\/3465\/revisions\/4205"}],"wp:featuredmedia":[{"embeddable":true,"href":"https:\/\/www.terredesetoiles.net\/ecocamp\/wp-json\/wp\/v2\/media\/3499"}],"wp:attachment":[{"href":"https:\/\/www.terredesetoiles.net\/ecocamp\/wp-json\/wp\/v2\/media?parent=3465"}],"wp:term":[{"taxonomy":"language","embeddable":true,"href":"https:\/\/www.terredesetoiles.net\/ecocamp\/wp-json\/wp\/v2\/language?post=3465"}],"curies":[{"name":"wp","href":"https:\/\/api.w.org\/{rel}","templated":true}]}}