{"id":3537,"date":"2021-01-05T16:09:46","date_gmt":"2021-01-05T15:09:46","guid":{"rendered":"https:\/\/www.terredesetoiles.net\/ecocamp\/?page_id=3537"},"modified":"2021-01-05T16:10:17","modified_gmt":"2021-01-05T15:10:17","slug":"deluxe-lodge-3","status":"publish","type":"page","link":"https:\/\/www.terredesetoiles.net\/ecocamp\/deluxe-lodge-3\/","title":{"rendered":"Deluxe Lodge"},"content":{"rendered":"<p>Die beiden Lodges mit einer Fl\u00e4che von jeweils 42 m2 wurden in Zusammenarbeit mit der Designerin von \u00ab\u00a0Madame r\u00eave \u00e0 Marrakech\u00a0\u00bb eingerichtet und bieten ein sinnliches Gef\u00fchl von Raum und Raffinesse inmitten der weiten felsigen Gebiete von Agafay. Jedes verf\u00fcgt \u00fcber ein Kingsize-Bett mit eigenem Bad, das sorgf\u00e4ltig dekoriert ist und den Reichtum der marokkanischen Handwerkskunst hervorhebt. Gro\u00dfe Erkerfenster, die auf eine sch\u00f6ne Terrasse f\u00fchren, laden zum Nachdenken, Entspannen oder Lesen in der Ruhe der W\u00fcste ein. Da der Raum flexibel und gro\u00dfz\u00fcgig ist, bietet jeder Platz f\u00fcr drei bis vier Personen. Die romantische Umgebung bietet jedoch eine Atmosph\u00e4re, die Paare zu einem verliebten Kurzurlaub einl\u00e4dt &#8230;<\/p>\n<p>Die Lodges sind thematisch gestaltet: Die Liqama-Suite ist in Gr\u00fcnt\u00f6nen gehalten, w\u00e4hrend die Ouarda-Suite Korallent\u00f6ne verwendet.<\/p>\n<div data-carousel-extra='{\"blog_id\":1,\"permalink\":\"https:\\\/\\\/www.terredesetoiles.net\\\/ecocamp\\\/deluxe-lodge-3\\\/\",\"likes_blog_id\":false}' id='gallery-1' class='gallery galleryid-3537 gallery-columns-6 gallery-size-thumbnail'><figure class='gallery-item'>\n\t\t\t<div class='gallery-icon portrait'>\n\t\t\t\t<a href='https:\/\/www.terredesetoiles.net\/ecocamp\/deluxe-lodge\/lodge-suite-desert-agafay-marrakech-27\/'><img width=\"300\" height=\"300\" src=\"https:\/\/www.terredesetoiles.net\/ecocamp\/wp-content\/uploads\/2021\/01\/lodge-suite-desert-agafay-marrakech-27-300x300.jpeg\" class=\"attachment-thumbnail size-thumbnail\" alt=\"Lodge suite desert agafay marrakech - Terre des Etoiles\" decoding=\"async\" loading=\"lazy\" data-attachment-id=\"3493\" data-orig-file=\"https:\/\/www.terredesetoiles.net\/ecocamp\/wp-content\/uploads\/2021\/01\/lodge-suite-desert-agafay-marrakech-27.jpeg\" data-orig-size=\"768,1024\" data-comments-opened=\"0\" data-image-meta=\"{&quot;aperture&quot;:&quot;0&quot;,&quot;credit&quot;:&quot;&quot;,&quot;camera&quot;:&quot;&quot;,&quot;caption&quot;:&quot;&quot;,&quot;created_timestamp&quot;:&quot;0&quot;,&quot;copyright&quot;:&quot;&quot;,&quot;focal_length&quot;:&quot;0&quot;,&quot;iso&quot;:&quot;0&quot;,&quot;shutter_speed&quot;:&quot;0&quot;,&quot;title&quot;:&quot;&quot;,&quot;orientation&quot;:&quot;0&quot;,&quot;keywords&quot;:&quot;Array&quot;}\" data-image-title=\"\" data-image-description=\"\" data-medium-file=\"https:\/\/www.terredesetoiles.net\/ecocamp\/wp-content\/uploads\/2021\/01\/lodge-suite-desert-agafay-marrakech-27-338x450.jpeg\" data-large-file=\"https:\/\/www.terredesetoiles.net\/ecocamp\/wp-content\/uploads\/2021\/01\/lodge-suite-desert-agafay-marrakech-27.jpeg\" \/><\/a>\n\t\t\t<\/div><\/figure><figure class='gallery-item'>\n\t\t\t<div class='gallery-icon portrait'>\n\t\t\t\t<a href='https:\/\/www.terredesetoiles.net\/ecocamp\/deluxe-lodge\/lodge-suite-desert-agafay-marrakech-19\/'><img width=\"300\" height=\"300\" src=\"https:\/\/www.terredesetoiles.net\/ecocamp\/wp-content\/uploads\/2021\/01\/lodge-suite-desert-agafay-marrakech-19-300x300.jpeg\" class=\"attachment-thumbnail size-thumbnail\" alt=\"Lodge suite desert agafay marrakech - Terre des Etoiles\" decoding=\"async\" loading=\"lazy\" data-attachment-id=\"3485\" data-orig-file=\"https:\/\/www.terredesetoiles.net\/ecocamp\/wp-content\/uploads\/2021\/01\/lodge-suite-desert-agafay-marrakech-19.jpeg\" data-orig-size=\"768,1024\" data-comments-opened=\"0\" data-image-meta=\"{&quot;aperture&quot;:&quot;0&quot;,&quot;credit&quot;:&quot;&quot;,&quot;camera&quot;:&quot;&quot;,&quot;caption&quot;:&quot;&quot;,&quot;created_timestamp&quot;:&quot;0&quot;,&quot;copyright&quot;:&quot;&quot;,&quot;focal_length&quot;:&quot;0&quot;,&quot;iso&quot;:&quot;0&quot;,&quot;shutter_speed&quot;:&quot;0&quot;,&quot;title&quot;:&quot;&quot;,&quot;orientation&quot;:&quot;0&quot;,&quot;keywords&quot;:&quot;Array&quot;}\" data-image-title=\"\" data-image-description=\"\" data-medium-file=\"https:\/\/www.terredesetoiles.net\/ecocamp\/wp-content\/uploads\/2021\/01\/lodge-suite-desert-agafay-marrakech-19-338x450.jpeg\" data-large-file=\"https:\/\/www.terredesetoiles.net\/ecocamp\/wp-content\/uploads\/2021\/01\/lodge-suite-desert-agafay-marrakech-19.jpeg\" \/><\/a>\n\t\t\t<\/div><\/figure><figure class='gallery-item'>\n\t\t\t<div class='gallery-icon portrait'>\n\t\t\t\t<a href='https:\/\/www.terredesetoiles.net\/ecocamp\/deluxe-lodge\/lodge-suite-desert-agafay-marrakech-29\/'><img width=\"300\" height=\"300\" src=\"https:\/\/www.terredesetoiles.net\/ecocamp\/wp-content\/uploads\/2021\/01\/lodge-suite-desert-agafay-marrakech-29-300x300.jpeg\" class=\"attachment-thumbnail size-thumbnail\" alt=\"Lodge suite desert agafay marrakech - Terre des Etoiles\" decoding=\"async\" loading=\"lazy\" data-attachment-id=\"3495\" data-orig-file=\"https:\/\/www.terredesetoiles.net\/ecocamp\/wp-content\/uploads\/2021\/01\/lodge-suite-desert-agafay-marrakech-29.jpeg\" data-orig-size=\"768,1024\" data-comments-opened=\"0\" data-image-meta=\"{&quot;aperture&quot;:&quot;0&quot;,&quot;credit&quot;:&quot;&quot;,&quot;camera&quot;:&quot;&quot;,&quot;caption&quot;:&quot;&quot;,&quot;created_timestamp&quot;:&quot;0&quot;,&quot;copyright&quot;:&quot;&quot;,&quot;focal_length&quot;:&quot;0&quot;,&quot;iso&quot;:&quot;0&quot;,&quot;shutter_speed&quot;:&quot;0&quot;,&quot;title&quot;:&quot;&quot;,&quot;orientation&quot;:&quot;0&quot;,&quot;keywords&quot;:&quot;Array&quot;}\" data-image-title=\"\" data-image-description=\"\" data-medium-file=\"https:\/\/www.terredesetoiles.net\/ecocamp\/wp-content\/uploads\/2021\/01\/lodge-suite-desert-agafay-marrakech-29-338x450.jpeg\" data-large-file=\"https:\/\/www.terredesetoiles.net\/ecocamp\/wp-content\/uploads\/2021\/01\/lodge-suite-desert-agafay-marrakech-29.jpeg\" \/><\/a>\n\t\t\t<\/div><\/figure><figure class='gallery-item'>\n\t\t\t<div class='gallery-icon portrait'>\n\t\t\t\t<a href='https:\/\/www.terredesetoiles.net\/ecocamp\/deluxe-lodge\/lodge-suite-desert-agafay-marrakech-21\/'><img width=\"300\" height=\"300\" src=\"https:\/\/www.terredesetoiles.net\/ecocamp\/wp-content\/uploads\/2021\/01\/lodge-suite-desert-agafay-marrakech-21-300x300.jpeg\" class=\"attachment-thumbnail size-thumbnail\" alt=\"Lodge suite desert agafay marrakech - Terre des Etoiles\" decoding=\"async\" loading=\"lazy\" data-attachment-id=\"3487\" data-orig-file=\"https:\/\/www.terredesetoiles.net\/ecocamp\/wp-content\/uploads\/2021\/01\/lodge-suite-desert-agafay-marrakech-21.jpeg\" data-orig-size=\"768,1024\" data-comments-opened=\"0\" data-image-meta=\"{&quot;aperture&quot;:&quot;0&quot;,&quot;credit&quot;:&quot;&quot;,&quot;camera&quot;:&quot;&quot;,&quot;caption&quot;:&quot;&quot;,&quot;created_timestamp&quot;:&quot;0&quot;,&quot;copyright&quot;:&quot;&quot;,&quot;focal_length&quot;:&quot;0&quot;,&quot;iso&quot;:&quot;0&quot;,&quot;shutter_speed&quot;:&quot;0&quot;,&quot;title&quot;:&quot;&quot;,&quot;orientation&quot;:&quot;0&quot;,&quot;keywords&quot;:&quot;Array&quot;}\" data-image-title=\"\" data-image-description=\"\" data-medium-file=\"https:\/\/www.terredesetoiles.net\/ecocamp\/wp-content\/uploads\/2021\/01\/lodge-suite-desert-agafay-marrakech-21-338x450.jpeg\" data-large-file=\"https:\/\/www.terredesetoiles.net\/ecocamp\/wp-content\/uploads\/2021\/01\/lodge-suite-desert-agafay-marrakech-21.jpeg\" \/><\/a>\n\t\t\t<\/div><\/figure><figure class='gallery-item'>\n\t\t\t<div class='gallery-icon portrait'>\n\t\t\t\t<a href='https:\/\/www.terredesetoiles.net\/ecocamp\/deluxe-lodge\/lodge-suite-desert-agafay-marrakech-7\/'><img width=\"300\" height=\"300\" src=\"https:\/\/www.terredesetoiles.net\/ecocamp\/wp-content\/uploads\/2021\/01\/lodge-suite-desert-agafay-marrakech-7-300x300.jpeg\" class=\"attachment-thumbnail size-thumbnail\" alt=\"Lodge suite desert agafay marrakech - Terre des Etoiles\" decoding=\"async\" loading=\"lazy\" data-attachment-id=\"3473\" data-orig-file=\"https:\/\/www.terredesetoiles.net\/ecocamp\/wp-content\/uploads\/2021\/01\/lodge-suite-desert-agafay-marrakech-7.jpeg\" data-orig-size=\"768,1024\" data-comments-opened=\"0\" data-image-meta=\"{&quot;aperture&quot;:&quot;0&quot;,&quot;credit&quot;:&quot;&quot;,&quot;camera&quot;:&quot;&quot;,&quot;caption&quot;:&quot;&quot;,&quot;created_timestamp&quot;:&quot;0&quot;,&quot;copyright&quot;:&quot;&quot;,&quot;focal_length&quot;:&quot;0&quot;,&quot;iso&quot;:&quot;0&quot;,&quot;shutter_speed&quot;:&quot;0&quot;,&quot;title&quot;:&quot;&quot;,&quot;orientation&quot;:&quot;0&quot;,&quot;keywords&quot;:&quot;Array&quot;}\" data-image-title=\"lodge-suite-desert-agafay-marrakech-7\" data-image-description=\"\" data-medium-file=\"https:\/\/www.terredesetoiles.net\/ecocamp\/wp-content\/uploads\/2021\/01\/lodge-suite-desert-agafay-marrakech-7-338x450.jpeg\" data-large-file=\"https:\/\/www.terredesetoiles.net\/ecocamp\/wp-content\/uploads\/2021\/01\/lodge-suite-desert-agafay-marrakech-7.jpeg\" \/><\/a>\n\t\t\t<\/div><\/figure><figure class='gallery-item'>\n\t\t\t<div class='gallery-icon portrait'>\n\t\t\t\t<a href='https:\/\/www.terredesetoiles.net\/ecocamp\/deluxe-lodge\/lodge-suite-desert-agafay-marrakech-6\/'><img width=\"300\" height=\"300\" src=\"https:\/\/www.terredesetoiles.net\/ecocamp\/wp-content\/uploads\/2021\/01\/lodge-suite-desert-agafay-marrakech-6-300x300.jpeg\" class=\"attachment-thumbnail size-thumbnail\" alt=\"Lodge suite desert agafay marrakech - Terre des Etoiles\" decoding=\"async\" loading=\"lazy\" data-attachment-id=\"3472\" data-orig-file=\"https:\/\/www.terredesetoiles.net\/ecocamp\/wp-content\/uploads\/2021\/01\/lodge-suite-desert-agafay-marrakech-6.jpeg\" data-orig-size=\"768,1024\" data-comments-opened=\"0\" data-image-meta=\"{&quot;aperture&quot;:&quot;0&quot;,&quot;credit&quot;:&quot;&quot;,&quot;camera&quot;:&quot;&quot;,&quot;caption&quot;:&quot;&quot;,&quot;created_timestamp&quot;:&quot;0&quot;,&quot;copyright&quot;:&quot;&quot;,&quot;focal_length&quot;:&quot;0&quot;,&quot;iso&quot;:&quot;0&quot;,&quot;shutter_speed&quot;:&quot;0&quot;,&quot;title&quot;:&quot;&quot;,&quot;orientation&quot;:&quot;0&quot;,&quot;keywords&quot;:&quot;Array&quot;}\" data-image-title=\"\" data-image-description=\"\" data-medium-file=\"https:\/\/www.terredesetoiles.net\/ecocamp\/wp-content\/uploads\/2021\/01\/lodge-suite-desert-agafay-marrakech-6-338x450.jpeg\" data-large-file=\"https:\/\/www.terredesetoiles.net\/ecocamp\/wp-content\/uploads\/2021\/01\/lodge-suite-desert-agafay-marrakech-6.jpeg\" \/><\/a>\n\t\t\t<\/div><\/figure><figure class='gallery-item'>\n\t\t\t<div class='gallery-icon portrait'>\n\t\t\t\t<a href='https:\/\/www.terredesetoiles.net\/ecocamp\/deluxe-lodge\/lodge-suite-desert-agafay-marrakech-24\/'><img width=\"300\" height=\"300\" src=\"https:\/\/www.terredesetoiles.net\/ecocamp\/wp-content\/uploads\/2021\/01\/lodge-suite-desert-agafay-marrakech-24-300x300.jpeg\" class=\"attachment-thumbnail size-thumbnail\" alt=\"Lodge suite desert agafay marrakech - Terre des Etoiles\" decoding=\"async\" loading=\"lazy\" data-attachment-id=\"3490\" data-orig-file=\"https:\/\/www.terredesetoiles.net\/ecocamp\/wp-content\/uploads\/2021\/01\/lodge-suite-desert-agafay-marrakech-24.jpeg\" data-orig-size=\"768,1024\" data-comments-opened=\"0\" data-image-meta=\"{&quot;aperture&quot;:&quot;0&quot;,&quot;credit&quot;:&quot;&quot;,&quot;camera&quot;:&quot;&quot;,&quot;caption&quot;:&quot;&quot;,&quot;created_timestamp&quot;:&quot;0&quot;,&quot;copyright&quot;:&quot;&quot;,&quot;focal_length&quot;:&quot;0&quot;,&quot;iso&quot;:&quot;0&quot;,&quot;shutter_speed&quot;:&quot;0&quot;,&quot;title&quot;:&quot;&quot;,&quot;orientation&quot;:&quot;0&quot;,&quot;keywords&quot;:&quot;Array&quot;}\" data-image-title=\"\" data-image-description=\"\" data-medium-file=\"https:\/\/www.terredesetoiles.net\/ecocamp\/wp-content\/uploads\/2021\/01\/lodge-suite-desert-agafay-marrakech-24-338x450.jpeg\" data-large-file=\"https:\/\/www.terredesetoiles.net\/ecocamp\/wp-content\/uploads\/2021\/01\/lodge-suite-desert-agafay-marrakech-24.jpeg\" \/><\/a>\n\t\t\t<\/div><\/figure><figure class='gallery-item'>\n\t\t\t<div class='gallery-icon landscape'>\n\t\t\t\t<a href='https:\/\/www.terredesetoiles.net\/ecocamp\/deluxe-lodge\/lodge-suite-desert-agafay-marrakech-4\/'><img width=\"300\" height=\"300\" src=\"https:\/\/www.terredesetoiles.net\/ecocamp\/wp-content\/uploads\/2021\/01\/lodge-suite-desert-agafay-marrakech-4-300x300.jpeg\" class=\"attachment-thumbnail size-thumbnail\" alt=\"Lodge suite desert agafay marrakech - Terre des Etoiles\" decoding=\"async\" loading=\"lazy\" data-attachment-id=\"3470\" data-orig-file=\"https:\/\/www.terredesetoiles.net\/ecocamp\/wp-content\/uploads\/2021\/01\/lodge-suite-desert-agafay-marrakech-4.jpeg\" data-orig-size=\"1024,768\" data-comments-opened=\"0\" data-image-meta=\"{&quot;aperture&quot;:&quot;0&quot;,&quot;credit&quot;:&quot;&quot;,&quot;camera&quot;:&quot;&quot;,&quot;caption&quot;:&quot;&quot;,&quot;created_timestamp&quot;:&quot;0&quot;,&quot;copyright&quot;:&quot;&quot;,&quot;focal_length&quot;:&quot;0&quot;,&quot;iso&quot;:&quot;0&quot;,&quot;shutter_speed&quot;:&quot;0&quot;,&quot;title&quot;:&quot;&quot;,&quot;orientation&quot;:&quot;0&quot;,&quot;keywords&quot;:&quot;Array&quot;}\" data-image-title=\"\" data-image-description=\"\" data-medium-file=\"https:\/\/www.terredesetoiles.net\/ecocamp\/wp-content\/uploads\/2021\/01\/lodge-suite-desert-agafay-marrakech-4-450x338.jpeg\" data-large-file=\"https:\/\/www.terredesetoiles.net\/ecocamp\/wp-content\/uploads\/2021\/01\/lodge-suite-desert-agafay-marrakech-4.jpeg\" \/><\/a>\n\t\t\t<\/div><\/figure><figure class='gallery-item'>\n\t\t\t<div class='gallery-icon landscape'>\n\t\t\t\t<a href='https:\/\/www.terredesetoiles.net\/ecocamp\/deluxe-lodge\/lodge-suite-desert-agafay-marrakech-20\/'><img width=\"300\" height=\"300\" src=\"https:\/\/www.terredesetoiles.net\/ecocamp\/wp-content\/uploads\/2021\/01\/lodge-suite-desert-agafay-marrakech-20-300x300.jpeg\" class=\"attachment-thumbnail size-thumbnail\" alt=\"Lodge suite desert agafay marrakech - Terre des Etoiles\" decoding=\"async\" loading=\"lazy\" data-attachment-id=\"3486\" data-orig-file=\"https:\/\/www.terredesetoiles.net\/ecocamp\/wp-content\/uploads\/2021\/01\/lodge-suite-desert-agafay-marrakech-20.jpeg\" data-orig-size=\"1024,768\" data-comments-opened=\"0\" data-image-meta=\"{&quot;aperture&quot;:&quot;0&quot;,&quot;credit&quot;:&quot;&quot;,&quot;camera&quot;:&quot;&quot;,&quot;caption&quot;:&quot;&quot;,&quot;created_timestamp&quot;:&quot;0&quot;,&quot;copyright&quot;:&quot;&quot;,&quot;focal_length&quot;:&quot;0&quot;,&quot;iso&quot;:&quot;0&quot;,&quot;shutter_speed&quot;:&quot;0&quot;,&quot;title&quot;:&quot;&quot;,&quot;orientation&quot;:&quot;0&quot;,&quot;keywords&quot;:&quot;Array&quot;}\" data-image-title=\"\" data-image-description=\"\" data-medium-file=\"https:\/\/www.terredesetoiles.net\/ecocamp\/wp-content\/uploads\/2021\/01\/lodge-suite-desert-agafay-marrakech-20-450x338.jpeg\" data-large-file=\"https:\/\/www.terredesetoiles.net\/ecocamp\/wp-content\/uploads\/2021\/01\/lodge-suite-desert-agafay-marrakech-20.jpeg\" \/><\/a>\n\t\t\t<\/div><\/figure><figure class='gallery-item'>\n\t\t\t<div class='gallery-icon portrait'>\n\t\t\t\t<a href='https:\/\/www.terredesetoiles.net\/ecocamp\/deluxe-lodge\/lodge-suite-desert-agafay-marrakech-17\/'><img width=\"300\" height=\"300\" src=\"https:\/\/www.terredesetoiles.net\/ecocamp\/wp-content\/uploads\/2021\/01\/lodge-suite-desert-agafay-marrakech-17-300x300.jpeg\" class=\"attachment-thumbnail size-thumbnail\" alt=\"Lodge suite desert agafay marrakech - Terre des Etoiles\" decoding=\"async\" loading=\"lazy\" data-attachment-id=\"3483\" data-orig-file=\"https:\/\/www.terredesetoiles.net\/ecocamp\/wp-content\/uploads\/2021\/01\/lodge-suite-desert-agafay-marrakech-17.jpeg\" data-orig-size=\"768,1024\" data-comments-opened=\"0\" data-image-meta=\"{&quot;aperture&quot;:&quot;0&quot;,&quot;credit&quot;:&quot;&quot;,&quot;camera&quot;:&quot;&quot;,&quot;caption&quot;:&quot;&quot;,&quot;created_timestamp&quot;:&quot;0&quot;,&quot;copyright&quot;:&quot;&quot;,&quot;focal_length&quot;:&quot;0&quot;,&quot;iso&quot;:&quot;0&quot;,&quot;shutter_speed&quot;:&quot;0&quot;,&quot;title&quot;:&quot;&quot;,&quot;orientation&quot;:&quot;0&quot;,&quot;keywords&quot;:&quot;Array&quot;}\" data-image-title=\"\" data-image-description=\"\" data-medium-file=\"https:\/\/www.terredesetoiles.net\/ecocamp\/wp-content\/uploads\/2021\/01\/lodge-suite-desert-agafay-marrakech-17-338x450.jpeg\" data-large-file=\"https:\/\/www.terredesetoiles.net\/ecocamp\/wp-content\/uploads\/2021\/01\/lodge-suite-desert-agafay-marrakech-17.jpeg\" \/><\/a>\n\t\t\t<\/div><\/figure><figure class='gallery-item'>\n\t\t\t<div class='gallery-icon landscape'>\n\t\t\t\t<a href='https:\/\/www.terredesetoiles.net\/ecocamp\/deluxe-lodge\/lodge-suite-desert-agafay-marrakech-31\/'><img width=\"300\" height=\"300\" src=\"https:\/\/www.terredesetoiles.net\/ecocamp\/wp-content\/uploads\/2021\/01\/lodge-suite-desert-agafay-marrakech-31-300x300.jpeg\" class=\"attachment-thumbnail size-thumbnail\" alt=\"Lodge suite desert agafay marrakech - Terre des Etoiles\" decoding=\"async\" loading=\"lazy\" data-attachment-id=\"3497\" data-orig-file=\"https:\/\/www.terredesetoiles.net\/ecocamp\/wp-content\/uploads\/2021\/01\/lodge-suite-desert-agafay-marrakech-31.jpeg\" data-orig-size=\"1600,1200\" data-comments-opened=\"0\" data-image-meta=\"{&quot;aperture&quot;:&quot;0&quot;,&quot;credit&quot;:&quot;&quot;,&quot;camera&quot;:&quot;&quot;,&quot;caption&quot;:&quot;&quot;,&quot;created_timestamp&quot;:&quot;0&quot;,&quot;copyright&quot;:&quot;&quot;,&quot;focal_length&quot;:&quot;0&quot;,&quot;iso&quot;:&quot;0&quot;,&quot;shutter_speed&quot;:&quot;0&quot;,&quot;title&quot;:&quot;&quot;,&quot;orientation&quot;:&quot;0&quot;,&quot;keywords&quot;:&quot;Array&quot;}\" data-image-title=\"\" data-image-description=\"\" data-medium-file=\"https:\/\/www.terredesetoiles.net\/ecocamp\/wp-content\/uploads\/2021\/01\/lodge-suite-desert-agafay-marrakech-31-450x338.jpeg\" data-large-file=\"https:\/\/www.terredesetoiles.net\/ecocamp\/wp-content\/uploads\/2021\/01\/lodge-suite-desert-agafay-marrakech-31-1024x768.jpeg\" \/><\/a>\n\t\t\t<\/div><\/figure><figure class='gallery-item'>\n\t\t\t<div class='gallery-icon portrait'>\n\t\t\t\t<a href='https:\/\/www.terredesetoiles.net\/ecocamp\/deluxe-lodge\/lodge-suite-desert-agafay-marrakech-22\/'><img width=\"300\" height=\"300\" src=\"https:\/\/www.terredesetoiles.net\/ecocamp\/wp-content\/uploads\/2021\/01\/lodge-suite-desert-agafay-marrakech-22-300x300.jpeg\" class=\"attachment-thumbnail size-thumbnail\" alt=\"Lodge suite desert agafay marrakech - Terre des Etoiles\" decoding=\"async\" loading=\"lazy\" data-attachment-id=\"3488\" data-orig-file=\"https:\/\/www.terredesetoiles.net\/ecocamp\/wp-content\/uploads\/2021\/01\/lodge-suite-desert-agafay-marrakech-22.jpeg\" data-orig-size=\"768,1024\" data-comments-opened=\"0\" data-image-meta=\"{&quot;aperture&quot;:&quot;0&quot;,&quot;credit&quot;:&quot;&quot;,&quot;camera&quot;:&quot;&quot;,&quot;caption&quot;:&quot;&quot;,&quot;created_timestamp&quot;:&quot;0&quot;,&quot;copyright&quot;:&quot;&quot;,&quot;focal_length&quot;:&quot;0&quot;,&quot;iso&quot;:&quot;0&quot;,&quot;shutter_speed&quot;:&quot;0&quot;,&quot;title&quot;:&quot;&quot;,&quot;orientation&quot;:&quot;0&quot;,&quot;keywords&quot;:&quot;Array&quot;}\" data-image-title=\"\" data-image-description=\"\" data-medium-file=\"https:\/\/www.terredesetoiles.net\/ecocamp\/wp-content\/uploads\/2021\/01\/lodge-suite-desert-agafay-marrakech-22-338x450.jpeg\" data-large-file=\"https:\/\/www.terredesetoiles.net\/ecocamp\/wp-content\/uploads\/2021\/01\/lodge-suite-desert-agafay-marrakech-22.jpeg\" \/><\/a>\n\t\t\t<\/div><\/figure>\n\t\t<\/div>\n\n<blockquote class=\"trans\">\n<h6><i class=\"fa fa-cab\">\u00a0<\/i>TRANSPORT<\/h6>\n<p>F\u00fcr einen Shuttle ab\/nach Marrakesch wenden Sie sich bitte an uns (4 Fahrg\u00e4ste 750 Dh hin und zur\u00fcck)\n<\/p><\/blockquote>\n<blockquote>\n<h6><i class=\"fa fa-info-circle\">\u00a0<\/i>ZUS\u00c4TZLICHE INFORMATION<\/h6>\n<p>Sie k\u00f6nnen unser Camp am Anreisetag ab 12 Uhr und bis sp\u00e4testens 15 Uhr beziehen.<br \/>\nFr\u00fchst\u00fcck und Abendessen (oder Mittagessen) sind inbegriffen. Sie haben freien Zugang zu den Anlagen des Camps, inklusive der Schwimmbecken, au\u00dferdem k\u00f6nnen Sie an einem Kochkurs und einer Einf\u00fchrung in die Permakultur teilnehmen. Alle weiteren Aktivit\u00e4ten sind gegen Aufpreis m\u00f6glich. Ihr Abreise sollte am entsprechenden Tag bis sp\u00e4testens 12 Uhr erfolgen.<\/p>\n<p>Sie k\u00f6nnen das Camp mit einem Touristentransport erreichen oder ein Shuttle ab Marrakesch reservieren. <strong><a href=\"https:\/\/www.terredesetoiles.net\/ecocamp\/faq\/\" rel=\"noopener noreferrer\" target=\"_blank\">KLICKEN SIE HIER<\/a><\/strong> f\u00fcr weitere Informationen<\/p><\/blockquote>\n","protected":false},"excerpt":{"rendered":"<p>Die beiden Lodges mit einer Fl\u00e4che von jeweils 42 m2 wurden in Zusammenarbeit mit der Designerin von \u00ab\u00a0Madame r\u00eave \u00e0 [&hellip;]<\/p>\n","protected":false},"author":1,"featured_media":3499,"parent":0,"menu_order":0,"comment_status":"closed","ping_status":"closed","template":"page-templates\/hebergement.php","meta":[],"language":[9],"acf":[],"_links":{"self":[{"href":"https:\/\/www.terredesetoiles.net\/ecocamp\/wp-json\/wp\/v2\/pages\/3537"}],"collection":[{"href":"https:\/\/www.terredesetoiles.net\/ecocamp\/wp-json\/wp\/v2\/pages"}],"about":[{"href":"https:\/\/www.terredesetoiles.net\/ecocamp\/wp-json\/wp\/v2\/types\/page"}],"author":[{"embeddable":true,"href":"https:\/\/www.terredesetoiles.net\/ecocamp\/wp-json\/wp\/v2\/users\/1"}],"replies":[{"embeddable":true,"href":"https:\/\/www.terredesetoiles.net\/ecocamp\/wp-json\/wp\/v2\/comments?post=3537"}],"version-history":[{"count":0,"href":"https:\/\/www.terredesetoiles.net\/ecocamp\/wp-json\/wp\/v2\/pages\/3537\/revisions"}],"wp:featuredmedia":[{"embeddable":true,"href":"https:\/\/www.terredesetoiles.net\/ecocamp\/wp-json\/wp\/v2\/media\/3499"}],"wp:attachment":[{"href":"https:\/\/www.terredesetoiles.net\/ecocamp\/wp-json\/wp\/v2\/media?parent=3537"}],"wp:term":[{"taxonomy":"language","embeddable":true,"href":"https:\/\/www.terredesetoiles.net\/ecocamp\/wp-json\/wp\/v2\/language?post=3537"}],"curies":[{"name":"wp","href":"https:\/\/api.w.org\/{rel}","templated":true}]}}