{"id":975,"date":"2019-09-11T17:19:19","date_gmt":"2019-09-11T15:19:19","guid":{"rendered":"http:\/\/www.terredesetoiles.net\/?page_id=975"},"modified":"2020-03-16T17:09:54","modified_gmt":"2020-03-16T16:09:54","slug":"seance-de-yoga","status":"publish","type":"page","link":"https:\/\/www.terredesetoiles.net\/ecocamp\/seance-de-yoga\/","title":{"rendered":"S\u00e9ance de Yoga"},"content":{"rendered":"<p>Profitez d&rsquo;une s\u00e9ance de yoga dans le d\u00e9sert d&rsquo;Agafay pour vous connecter davantage \u00e0 Dame Nature.<\/p>\n<p>Les classes de yoga sont anim\u00e9es par des professionnels confirm\u00e9s des meilleurs centres de Marrakech en hatha, vinyasa et kundalini..<\/p>\n<p>Face \u00e0 l&rsquo;immensit\u00e9 vertigineuse des \u00e9tendues d\u00e9sertiques, les pratiquants, couple, famille ou amis, sauront trouver un cadre stimulant pour effectuer les s\u00e9quences traditionnelles de yoga. Les s\u00e9ances sont g\u00e9n\u00e9ralement construites par des encha\u00eenements d&rsquo;\u00e9tirements, de postures et d&rsquo;exercices respiratoires.<\/p>\n<div data-carousel-extra='{\"blog_id\":1,\"permalink\":\"https:\\\/\\\/www.terredesetoiles.net\\\/ecocamp\\\/seance-de-yoga\\\/\",\"likes_blog_id\":false}' id='gallery-1' class='gallery galleryid-975 gallery-columns-6 gallery-size-thumbnail'><figure class='gallery-item'>\n\t\t\t<div class='gallery-icon landscape'>\n\t\t\t\t<a href='https:\/\/www.terredesetoiles.net\/ecocamp\/seminaire-dentreprise\/yoga-dome-2\/'><img width=\"300\" height=\"300\" src=\"https:\/\/www.terredesetoiles.net\/ecocamp\/wp-content\/uploads\/2020\/01\/Yoga-dome-1-300x300.jpg\" class=\"attachment-thumbnail size-thumbnail\" alt=\"yoga dome agafay\" decoding=\"async\" loading=\"lazy\" srcset=\"https:\/\/www.terredesetoiles.net\/ecocamp\/wp-content\/uploads\/2020\/01\/Yoga-dome-1-300x300.jpg 300w, https:\/\/www.terredesetoiles.net\/ecocamp\/wp-content\/uploads\/2020\/01\/Yoga-dome-1-450x450.jpg 450w, https:\/\/www.terredesetoiles.net\/ecocamp\/wp-content\/uploads\/2020\/01\/Yoga-dome-1-768x768.jpg 768w, https:\/\/www.terredesetoiles.net\/ecocamp\/wp-content\/uploads\/2020\/01\/Yoga-dome-1.jpg 960w\" sizes=\"(max-width: 300px) 100vw, 300px\" data-attachment-id=\"2414\" data-orig-file=\"https:\/\/www.terredesetoiles.net\/ecocamp\/wp-content\/uploads\/2020\/01\/Yoga-dome-1.jpg\" data-orig-size=\"960,960\" data-comments-opened=\"0\" data-image-meta=\"{&quot;aperture&quot;:&quot;0&quot;,&quot;credit&quot;:&quot;&quot;,&quot;camera&quot;:&quot;&quot;,&quot;caption&quot;:&quot;&quot;,&quot;created_timestamp&quot;:&quot;0&quot;,&quot;copyright&quot;:&quot;&quot;,&quot;focal_length&quot;:&quot;0&quot;,&quot;iso&quot;:&quot;0&quot;,&quot;shutter_speed&quot;:&quot;0&quot;,&quot;title&quot;:&quot;&quot;,&quot;orientation&quot;:&quot;0&quot;,&quot;keywords&quot;:&quot;Array&quot;}\" data-image-title=\"Yoga dome\" data-image-description=\"\" data-medium-file=\"https:\/\/www.terredesetoiles.net\/ecocamp\/wp-content\/uploads\/2020\/01\/Yoga-dome-1-450x450.jpg\" data-large-file=\"https:\/\/www.terredesetoiles.net\/ecocamp\/wp-content\/uploads\/2020\/01\/Yoga-dome-1.jpg\" \/><\/a>\n\t\t\t<\/div><\/figure><figure class='gallery-item'>\n\t\t\t<div class='gallery-icon landscape'>\n\t\t\t\t<a href='https:\/\/www.terredesetoiles.net\/ecocamp\/seance-de-yoga\/yoga-ecolodge-desert-marrakech-maroc-terredesetoiles\/'><img width=\"300\" height=\"300\" src=\"https:\/\/www.terredesetoiles.net\/ecocamp\/wp-content\/uploads\/2019\/09\/yoga-ecolodge-desert-marrakech-maroc-terredesetoiles-e1568141023285-300x300.jpg\" class=\"attachment-thumbnail size-thumbnail\" alt=\"S\u00e9ance de Yoga Ecotourisme Maroc\" decoding=\"async\" loading=\"lazy\" data-attachment-id=\"655\" data-orig-file=\"https:\/\/www.terredesetoiles.net\/ecocamp\/wp-content\/uploads\/2019\/09\/yoga-ecolodge-desert-marrakech-maroc-terredesetoiles-e1568141023285.jpg\" data-orig-size=\"1280,854\" data-comments-opened=\"0\" data-image-meta=\"{&quot;aperture&quot;:&quot;0&quot;,&quot;credit&quot;:&quot;&quot;,&quot;camera&quot;:&quot;&quot;,&quot;caption&quot;:&quot;&quot;,&quot;created_timestamp&quot;:&quot;0&quot;,&quot;copyright&quot;:&quot;&quot;,&quot;focal_length&quot;:&quot;0&quot;,&quot;iso&quot;:&quot;0&quot;,&quot;shutter_speed&quot;:&quot;0&quot;,&quot;title&quot;:&quot;&quot;,&quot;orientation&quot;:&quot;0&quot;,&quot;keywords&quot;:&quot;Array&quot;}\" data-image-title=\"\" data-image-description=\"\" data-medium-file=\"https:\/\/www.terredesetoiles.net\/ecocamp\/wp-content\/uploads\/2019\/09\/yoga-ecolodge-desert-marrakech-maroc-terredesetoiles-e1568141023285-450x300.jpg\" data-large-file=\"https:\/\/www.terredesetoiles.net\/ecocamp\/wp-content\/uploads\/2019\/09\/yoga-ecolodge-desert-marrakech-maroc-terredesetoiles-e1568141023285-1024x683.jpg\" \/><\/a>\n\t\t\t<\/div><\/figure><figure class='gallery-item'>\n\t\t\t<div class='gallery-icon landscape'>\n\t\t\t\t<a href='https:\/\/www.terredesetoiles.net\/ecocamp\/seance-de-yoga\/yoga-ecolodge-desert-marrakech-maroc-terredesetoiles-1\/'><img width=\"300\" height=\"300\" src=\"https:\/\/www.terredesetoiles.net\/ecocamp\/wp-content\/uploads\/2019\/09\/yoga-ecolodge-desert-marrakech-maroc-terredesetoiles-1-300x300.jpg\" class=\"attachment-thumbnail size-thumbnail\" alt=\"S\u00e9ance de Yoga Ecotourisme Maroc\" decoding=\"async\" loading=\"lazy\" data-attachment-id=\"976\" data-orig-file=\"https:\/\/www.terredesetoiles.net\/ecocamp\/wp-content\/uploads\/2019\/09\/yoga-ecolodge-desert-marrakech-maroc-terredesetoiles-1.jpg\" data-orig-size=\"960,640\" data-comments-opened=\"0\" data-image-meta=\"{&quot;aperture&quot;:&quot;0&quot;,&quot;credit&quot;:&quot;&quot;,&quot;camera&quot;:&quot;&quot;,&quot;caption&quot;:&quot;&quot;,&quot;created_timestamp&quot;:&quot;0&quot;,&quot;copyright&quot;:&quot;&quot;,&quot;focal_length&quot;:&quot;0&quot;,&quot;iso&quot;:&quot;0&quot;,&quot;shutter_speed&quot;:&quot;0&quot;,&quot;title&quot;:&quot;&quot;,&quot;orientation&quot;:&quot;0&quot;,&quot;keywords&quot;:&quot;Array&quot;}\" data-image-title=\"S\u00e9ance de Yoga Ecotourisme Maroc\" data-image-description=\"\" data-medium-file=\"https:\/\/www.terredesetoiles.net\/ecocamp\/wp-content\/uploads\/2019\/09\/yoga-ecolodge-desert-marrakech-maroc-terredesetoiles-1-450x300.jpg\" data-large-file=\"https:\/\/www.terredesetoiles.net\/ecocamp\/wp-content\/uploads\/2019\/09\/yoga-ecolodge-desert-marrakech-maroc-terredesetoiles-1.jpg\" \/><\/a>\n\t\t\t<\/div><\/figure><figure class='gallery-item'>\n\t\t\t<div class='gallery-icon landscape'>\n\t\t\t\t<a href='https:\/\/www.terredesetoiles.net\/ecocamp\/seance-de-yoga\/yoga-ecolodge-desert-marrakech-maroc-terredesetoiles-2\/'><img width=\"300\" height=\"300\" src=\"https:\/\/www.terredesetoiles.net\/ecocamp\/wp-content\/uploads\/2019\/09\/yoga-ecolodge-desert-marrakech-maroc-terredesetoiles-2-300x300.jpg\" class=\"attachment-thumbnail size-thumbnail\" alt=\"S\u00e9ance de Yoga Ecotourisme Maroc\" decoding=\"async\" loading=\"lazy\" data-attachment-id=\"977\" data-orig-file=\"https:\/\/www.terredesetoiles.net\/ecocamp\/wp-content\/uploads\/2019\/09\/yoga-ecolodge-desert-marrakech-maroc-terredesetoiles-2.jpg\" data-orig-size=\"1120,746\" data-comments-opened=\"0\" data-image-meta=\"{&quot;aperture&quot;:&quot;0&quot;,&quot;credit&quot;:&quot;&quot;,&quot;camera&quot;:&quot;&quot;,&quot;caption&quot;:&quot;&quot;,&quot;created_timestamp&quot;:&quot;0&quot;,&quot;copyright&quot;:&quot;&quot;,&quot;focal_length&quot;:&quot;0&quot;,&quot;iso&quot;:&quot;0&quot;,&quot;shutter_speed&quot;:&quot;0&quot;,&quot;title&quot;:&quot;&quot;,&quot;orientation&quot;:&quot;0&quot;,&quot;keywords&quot;:&quot;Array&quot;}\" data-image-title=\"S\u00e9ance de Yoga Ecotourisme Maroc\" data-image-description=\"\" data-medium-file=\"https:\/\/www.terredesetoiles.net\/ecocamp\/wp-content\/uploads\/2019\/09\/yoga-ecolodge-desert-marrakech-maroc-terredesetoiles-2-450x300.jpg\" data-large-file=\"https:\/\/www.terredesetoiles.net\/ecocamp\/wp-content\/uploads\/2019\/09\/yoga-ecolodge-desert-marrakech-maroc-terredesetoiles-2-1024x682.jpg\" \/><\/a>\n\t\t\t<\/div><\/figure><figure class='gallery-item'>\n\t\t\t<div class='gallery-icon landscape'>\n\t\t\t\t<a href='https:\/\/www.terredesetoiles.net\/ecocamp\/seance-de-yoga\/yoga_desert_agafay_terredesetoiles_maroc\/'><img width=\"300\" height=\"300\" src=\"https:\/\/www.terredesetoiles.net\/ecocamp\/wp-content\/uploads\/2020\/03\/Yoga_Desert_Agafay_TerredesEtoiles_Maroc-300x300.jpg\" class=\"attachment-thumbnail size-thumbnail\" alt=\"Yoga_Desert_Agafay_TerredesEtoiles_Maroc\" decoding=\"async\" loading=\"lazy\" data-attachment-id=\"2683\" data-orig-file=\"https:\/\/www.terredesetoiles.net\/ecocamp\/wp-content\/uploads\/2020\/03\/Yoga_Desert_Agafay_TerredesEtoiles_Maroc-e1584374983753.jpg\" data-orig-size=\"1280,853\" data-comments-opened=\"0\" data-image-meta=\"{&quot;aperture&quot;:&quot;22&quot;,&quot;credit&quot;:&quot;&quot;,&quot;camera&quot;:&quot;Canon EOS 5D Mark IV&quot;,&quot;caption&quot;:&quot;&quot;,&quot;created_timestamp&quot;:&quot;1580015877&quot;,&quot;copyright&quot;:&quot;&quot;,&quot;focal_length&quot;:&quot;60&quot;,&quot;iso&quot;:&quot;500&quot;,&quot;shutter_speed&quot;:&quot;0.00625&quot;,&quot;title&quot;:&quot;&quot;,&quot;orientation&quot;:&quot;1&quot;,&quot;keywords&quot;:&quot;Array&quot;}\" data-image-title=\"Yoga_Desert_Agafay_TerredesEtoiles_Maroc\" data-image-description=\"\" data-medium-file=\"https:\/\/www.terredesetoiles.net\/ecocamp\/wp-content\/uploads\/2020\/03\/Yoga_Desert_Agafay_TerredesEtoiles_Maroc-450x300.jpg\" data-large-file=\"https:\/\/www.terredesetoiles.net\/ecocamp\/wp-content\/uploads\/2020\/03\/Yoga_Desert_Agafay_TerredesEtoiles_Maroc-1024x683.jpg\" \/><\/a>\n\t\t\t<\/div><\/figure><figure class='gallery-item'>\n\t\t\t<div class='gallery-icon landscape'>\n\t\t\t\t<a href='https:\/\/www.terredesetoiles.net\/ecocamp\/une-oasis\/oasis-desert-agafay-marrakech-maroc-terredesetoiles-1\/'><img width=\"300\" height=\"300\" src=\"https:\/\/www.terredesetoiles.net\/ecocamp\/wp-content\/uploads\/2019\/09\/oasis-desert-agafay-marrakech-maroc-terredesetoiles-1-300x300.jpg\" class=\"attachment-thumbnail size-thumbnail\" alt=\"Oasis desert Agafay Marrakech Maroc Terre des Etoiles\" decoding=\"async\" loading=\"lazy\" data-attachment-id=\"244\" data-orig-file=\"https:\/\/www.terredesetoiles.net\/ecocamp\/wp-content\/uploads\/2019\/09\/oasis-desert-agafay-marrakech-maroc-terredesetoiles-1.jpg\" data-orig-size=\"1280,853\" data-comments-opened=\"0\" data-image-meta=\"{&quot;aperture&quot;:&quot;0&quot;,&quot;credit&quot;:&quot;&quot;,&quot;camera&quot;:&quot;&quot;,&quot;caption&quot;:&quot;&quot;,&quot;created_timestamp&quot;:&quot;0&quot;,&quot;copyright&quot;:&quot;&quot;,&quot;focal_length&quot;:&quot;0&quot;,&quot;iso&quot;:&quot;0&quot;,&quot;shutter_speed&quot;:&quot;0&quot;,&quot;title&quot;:&quot;&quot;,&quot;orientation&quot;:&quot;0&quot;,&quot;keywords&quot;:&quot;Array&quot;}\" data-image-title=\"Oasis desert Agafay Marrakech Maroc Terre des Etoiles\" data-image-description=\"\" data-medium-file=\"https:\/\/www.terredesetoiles.net\/ecocamp\/wp-content\/uploads\/2019\/09\/oasis-desert-agafay-marrakech-maroc-terredesetoiles-1-450x300.jpg\" data-large-file=\"https:\/\/www.terredesetoiles.net\/ecocamp\/wp-content\/uploads\/2019\/09\/oasis-desert-agafay-marrakech-maroc-terredesetoiles-1-1024x682.jpg\" \/><\/a>\n\t\t\t<\/div><\/figure>\n\t\t<\/div>\n\n","protected":false},"excerpt":{"rendered":"<p>Profitez d&rsquo;une s\u00e9ance de yoga dans le d\u00e9sert d&rsquo;Agafay pour vous connecter davantage \u00e0 Dame Nature. Les classes de yoga [&hellip;]<\/p>\n","protected":false},"author":1,"featured_media":655,"parent":0,"menu_order":0,"comment_status":"closed","ping_status":"closed","template":"page-templates\/package.php","meta":[],"language":[7],"acf":[],"_links":{"self":[{"href":"https:\/\/www.terredesetoiles.net\/ecocamp\/wp-json\/wp\/v2\/pages\/975"}],"collection":[{"href":"https:\/\/www.terredesetoiles.net\/ecocamp\/wp-json\/wp\/v2\/pages"}],"about":[{"href":"https:\/\/www.terredesetoiles.net\/ecocamp\/wp-json\/wp\/v2\/types\/page"}],"author":[{"embeddable":true,"href":"https:\/\/www.terredesetoiles.net\/ecocamp\/wp-json\/wp\/v2\/users\/1"}],"replies":[{"embeddable":true,"href":"https:\/\/www.terredesetoiles.net\/ecocamp\/wp-json\/wp\/v2\/comments?post=975"}],"version-history":[{"count":0,"href":"https:\/\/www.terredesetoiles.net\/ecocamp\/wp-json\/wp\/v2\/pages\/975\/revisions"}],"wp:featuredmedia":[{"embeddable":true,"href":"https:\/\/www.terredesetoiles.net\/ecocamp\/wp-json\/wp\/v2\/media\/655"}],"wp:attachment":[{"href":"https:\/\/www.terredesetoiles.net\/ecocamp\/wp-json\/wp\/v2\/media?parent=975"}],"wp:term":[{"taxonomy":"language","embeddable":true,"href":"https:\/\/www.terredesetoiles.net\/ecocamp\/wp-json\/wp\/v2\/language?post=975"}],"curies":[{"name":"wp","href":"https:\/\/api.w.org\/{rel}","templated":true}]}}