{"id":991,"date":"2019-09-11T17:31:17","date_gmt":"2019-09-11T15:31:17","guid":{"rendered":"http:\/\/www.terredesetoiles.net\/?page_id=991"},"modified":"2020-03-17T19:49:19","modified_gmt":"2020-03-17T18:49:19","slug":"balade-a-cheval","status":"publish","type":"page","link":"https:\/\/www.terredesetoiles.net\/ecocamp\/balade-a-cheval\/","title":{"rendered":"Balade \u00e0 Cheval"},"content":{"rendered":"<p>D\u00e9couvrez les paysages saisissants du d\u00e9sert de Marrakech \u00e0 travers le charme d&rsquo;une randonn\u00e9e \u00e0 cheval. Sensations uniques de libert\u00e9 garanties !<\/p>\n<p>En fin de journ\u00e9e, \u00e0 la faveur du soleil tombant et de sa lumi\u00e8re particuli\u00e8re, vous partirez \u00e0 cheval parcourir les pistes arides du d\u00e9sert d&rsquo;Agafay. Le camp poss\u00e8de d\u00e9sormais sa propre \u00e9curie dont l&rsquo;\u00e9cuyer sera votre guide exp\u00e9riment\u00e9, il adaptera cette balade \u00e0 votre niveau \u00e9questre. Cette exp\u00e9rience unique vous propulsera le temps de quelques heures dans l&rsquo;illusion des fantasias et autres fables \u00e9questres d&rsquo;Orient&#8230;<\/p>\n<p>L&rsquo;excursion \u00e0 cheval dure environ 1h avec moniteur, niveau d\u00e9butant ; 2h pour les cavaliers confirm\u00e9s. Journ\u00e9e enti\u00e8re pour les cavaliers exp\u00e9riment\u00e9s.<br \/>\nToutes nos activit\u00e9s sont r\u00e9serv\u00e9es aux r\u00e9sidents du camp (clients du restaurant ou logeant en lodge)<\/p>\n<div data-carousel-extra='{\"blog_id\":1,\"permalink\":\"https:\\\/\\\/www.terredesetoiles.net\\\/ecocamp\\\/balade-a-cheval\\\/\",\"likes_blog_id\":false}' id='gallery-1' class='gallery galleryid-991 gallery-columns-6 gallery-size-thumbnail'><figure class='gallery-item'>\n\t\t\t<div class='gallery-icon landscape'>\n\t\t\t\t<a href='https:\/\/www.terredesetoiles.net\/ecocamp\/balade-a-cheval\/balade-a-cheval-ecotourisme-maroc-3\/'><img width=\"300\" height=\"300\" src=\"https:\/\/www.terredesetoiles.net\/ecocamp\/wp-content\/uploads\/2019\/09\/balade-a-cheval-ecotourisme-maroc-3-300x300.png\" class=\"attachment-thumbnail size-thumbnail\" alt=\"Balade \u00e0 Cheval Ecotourisme Maroc\" decoding=\"async\" loading=\"lazy\" data-attachment-id=\"994\" data-orig-file=\"https:\/\/www.terredesetoiles.net\/ecocamp\/wp-content\/uploads\/2019\/09\/balade-a-cheval-ecotourisme-maroc-3.png\" data-orig-size=\"990,660\" data-comments-opened=\"0\" data-image-meta=\"{&quot;aperture&quot;:&quot;0&quot;,&quot;credit&quot;:&quot;&quot;,&quot;camera&quot;:&quot;&quot;,&quot;caption&quot;:&quot;&quot;,&quot;created_timestamp&quot;:&quot;0&quot;,&quot;copyright&quot;:&quot;&quot;,&quot;focal_length&quot;:&quot;0&quot;,&quot;iso&quot;:&quot;0&quot;,&quot;shutter_speed&quot;:&quot;0&quot;,&quot;title&quot;:&quot;&quot;,&quot;orientation&quot;:&quot;0&quot;,&quot;keywords&quot;:&quot;Array&quot;}\" data-image-title=\"Balade \u00e0 Cheval Ecotourisme Maroc\" data-image-description=\"\" data-medium-file=\"https:\/\/www.terredesetoiles.net\/ecocamp\/wp-content\/uploads\/2019\/09\/balade-a-cheval-ecotourisme-maroc-3-450x300.png\" data-large-file=\"https:\/\/www.terredesetoiles.net\/ecocamp\/wp-content\/uploads\/2019\/09\/balade-a-cheval-ecotourisme-maroc-3.png\" \/><\/a>\n\t\t\t<\/div><\/figure><figure class='gallery-item'>\n\t\t\t<div class='gallery-icon landscape'>\n\t\t\t\t<a href='https:\/\/www.terredesetoiles.net\/ecocamp\/balade-a-cheval\/balade-a-cheval-ecotourisme-maroc-6\/'><img width=\"300\" height=\"300\" src=\"https:\/\/www.terredesetoiles.net\/ecocamp\/wp-content\/uploads\/2019\/09\/balade-a-cheval-ecotourisme-maroc-6-300x300.jpg\" class=\"attachment-thumbnail size-thumbnail\" alt=\"Balade \u00e0 Cheval Ecotourisme Maroc\" decoding=\"async\" loading=\"lazy\" data-attachment-id=\"997\" data-orig-file=\"https:\/\/www.terredesetoiles.net\/ecocamp\/wp-content\/uploads\/2019\/09\/balade-a-cheval-ecotourisme-maroc-6.jpg\" data-orig-size=\"800,600\" data-comments-opened=\"0\" data-image-meta=\"{&quot;aperture&quot;:&quot;0&quot;,&quot;credit&quot;:&quot;&quot;,&quot;camera&quot;:&quot;&quot;,&quot;caption&quot;:&quot;&quot;,&quot;created_timestamp&quot;:&quot;0&quot;,&quot;copyright&quot;:&quot;&quot;,&quot;focal_length&quot;:&quot;0&quot;,&quot;iso&quot;:&quot;0&quot;,&quot;shutter_speed&quot;:&quot;0&quot;,&quot;title&quot;:&quot;&quot;,&quot;orientation&quot;:&quot;0&quot;,&quot;keywords&quot;:&quot;Array&quot;}\" data-image-title=\"Balade \u00e0 Cheval Ecotourisme Maroc\" data-image-description=\"\" data-medium-file=\"https:\/\/www.terredesetoiles.net\/ecocamp\/wp-content\/uploads\/2019\/09\/balade-a-cheval-ecotourisme-maroc-6-450x338.jpg\" data-large-file=\"https:\/\/www.terredesetoiles.net\/ecocamp\/wp-content\/uploads\/2019\/09\/balade-a-cheval-ecotourisme-maroc-6.jpg\" \/><\/a>\n\t\t\t<\/div><\/figure><figure class='gallery-item'>\n\t\t\t<div class='gallery-icon landscape'>\n\t\t\t\t<a href='https:\/\/www.terredesetoiles.net\/ecocamp\/balade-a-cheval\/balade-a-cheval-ecotourisme-maroc-2\/'><img width=\"300\" height=\"300\" src=\"https:\/\/www.terredesetoiles.net\/ecocamp\/wp-content\/uploads\/2019\/09\/balade-a-cheval-ecotourisme-maroc-2-300x300.jpg\" class=\"attachment-thumbnail size-thumbnail\" alt=\"Balade \u00e0 Cheval Ecotourisme Maroc\" decoding=\"async\" loading=\"lazy\" srcset=\"https:\/\/www.terredesetoiles.net\/ecocamp\/wp-content\/uploads\/2019\/09\/balade-a-cheval-ecotourisme-maroc-2-300x300.jpg 300w, https:\/\/www.terredesetoiles.net\/ecocamp\/wp-content\/uploads\/2019\/09\/balade-a-cheval-ecotourisme-maroc-2-450x450.jpg 450w, https:\/\/www.terredesetoiles.net\/ecocamp\/wp-content\/uploads\/2019\/09\/balade-a-cheval-ecotourisme-maroc-2-768x768.jpg 768w, https:\/\/www.terredesetoiles.net\/ecocamp\/wp-content\/uploads\/2019\/09\/balade-a-cheval-ecotourisme-maroc-2-1024x1024.jpg 1024w, https:\/\/www.terredesetoiles.net\/ecocamp\/wp-content\/uploads\/2019\/09\/balade-a-cheval-ecotourisme-maroc-2.jpg 1280w\" sizes=\"(max-width: 300px) 100vw, 300px\" data-attachment-id=\"993\" data-orig-file=\"https:\/\/www.terredesetoiles.net\/ecocamp\/wp-content\/uploads\/2019\/09\/balade-a-cheval-ecotourisme-maroc-2.jpg\" data-orig-size=\"1280,1280\" data-comments-opened=\"0\" data-image-meta=\"{&quot;aperture&quot;:&quot;0&quot;,&quot;credit&quot;:&quot;&quot;,&quot;camera&quot;:&quot;&quot;,&quot;caption&quot;:&quot;&quot;,&quot;created_timestamp&quot;:&quot;0&quot;,&quot;copyright&quot;:&quot;&quot;,&quot;focal_length&quot;:&quot;0&quot;,&quot;iso&quot;:&quot;0&quot;,&quot;shutter_speed&quot;:&quot;0&quot;,&quot;title&quot;:&quot;&quot;,&quot;orientation&quot;:&quot;0&quot;,&quot;keywords&quot;:&quot;Array&quot;}\" data-image-title=\"Balade \u00e0 Cheval Ecotourisme Maroc\" data-image-description=\"\" data-medium-file=\"https:\/\/www.terredesetoiles.net\/ecocamp\/wp-content\/uploads\/2019\/09\/balade-a-cheval-ecotourisme-maroc-2-450x450.jpg\" data-large-file=\"https:\/\/www.terredesetoiles.net\/ecocamp\/wp-content\/uploads\/2019\/09\/balade-a-cheval-ecotourisme-maroc-2-1024x1024.jpg\" \/><\/a>\n\t\t\t<\/div><\/figure><figure class='gallery-item'>\n\t\t\t<div class='gallery-icon portrait'>\n\t\t\t\t<a href='https:\/\/www.terredesetoiles.net\/ecocamp\/balade-a-cheval\/balade-a-cheval-ecotourisme-maroc-5\/'><img width=\"300\" height=\"300\" src=\"https:\/\/www.terredesetoiles.net\/ecocamp\/wp-content\/uploads\/2019\/09\/balade-a-cheval-ecotourisme-maroc-5-300x300.jpg\" class=\"attachment-thumbnail size-thumbnail\" alt=\"Balade \u00e0 Cheval Ecotourisme Maroc\" decoding=\"async\" loading=\"lazy\" data-attachment-id=\"996\" data-orig-file=\"https:\/\/www.terredesetoiles.net\/ecocamp\/wp-content\/uploads\/2019\/09\/balade-a-cheval-ecotourisme-maroc-5.jpg\" data-orig-size=\"888,1333\" data-comments-opened=\"0\" data-image-meta=\"{&quot;aperture&quot;:&quot;0&quot;,&quot;credit&quot;:&quot;&quot;,&quot;camera&quot;:&quot;&quot;,&quot;caption&quot;:&quot;&quot;,&quot;created_timestamp&quot;:&quot;0&quot;,&quot;copyright&quot;:&quot;&quot;,&quot;focal_length&quot;:&quot;0&quot;,&quot;iso&quot;:&quot;0&quot;,&quot;shutter_speed&quot;:&quot;0&quot;,&quot;title&quot;:&quot;&quot;,&quot;orientation&quot;:&quot;0&quot;,&quot;keywords&quot;:&quot;Array&quot;}\" data-image-title=\"Balade \u00e0 Cheval Ecotourisme Maroc\" data-image-description=\"\" data-medium-file=\"https:\/\/www.terredesetoiles.net\/ecocamp\/wp-content\/uploads\/2019\/09\/balade-a-cheval-ecotourisme-maroc-5-300x450.jpg\" data-large-file=\"https:\/\/www.terredesetoiles.net\/ecocamp\/wp-content\/uploads\/2019\/09\/balade-a-cheval-ecotourisme-maroc-5-682x1024.jpg\" \/><\/a>\n\t\t\t<\/div><\/figure><figure class='gallery-item'>\n\t\t\t<div class='gallery-icon landscape'>\n\t\t\t\t<a href='https:\/\/www.terredesetoiles.net\/ecocamp\/balade-a-cheval\/balade-a-cheval-ecotourisme-maroc-4\/'><img width=\"300\" height=\"300\" src=\"https:\/\/www.terredesetoiles.net\/ecocamp\/wp-content\/uploads\/2019\/09\/balade-a-cheval-ecotourisme-maroc-4-300x300.jpg\" class=\"attachment-thumbnail size-thumbnail\" alt=\"Balade \u00e0 Cheval Ecotourisme Maroc\" decoding=\"async\" loading=\"lazy\" data-attachment-id=\"995\" data-orig-file=\"https:\/\/www.terredesetoiles.net\/ecocamp\/wp-content\/uploads\/2019\/09\/balade-a-cheval-ecotourisme-maroc-4.jpg\" data-orig-size=\"1280,853\" data-comments-opened=\"0\" data-image-meta=\"{&quot;aperture&quot;:&quot;0&quot;,&quot;credit&quot;:&quot;&quot;,&quot;camera&quot;:&quot;&quot;,&quot;caption&quot;:&quot;&quot;,&quot;created_timestamp&quot;:&quot;0&quot;,&quot;copyright&quot;:&quot;&quot;,&quot;focal_length&quot;:&quot;0&quot;,&quot;iso&quot;:&quot;0&quot;,&quot;shutter_speed&quot;:&quot;0&quot;,&quot;title&quot;:&quot;&quot;,&quot;orientation&quot;:&quot;0&quot;,&quot;keywords&quot;:&quot;Array&quot;}\" data-image-title=\"Balade \u00e0 Cheval Ecotourisme Maroc\" data-image-description=\"\" data-medium-file=\"https:\/\/www.terredesetoiles.net\/ecocamp\/wp-content\/uploads\/2019\/09\/balade-a-cheval-ecotourisme-maroc-4-450x300.jpg\" data-large-file=\"https:\/\/www.terredesetoiles.net\/ecocamp\/wp-content\/uploads\/2019\/09\/balade-a-cheval-ecotourisme-maroc-4-1024x682.jpg\" \/><\/a>\n\t\t\t<\/div><\/figure><figure class='gallery-item'>\n\t\t\t<div class='gallery-icon landscape'>\n\t\t\t\t<a href='https:\/\/www.terredesetoiles.net\/ecocamp\/balade-a-cheval\/balade-a-cheval-ecotourisme-maroc-1\/'><img width=\"300\" height=\"300\" src=\"https:\/\/www.terredesetoiles.net\/ecocamp\/wp-content\/uploads\/2019\/09\/balade-a-cheval-ecotourisme-maroc-1-300x300.jpg\" class=\"attachment-thumbnail size-thumbnail\" alt=\"Balade \u00e0 Cheval Ecotourisme Maroc\" decoding=\"async\" loading=\"lazy\" data-attachment-id=\"992\" data-orig-file=\"https:\/\/www.terredesetoiles.net\/ecocamp\/wp-content\/uploads\/2019\/09\/balade-a-cheval-ecotourisme-maroc-1.jpg\" data-orig-size=\"1280,960\" data-comments-opened=\"0\" data-image-meta=\"{&quot;aperture&quot;:&quot;0&quot;,&quot;credit&quot;:&quot;&quot;,&quot;camera&quot;:&quot;&quot;,&quot;caption&quot;:&quot;&quot;,&quot;created_timestamp&quot;:&quot;0&quot;,&quot;copyright&quot;:&quot;&quot;,&quot;focal_length&quot;:&quot;0&quot;,&quot;iso&quot;:&quot;0&quot;,&quot;shutter_speed&quot;:&quot;0&quot;,&quot;title&quot;:&quot;&quot;,&quot;orientation&quot;:&quot;0&quot;,&quot;keywords&quot;:&quot;Array&quot;}\" data-image-title=\"Balade \u00e0 Cheval Ecotourisme Maroc\" data-image-description=\"\" data-medium-file=\"https:\/\/www.terredesetoiles.net\/ecocamp\/wp-content\/uploads\/2019\/09\/balade-a-cheval-ecotourisme-maroc-1-450x338.jpg\" data-large-file=\"https:\/\/www.terredesetoiles.net\/ecocamp\/wp-content\/uploads\/2019\/09\/balade-a-cheval-ecotourisme-maroc-1-1024x768.jpg\" \/><\/a>\n\t\t\t<\/div><\/figure>\n\t\t<\/div>\n\n<blockquote class=\"trans\">\n<h6><i class=\"fa fa-cab\">\u00a0<\/i>TRANSFERTS<\/h6>\n<p>Contactez-nous pour r\u00e9server votre transfert au camp Aller\/Retour depuis Marrakech (V\u00e9hicule 4 places 750 Dh A\/R)<\/p><\/blockquote>\n","protected":false},"excerpt":{"rendered":"<p>D\u00e9couvrez les paysages saisissants du d\u00e9sert de Marrakech \u00e0 travers le charme d&rsquo;une randonn\u00e9e \u00e0 cheval. Sensations uniques de libert\u00e9 [&hellip;]<\/p>\n","protected":false},"author":1,"featured_media":995,"parent":0,"menu_order":0,"comment_status":"closed","ping_status":"closed","template":"page-templates\/package.php","meta":[],"language":[7],"acf":[],"_links":{"self":[{"href":"https:\/\/www.terredesetoiles.net\/ecocamp\/wp-json\/wp\/v2\/pages\/991"}],"collection":[{"href":"https:\/\/www.terredesetoiles.net\/ecocamp\/wp-json\/wp\/v2\/pages"}],"about":[{"href":"https:\/\/www.terredesetoiles.net\/ecocamp\/wp-json\/wp\/v2\/types\/page"}],"author":[{"embeddable":true,"href":"https:\/\/www.terredesetoiles.net\/ecocamp\/wp-json\/wp\/v2\/users\/1"}],"replies":[{"embeddable":true,"href":"https:\/\/www.terredesetoiles.net\/ecocamp\/wp-json\/wp\/v2\/comments?post=991"}],"version-history":[{"count":0,"href":"https:\/\/www.terredesetoiles.net\/ecocamp\/wp-json\/wp\/v2\/pages\/991\/revisions"}],"wp:featuredmedia":[{"embeddable":true,"href":"https:\/\/www.terredesetoiles.net\/ecocamp\/wp-json\/wp\/v2\/media\/995"}],"wp:attachment":[{"href":"https:\/\/www.terredesetoiles.net\/ecocamp\/wp-json\/wp\/v2\/media?parent=991"}],"wp:term":[{"taxonomy":"language","embeddable":true,"href":"https:\/\/www.terredesetoiles.net\/ecocamp\/wp-json\/wp\/v2\/language?post=991"}],"curies":[{"name":"wp","href":"https:\/\/api.w.org\/{rel}","templated":true}]}}